{"id":83,"date":"2021-01-26T10:06:06","date_gmt":"2021-01-26T10:06:06","guid":{"rendered":"https:\/\/tilda.test\/?page_id=83"},"modified":"2022-04-29T09:02:04","modified_gmt":"2022-04-29T09:02:04","slug":"hem","status":"publish","type":"page","link":"https:\/\/www.tilda.com\/sv-se\/","title":{"rendered":"Hem"},"content":{"rendered":"<section class=\"content-section content-section--no-pad\">\n\t<div class=\"slider slider--flex slider--hero\">\n\t\t<ul data-behaviour=\"single-slider\" data-show_nav=\"true\" data-nav-id=\"hero-nav-576669\">\n\n\t\t\t\n\t\t\t\t\t\t\t\t\t\t\t\t\t\t\t<li class=\"hero hero--413791804  hero--pos-center hero--mobile-pos-center-top  hero--image-overlay\" >\n\t\t\t\t\t\n\t\t\t\t\t\t\t\t\t\t\t\t\t\t\t<style>\n\t.hero--413791804{\n\t\tbackground-image: url(https:\/\/www.tilda.com\/sv-se\/wp-content\/uploads\/sites\/25\/2022\/04\/28155254\/rice-grains_1133456678-min-1024x683-1.jpg);\n\t\tbackground-size: cover;\n\t\tbackground-repeat: no-repeat;\n\n\t\t@media(min-width: 1440px) {\n\t\t\taspect-ratio: var(--aspect-ratio);\n\t\t}\n\t}\n<\/style>\t\t\t\t\t\t\t\t\t\t\t\t\t\t\t\t\t\t\t\t\t\t\t<style>\n\t\t\t\t\t\t\t@media(max-width: 768px) {\n\t\t\t\t\t\t\t\t.hero--413791804{\n\t\t\t\t\t\t\t\t\tbackground-image: url(https:\/\/www.tilda.com\/sv-se\/wp-content\/uploads\/sites\/25\/2022\/04\/29090125\/RiceIsNotJustRice_TildaBanner_Mobile_O1.jpg);\n\t\t\t\t\t\t\t\t\taspect-ratio: unset;\n\t\t\t\t\t\t\t\t}\n\t\t\t\t\t\t\t}\n\t\t\t\t\t\t<\/style>\n\t\t\t\t\t\n\t\t\t\t\t\t\t\t\t\t\t<div class=\"hero__container u-color-white\" data-behaviour=\"after-slider\">\n\n\t\t\t\t\t\t\t\t\t\t\t\t\t\t\t<h1 class=\"u-h2 hero__title\">Din familjefavorit Pure Basmati Rice<\/h1>\n\t\t\t\t\t\t\t\n\t\t\t\t\t\t\t\n\t\t\t\t\t\t\t\t\t\t\t\t\t\t\t<a class=\"button\" href=\"\/sv-se\/produkter\/pure-basmati-rice\/\">\n\t\t\t\t\t\t\t\t\tBasmati Ris\n\t\t\t\t\t\t\t\t\t\t\t\t\t\t\t\t\t<\/a>\n\t\t\t\t\t\t\t\t\t\t\t\t\t<\/div>\n\t\t\t\t\t\t\t\t\t<\/li>\n\t\t\t\t\t<\/ul>\n    <div class=\"hero-nav tns-nav\">\n      <nav id=\"hero-nav-576669\" class=\"hero-nav__wrapper\" aria-label=\"Carousel navigation\">\n                        <button class=\"hero-nav__button\" type=\"button\"><\/button>\n                <\/nav>\n\t  <\/div>\n    <div id=\"hero-nav-576669-status\" aria-live=\"polite\" aria-atomic=\"true\" class=\"u-visually-hidden\"><\/div>\n\t<\/div>\n<\/section>\n\n\n<section class=\"content-section content-section--blue\">\n\t<div class=\"container\">\n\t\t<h2 class=\"u-text-center title title__rice title__rice--left-2 title__rice--right-3\"><span>Nya<\/span> <span>recept<\/span><\/h2>\n\t\t<div class=\"featured-block featured-block--3 u-padded\">\n\t\t\t\t\t\t\t\t\t\t\t\t\t\t\t\n<a class=\"box box--big\" href=\"https:\/\/www.tilda.com\/sv-se\/recept\/paneer-jalfrezi\/\" aria-labelledby=\"card-subtitle-3901 card-title-3901 card-excerpt-3901\">\n    <div class=\"box__image\">\n\t\t                    \t<img decoding=\"async\" loading=\"lazy\" width=\"450\" height=\"400\" src=\"https:\/\/www.tilda.com\/sv-se\/wp-content\/uploads\/sites\/25\/2021\/04\/IMG_9350-e1587730654775.jpg\"  alt=\"\"\/>\n\t\t\t\t        <div class=\"box__overlay \"><span class=\"box__view\">\n                            Visa recept\n                    <\/span><\/div>\n    <\/div>\n    <div class=\"box__content\">\n                <p class=\"box__title h5\" id=\"card-title-3901\">Paneer jalfrezi<\/p>\n                            <p class=\"box__excerpt\" id=\"card-excerpt-3901\">Vill du \u00e5terskapa en klassisk indisk r\u00e4tt hemma och samtidigt \u00e4ta nyttigt? D\u00e5 \u00e4r det h\u00e4r ett perfekt recept f\u00f6r dig.<\/p>\n                    <\/div>\n<\/a>\t\t\t\t\t\t\t\t\t\t\t\t\t\t\t\t\t\t\t\t\t\n<a class=\"box box--image-left box--big\" href=\"https:\/\/www.tilda.com\/sv-se\/recept\/peri-peri-kyckling\/\" aria-labelledby=\"card-subtitle-3892 card-title-3892 card-excerpt-3892\">\n    <div class=\"box__image\">\n\t\t                    \t<img decoding=\"async\" loading=\"lazy\" width=\"450\" height=\"400\" src=\"https:\/\/www.tilda.com\/sv-se\/wp-content\/uploads\/sites\/25\/2021\/04\/piripiri-chicken-e1490025457163.jpg\"  alt=\"\"\/>\n\t\t\t\t        <div class=\"box__overlay \"><span class=\"box__view\">\n                            Visa recept\n                    <\/span><\/div>\n    <\/div>\n    <div class=\"box__content\">\n                <p class=\"box__title h5\" id=\"card-title-3892\">Peri Peri-kyckling<\/p>\n                            <p class=\"box__excerpt\" id=\"card-excerpt-3892\">Snabb och enkel kryddstark kyckling med paprika, l\u00f6k och r\u00f6d chili.<\/p>\n                    <\/div>\n<\/a>\t\t\t\t\t\t\t\t\t\t\t\t\t\t\t\t\t\t\t\t\t\n<a class=\"box box--image-left box--big\" href=\"https:\/\/www.tilda.com\/sv-se\/recept\/basmati-pilaff-kalkon-pistaschnotter-tranbar-persilja-timjan\/\" aria-labelledby=\"card-subtitle-3882 card-title-3882 card-excerpt-3882\">\n    <div class=\"box__image\">\n\t\t                    \t<img decoding=\"async\" loading=\"lazy\" width=\"450\" height=\"400\" src=\"https:\/\/www.tilda.com\/sv-se\/wp-content\/uploads\/sites\/25\/2021\/04\/Recipe-shots-Basmati-Pilaf-with-Turkey-1500x844px-1.png\"  alt=\"\"\/>\n\t\t\t\t        <div class=\"box__overlay \"><span class=\"box__view\">\n                            Visa recept\n                    <\/span><\/div>\n    <\/div>\n    <div class=\"box__content\">\n                <p class=\"box__title h5\" id=\"card-title-3882\">Pilaffris med kalkon, pistagen\u00f6tter, tranb\u00e4r, persilja och timjan<\/p>\n                            <p class=\"box__excerpt\" id=\"card-excerpt-3882\">Full med festliga smaker fr\u00e5n saftiga kalkonbr\u00f6st, syrliga tranb\u00e4r och f\u00e4rgstarka pistaschn\u00f6tter.<\/p>\n                    <\/div>\n<\/a>\t\t\t\t\t\t\t\t\t\t\t\t\t\t<\/div>\n\t\t<div class=\"u-text-center\">\n\t\t\t<a href=\"\/sv-se\/recept\/\" class=\"button\">Fler recept<\/a>\n\t\t<\/div>\n\t<\/div>\n<\/section>\n\n\n\t<section class=\"c-instagram instagram instagram--feeds content-section\">\n\t\t<div class=\"container\">\n\t\t\t<div class=\"instagram__body\">\n\t\t\t\t\t\t\t\t\t<div class=\"instagram__block\">\n\t\t\t\t\t\t<div class=\"instagram__logo\">\n\t\t\t\t\t\t\t<img decoding=\"async\" src=\"https:\/\/www.tilda.com\/wp-content\/themes\/tilda\/public\/dist\/assets\/images\/instagram.png\" alt=\"\">\n\t\t\t\t\t\t<\/div>\n\t\t\t\t\t\t<h3 class=\"instagram__title title title__rice title__rice--right-3\">\n\t\t\t\t\t\t\t<span class=\"title--outline\">Tilda<\/span> <span class=\"title--outline\">p\u00e5<\/span> <span>Instagram<\/span>\n\t\t\t\t\t\t<\/h3>\n\t\t\t\t\t<\/div>\n\t\t\t\n\t\t\t<ul class=\"instagram__list\">\n\t\t\t\t\t\t\t<\/ul>\n\t\t\t<\/div>\n\t\t\t\t\t\t\t<div class=\"instagram__footer\">\n\t\t\t\t\t<a href=\"https:\/\/www.instagram.com\/tildarice_sweden\" class=\"button\" target=\"_blank\">\n\t\t\t\t\t\tF\u00f6lj @Tildarice\n\t\t\t\t\t<\/a>\n\t\t\t\t<\/div>\n\t\t\t\t\t<\/div>\n\t<\/section>\n\n\n<section class=\"content-section content-section--pink\">\n\t<div class=\"container u-text-center\">\n\t\t\t\t\t<h2 class=\"content-section__title title title__rice title__rice--left-3 title__rice--right-2\">\n\t\t\t\t<span>Tildas<\/span> <span>produkter<\/span>\n\t\t\t<\/h2>\n\t\t\t\t\t\t\t<p class=\"content-section__subtitle\">Vi har ett brett utbud av produkter att v\u00e4lja mellan som finns tillg\u00e4ngliga i hela landet. Ta en titt p\u00e5 vad vi har att erbjuda och njut av livets alla smaker.<\/p>\n\t\t\n\t\t<div class=\"content-item-wrapper content-item-wrapper--two-items u-padded\">\n\t\t\t\t\t\t\t<div class=\"content-item content-item--padding u-radius content-item--bg-image content-item--6481\">\n\t\t\t\t\t\t\t\t\t\t\t<style>\n\t.content-item--6481{\n\t\tbackground-image: url(https:\/\/www.tilda.com\/sv-se\/wp-content\/uploads\/sites\/25\/2021\/06\/Group-1780.png);\n\t\tbackground-size: cover;\n\t\tbackground-repeat: no-repeat;\n\n\t\t@media(min-width: 1440px) {\n\t\t\taspect-ratio: var(--aspect-ratio);\n\t\t}\n\t}\n<\/style>\t\t\t\t\t\t\t\t\t\t<div class=\"content-item__content\">\n\t\t\t\t\t\t\t\t\t\t\t\t\t<h3 class=\"content-item__title title\"><span>Torrt<\/span> <span>ris<\/span><\/h3>\n\t\t\t\t\t\t\t\t\t\t\t\t\t\t\t\t\t\t\t<p class=\"content-item__description\">Ta dina middagar till n\u00e4sta niv\u00e5 genom att alltid anv\u00e4nda riskorn av h\u00f6g kvalitet.<\/p>\n\t\t\t\t\t\t\t\t\t\t\t\t\t\t\t\t\t\t\t<a href=\"https:\/\/www.tilda.com\/sv-se\/produkter\/sortiment\/torrt-ris\/\" class=\"button\" target=\"_self\">Torrt ris<\/a>\n\t\t\t\t\t\t\t\t\t\t\t<\/div>\n\t\t\t\t<\/div>\n\t\t\t\t\t\t\t<div class=\"content-item content-item--padding u-radius content-item--bg-image content-item--6480\">\n\t\t\t\t\t\t\t\t\t\t\t<style>\n\t.content-item--6480{\n\t\tbackground-image: url(https:\/\/www.tilda.com\/sv-se\/wp-content\/uploads\/sites\/25\/2021\/06\/Group-1782.png);\n\t\tbackground-size: cover;\n\t\tbackground-repeat: no-repeat;\n\n\t\t@media(min-width: 1440px) {\n\t\t\taspect-ratio: var(--aspect-ratio);\n\t\t}\n\t}\n<\/style>\t\t\t\t\t\t\t\t\t\t<div class=\"content-item__content\">\n\t\t\t\t\t\t\t\t\t\t\t\t\t<h3 class=\"content-item__title title\"><span>Pure<\/span> <span>Basmati<\/span> <span>ris<\/span><\/h3>\n\t\t\t\t\t\t\t\t\t\t\t\t\t\t\t\t\t\t\t<p class=\"content-item__description\">Njut av v\u00e5rt Basmatiris, doftande och fluffigt.<\/p>\n\t\t\t\t\t\t\t\t\t\t\t\t\t\t\t\t\t\t\t<a href=\"https:\/\/www.tilda.com\/sv-se\/produkter\/pure-basmati-rice\/\" class=\"button\" target=\"_self\">Torrt ris<\/a>\n\t\t\t\t\t\t\t\t\t\t\t<\/div>\n\t\t\t\t<\/div>\n\t\t\t\t\t<\/div>\n\n\t\t\t\t\t<a href=\"\/sv-se\/produkter\/\" class=\"button\" target=\"_self\">Tildas produkter<\/a>\n\t\t\t<\/div>\n<\/section>\n\n\n<section class=\"content-section content-section--\">\n\t<div class=\"container\">\n\t\t<h2 class=\"u-text-center title title__rice title__rice--left-2 title__rice--right-3\"><span>Fr\u00e5n<\/span> <span>bloggen<\/span><\/h2>\n\t\t<div class=\"featured-block featured-block--4 u-padded\">\n\t\t\t\t\t\t\t\t\t\t\t\t\t\t\t    \n<a class=\"box box--big\" href=\"https:\/\/www.tilda.com\/sv-se\/blogg\/ingrediensguide\/en-guide-till-muskotnot\/\" aria-labelledby=\"card-subtitle-10269 card-title-10269 card-excerpt-10269\">\n    <div class=\"box__image\">\n\t\t                    \t<img decoding=\"async\" loading=\"lazy\" width=\"450\" height=\"400\" src=\"https:\/\/www.tilda.com\/sv-se\/wp-content\/uploads\/sites\/25\/2022\/01\/Nutmeg@2440x1200px.jpg\"  alt=\"\"\/>\n\t\t\t\t                                                <div class=\"box__tag category-marker \">\n                                Ingrediensguide\n            <\/div>\n                <div class=\"box__overlay \"><span class=\"box__view\">\n                            L\u00e4s artikel\n                    <\/span><\/div>\n    <\/div>\n    <div class=\"box__content\">\n                    <p class=\"box__subtitle h6\" id=\"card-subtitle-10269\">21 January 2022<\/p>\n                <p class=\"box__title h5\" id=\"card-title-10269\">En Guide till Muskotnot<\/p>\n                            <p class=\"box__excerpt\" id=\"card-excerpt-10269\">Uppt\u00e4ck de m\u00e5nga talangerna hos detta ovanliga tropiska fr\u00f6 som f\u00f6rvandlar en tallrik i ett nafs.\n<\/p>\n                    <\/div>\n<\/a>\t\t\t\t\t\t\t\t\t\t\t\t\t\t\t\t\t\t\t\t\t    \n<a class=\"box box--image-right box--big\" href=\"https:\/\/www.tilda.com\/sv-se\/blogg\/halsokost\/steg-for-att-forhindra-typ-2-diabetes\/\" aria-labelledby=\"card-subtitle-4056 card-title-4056 card-excerpt-4056\">\n    <div class=\"box__image\">\n\t\t                    \t<img decoding=\"async\" loading=\"lazy\" width=\"450\" height=\"400\" src=\"https:\/\/www.tilda.com\/sv-se\/wp-content\/uploads\/sites\/25\/2021\/04\/ezgif.com-gif-maker-4.jpg\"  alt=\"\"\/>\n\t\t\t\t                                                <div class=\"box__tag category-marker \">\n                                H\u00e4lsokost\n            <\/div>\n                <div class=\"box__overlay \"><span class=\"box__view\">\n                            L\u00e4s artikel\n                    <\/span><\/div>\n    <\/div>\n    <div class=\"box__content\">\n                    <p class=\"box__subtitle h6\" id=\"card-subtitle-4056\">12 April 2022<\/p>\n                <p class=\"box__title h5\" id=\"card-title-4056\">Steg f\u00f6r att f\u00f6rhindra typ 2-diabetes<\/p>\n                            <p class=\"box__excerpt\" id=\"card-excerpt-4056\">Ungef\u00e4r 90 % av Sveriges diabetiker lider av typ 2-diabetes.<\/p>\n                    <\/div>\n<\/a>\t\t\t\t\t\t\t\t\t\t\t\t\t\t\t\t\t\t\t\t\t    \n<a class=\"box box--image-right box--big\" href=\"https:\/\/www.tilda.com\/sv-se\/blogg\/ingrediensguide\/en-guide-till-kryddnejlika\/\" aria-labelledby=\"card-subtitle-10251 card-title-10251 card-excerpt-10251\">\n    <div class=\"box__image\">\n\t\t                    \t<img decoding=\"async\" loading=\"lazy\" width=\"450\" height=\"400\" src=\"https:\/\/www.tilda.com\/sv-se\/wp-content\/uploads\/sites\/25\/2022\/01\/Cloves@2440x1200px.jpg\"  alt=\"\"\/>\n\t\t\t\t                                                <div class=\"box__tag category-marker \">\n                                Ingrediensguide\n            <\/div>\n                <div class=\"box__overlay \"><span class=\"box__view\">\n                            L\u00e4s artikel\n                    <\/span><\/div>\n    <\/div>\n    <div class=\"box__content\">\n                    <p class=\"box__subtitle h6\" id=\"card-subtitle-10251\">21 January 2022<\/p>\n                <p class=\"box__title h5\" id=\"card-title-10251\">En guide till Kryddnejlika<\/p>\n                            <p class=\"box__excerpt\" id=\"card-excerpt-10251\">Bli smart med kryddnejlika och uppt\u00e4ck mer om den lilla kryddan med den fullstora smaken.\n<\/p>\n                    <\/div>\n<\/a>\t\t\t\t\t\t\t\t\t\t\t\t\t\t\t\t\t\t\t\t\t    \n<a class=\"box box--image-right box--big\" href=\"https:\/\/www.tilda.com\/sv-se\/blogg\/utrustningsguide\/en-guide-till-woks\/\" aria-labelledby=\"card-subtitle-10284 card-title-10284 card-excerpt-10284\">\n    <div class=\"box__image\">\n\t\t                    \t<img decoding=\"async\" loading=\"lazy\" width=\"450\" height=\"400\" src=\"https:\/\/www.tilda.com\/sv-se\/wp-content\/uploads\/sites\/25\/2022\/01\/Wok@2440x1200px.jpg\"  alt=\"\"\/>\n\t\t\t\t                                                <div class=\"box__tag category-marker \">\n                                Utrustningsguide\n            <\/div>\n                <div class=\"box__overlay \"><span class=\"box__view\">\n                            L\u00e4s artikel\n                    <\/span><\/div>\n    <\/div>\n    <div class=\"box__content\">\n                    <p class=\"box__subtitle h6\" id=\"card-subtitle-10284\">01 February 2022<\/p>\n                <p class=\"box__title h5\" id=\"card-title-10284\">En guide till Woks<\/p>\n                            <p class=\"box__excerpt\" id=\"card-excerpt-10284\">Allt du n\u00e5gonsin velat veta om denna allsidiga k\u00f6kshj\u00e4lte<\/p>\n                    <\/div>\n<\/a>\t\t\t\t\t\t\t\t\t\t\t\t\t\t<\/div>\n\t\t<div class=\"u-text-center\">\n\t\t\t<a href=\"\/sv-se\/blogg\/\" class=\"button\">Mer fr\u00e5n bloggen<\/a>\n\t\t<\/div>\n\t<\/div>\n<\/section>\n\n\n\n<section class=\"content-section content-section--no-pad content-section--green content-section--fans\" id=\"\">\n                \\\n\n    <div class=\"image-with-cta image-with-cta--flipped image-with-cta--centered-text\">\n        <div class=\"image-with-cta__content\">\n            <div class=\"image-with-cta__container\">\n                                    <h2 class=\"title title__rice title__rice--left-2 title__rice--right-3\">\n                        <span>Om<\/span> <span>oss<\/span>\n                    <\/h2>\n                \n                                    <p>Oavsett om du sv\u00e4nger ihop en snabb curry eller en enkel rissallad kompromissar vi aldrig n\u00e4r det g\u00e4ller renhet, smak, kvalitet eller n\u00e4ring. Hos Tilda \u00e4r du i goda h\u00e4nder. Vi f\u00e5r ofta h\u00f6ra att v\u00e5ra kunder v\u00e4xte upp med Tilda p\u00e5 matbordet, och \u00e4ven om vi \u00e4r v\u00e4rldsk\u00e4nda f\u00f6r v\u00e5rt basmatiris har vi under v\u00e5r 50 \u00e5r l\u00e5nga resa blivit experter p\u00e5 ett bredare utbud av spannm\u00e5l. Vi str\u00e4var alltid efter att hitta det b\u00e4sta m\u00f6jliga s\u00e4ttet att leverera produkter av h\u00f6gsta kvalitet till ditt matbord och f\u00f6r att vara din guide genom en v\u00e4rld av ris och mat.<\/p>\n\n                \n                                    <a href=\"\/sv-se\/om-oss\/\" class=\"button\" target=\"_self\">Om oss<\/a>\n                            <\/div>\n        <\/div>\n\n                                                        \n            <div class=\"image-with-cta__image image-with-cta__image-1314\">\n                <style>\n\t.image-with-cta__image-1314{\n\t\tbackground-image: url(https:\/\/www.tilda.com\/sv-se\/wp-content\/uploads\/sites\/25\/2021\/03\/Z2O9787-Edit-1.jpg);\n\t\tbackground-size: cover;\n\t\tbackground-repeat: no-repeat;\n\n\t\t@media(min-width: 1440px) {\n\t\t\taspect-ratio: var(--aspect-ratio);\n\t\t}\n\t}\n<\/style>            <\/div>\n            <\/div>\n<\/section>","protected":false},"excerpt":{"rendered":"","protected":false},"author":1,"featured_media":0,"parent":0,"menu_order":0,"comment_status":"closed","ping_status":"closed","template":"","meta":{"_acf_changed":false,"editor_notices":[],"footnotes":""},"class_list":["post-83","page","type-page","status-publish","hentry"],"acf":[],"yoast_head":"<!-- This site is optimized with the Yoast SEO Premium plugin v27.1 (Yoast SEO v27.1.1) - https:\/\/yoast.com\/product\/yoast-seo-premium-wordpress\/ -->\n<title>Tilda Rice Sweden | Hem f\u00f6r uts\u00f6kt ris och spannm\u00e5l<\/title>\n<meta name=\"description\" content=\"Fr\u00e5n v\u00e5rt klassiska Pure Basmati till sp\u00e4nnande begr\u00e4nsade utg\u00e5vor kan du utforska v\u00e5rt smakfulla sortiment och l\u00e5ta dig inspireras av l\u00e4ckra recept fr\u00e5n v\u00e4rldens alla h\u00f6rn.\" \/>\n<meta name=\"robots\" content=\"index, follow, max-snippet:-1, max-image-preview:large, max-video-preview:-1\" \/>\n<link rel=\"canonical\" href=\"https:\/\/www.tilda.com\/sv-se\/\" \/>\n<meta property=\"og:locale\" content=\"sv_SE\" \/>\n<meta property=\"og:type\" content=\"article\" \/>\n<meta property=\"og:title\" content=\"Hem\" \/>\n<meta property=\"og:description\" content=\"Fr\u00e5n v\u00e5rt klassiska Pure Basmati till sp\u00e4nnande begr\u00e4nsade utg\u00e5vor kan du utforska v\u00e5rt smakfulla sortiment och l\u00e5ta dig inspireras av l\u00e4ckra recept fr\u00e5n v\u00e4rldens alla h\u00f6rn.\" \/>\n<meta property=\"og:url\" content=\"https:\/\/www.tilda.com\/sv-se\/\" \/>\n<meta property=\"og:site_name\" content=\"Tilda Rice Sweden\" \/>\n<meta property=\"article:modified_time\" content=\"2022-04-29T09:02:04+00:00\" \/>\n<meta name=\"twitter:card\" content=\"summary_large_image\" \/>\n<script type=\"application\/ld+json\" class=\"yoast-schema-graph\">{\"@context\":\"https:\/\/schema.org\",\"@graph\":[{\"@type\":\"WebPage\",\"@id\":\"https:\/\/www.tilda.com\/sv-se\/\",\"url\":\"https:\/\/www.tilda.com\/sv-se\/\",\"name\":\"Tilda Rice Sweden | Hem f\u00f6r uts\u00f6kt ris och spannm\u00e5l\",\"isPartOf\":{\"@id\":\"https:\/\/www.tilda.com\/sv-se\/#website\"},\"datePublished\":\"2021-01-26T10:06:06+00:00\",\"dateModified\":\"2022-04-29T09:02:04+00:00\",\"description\":\"Fr\u00e5n v\u00e5rt klassiska Pure Basmati till sp\u00e4nnande begr\u00e4nsade utg\u00e5vor kan du utforska v\u00e5rt smakfulla sortiment och l\u00e5ta dig inspireras av l\u00e4ckra recept fr\u00e5n v\u00e4rldens alla h\u00f6rn.\",\"breadcrumb\":{\"@id\":\"https:\/\/www.tilda.com\/sv-se\/#breadcrumb\"},\"inLanguage\":\"sv-SE\",\"potentialAction\":[{\"@type\":\"ReadAction\",\"target\":[\"https:\/\/www.tilda.com\/sv-se\/\"]}]},{\"@type\":\"BreadcrumbList\",\"@id\":\"https:\/\/www.tilda.com\/sv-se\/#breadcrumb\",\"itemListElement\":[{\"@type\":\"ListItem\",\"position\":1,\"name\":\"Hemsida\",\"item\":\"https:\/\/www.tilda.com\/sv-se\/\"},{\"@type\":\"ListItem\",\"position\":2,\"name\":\"Hem\"}]},{\"@type\":\"WebSite\",\"@id\":\"https:\/\/www.tilda.com\/sv-se\/#website\",\"url\":\"https:\/\/www.tilda.com\/sv-se\/\",\"name\":\"Tilda Rice Sweden\",\"description\":\"Allt om Basmati\",\"potentialAction\":[{\"@type\":\"SearchAction\",\"target\":{\"@type\":\"EntryPoint\",\"urlTemplate\":\"https:\/\/www.tilda.com\/sv-se\/?s={search_term_string}\"},\"query-input\":{\"@type\":\"PropertyValueSpecification\",\"valueRequired\":true,\"valueName\":\"search_term_string\"}}],\"inLanguage\":\"sv-SE\"}]}<\/script>\n<!-- \/ Yoast SEO Premium plugin. -->","yoast_head_json":{"title":"Tilda Rice Sweden | Hem f\u00f6r uts\u00f6kt ris och spannm\u00e5l","description":"Fr\u00e5n v\u00e5rt klassiska Pure Basmati till sp\u00e4nnande begr\u00e4nsade utg\u00e5vor kan du utforska v\u00e5rt smakfulla sortiment och l\u00e5ta dig inspireras av l\u00e4ckra recept fr\u00e5n v\u00e4rldens alla h\u00f6rn.","robots":{"index":"index","follow":"follow","max-snippet":"max-snippet:-1","max-image-preview":"max-image-preview:large","max-video-preview":"max-video-preview:-1"},"canonical":"https:\/\/www.tilda.com\/sv-se\/","og_locale":"sv_SE","og_type":"article","og_title":"Hem","og_description":"Fr\u00e5n v\u00e5rt klassiska Pure Basmati till sp\u00e4nnande begr\u00e4nsade utg\u00e5vor kan du utforska v\u00e5rt smakfulla sortiment och l\u00e5ta dig inspireras av l\u00e4ckra recept fr\u00e5n v\u00e4rldens alla h\u00f6rn.","og_url":"https:\/\/www.tilda.com\/sv-se\/","og_site_name":"Tilda Rice Sweden","article_modified_time":"2022-04-29T09:02:04+00:00","twitter_card":"summary_large_image","schema":{"@context":"https:\/\/schema.org","@graph":[{"@type":"WebPage","@id":"https:\/\/www.tilda.com\/sv-se\/","url":"https:\/\/www.tilda.com\/sv-se\/","name":"Tilda Rice Sweden | Hem f\u00f6r uts\u00f6kt ris och spannm\u00e5l","isPartOf":{"@id":"https:\/\/www.tilda.com\/sv-se\/#website"},"datePublished":"2021-01-26T10:06:06+00:00","dateModified":"2022-04-29T09:02:04+00:00","description":"Fr\u00e5n v\u00e5rt klassiska Pure Basmati till sp\u00e4nnande begr\u00e4nsade utg\u00e5vor kan du utforska v\u00e5rt smakfulla sortiment och l\u00e5ta dig inspireras av l\u00e4ckra recept fr\u00e5n v\u00e4rldens alla h\u00f6rn.","breadcrumb":{"@id":"https:\/\/www.tilda.com\/sv-se\/#breadcrumb"},"inLanguage":"sv-SE","potentialAction":[{"@type":"ReadAction","target":["https:\/\/www.tilda.com\/sv-se\/"]}]},{"@type":"BreadcrumbList","@id":"https:\/\/www.tilda.com\/sv-se\/#breadcrumb","itemListElement":[{"@type":"ListItem","position":1,"name":"Hemsida","item":"https:\/\/www.tilda.com\/sv-se\/"},{"@type":"ListItem","position":2,"name":"Hem"}]},{"@type":"WebSite","@id":"https:\/\/www.tilda.com\/sv-se\/#website","url":"https:\/\/www.tilda.com\/sv-se\/","name":"Tilda Rice Sweden","description":"Allt om Basmati","potentialAction":[{"@type":"SearchAction","target":{"@type":"EntryPoint","urlTemplate":"https:\/\/www.tilda.com\/sv-se\/?s={search_term_string}"},"query-input":{"@type":"PropertyValueSpecification","valueRequired":true,"valueName":"search_term_string"}}],"inLanguage":"sv-SE"}]}},"_links":{"self":[{"href":"https:\/\/www.tilda.com\/sv-se\/wp-json\/wp\/v2\/pages\/83","targetHints":{"allow":["GET"]}}],"collection":[{"href":"https:\/\/www.tilda.com\/sv-se\/wp-json\/wp\/v2\/pages"}],"about":[{"href":"https:\/\/www.tilda.com\/sv-se\/wp-json\/wp\/v2\/types\/page"}],"author":[{"embeddable":true,"href":"https:\/\/www.tilda.com\/sv-se\/wp-json\/wp\/v2\/users\/1"}],"replies":[{"embeddable":true,"href":"https:\/\/www.tilda.com\/sv-se\/wp-json\/wp\/v2\/comments?post=83"}],"version-history":[{"count":0,"href":"https:\/\/www.tilda.com\/sv-se\/wp-json\/wp\/v2\/pages\/83\/revisions"}],"wp:attachment":[{"href":"https:\/\/www.tilda.com\/sv-se\/wp-json\/wp\/v2\/media?parent=83"}],"curies":[{"name":"wp","href":"https:\/\/api.w.org\/{rel}","templated":true}]}}