{"id":21,"date":"2021-01-13T09:12:19","date_gmt":"2021-01-13T09:12:19","guid":{"rendered":"https:\/\/tilda.test\/?page_id=21"},"modified":"2022-04-28T13:32:09","modified_gmt":"2022-04-28T13:32:09","slug":"om-oss","status":"publish","type":"page","link":"https:\/\/www.tilda.com\/sv-se\/om-oss\/","title":{"rendered":"Om oss"},"content":{"rendered":"\n<section class=\"content-section content-section--no-pad parallax\">\n                <style>\n\t.parallax__image{\n\t\tbackground-image: url(https:\/\/www.tilda.com\/sv-se\/wp-content\/uploads\/sites\/25\/2021\/03\/Tilda_1.1.2.jpg);\n\t\tbackground-size: cover;\n\t\tbackground-repeat: no-repeat;\n\n\t\t@media(min-width: 1440px) {\n\t\t\taspect-ratio: var(--aspect-ratio);\n\t\t}\n\t}\n<\/style>    <div class=\"parallax__image\"><\/div>\n    <div class=\"parallax__breadcrumb yoast-breadcrumb\">\n        <div class=\"container\">\n            <ol><li><a href=\"https:\/\/www.tilda.com\/sv-se\/\">Hemsida<\/a><\/li><\/ol>\n        <\/div>\n    <\/div>\n    <div class=\"container container--small u-text-center parallax__content1\">\n        \n                    <h1 class=\"u-text-center\"><span class=\"title title__rice title__rice--left-2 title__rice--right-3\"><span>Om<\/span> <span>Tilda<\/span><\/span><\/h1>\n                \n        <p class=\"parallax__big-text\">P\u00e5 Tilda vill vi bem\u00f6ta livet och alla dess smaker med \u00f6ppna armar. Vi ger allt f\u00f6r att skapa det perfekta riset. Vi g\u00f6r ingenting annat och vi producerar inte f\u00f6r n\u00e5gon annan \u2013 f\u00f6r oss handlar allt om ris.<\/p>\n    <\/div>\n    <div class=\"container container--small u-text-center parallax__content2\">\n                <h2 class=\"u-text-center\"><span class=\"title title__rice title__rice--left-2 title__rice--right-3\"><span>Fulla<\/span> <span>av<\/span> <span>nyfikenhet<\/span><\/span><\/h2>\n        <p class=\"parallax__big-text\">Smaken \u00e4r v\u00e5r v\u00e4gledande princip. Den driver oss till att bry oss om vartenda riskorn och f\u00e5r oss att prova nya smaker och l\u00e4ra oss om nya kulturer. Vi \u00e4r \u00e4ven nyfikna och ser positivt p\u00e5 livet. Detta f\u00e5r oss att utforska vilken inverkan vi har p\u00e5 m\u00e4nniskor och p\u00e5 v\u00e5r planet, fr\u00e5n risf\u00e4ltet till din tallrik.<\/p>\n    <\/div>\n<\/section>\n\n\n<section class=\"content-section content-section--no-pad content-section--pink content-section--fans\" id=\"\">\n                \\\n\n    <div class=\"image-with-cta image-with-cta--centered-text\">\n        <div class=\"image-with-cta__content\">\n            <div class=\"image-with-cta__container\">\n                                    <h2 class=\"title title__rice title__rice--left-2 title__rice--right-3\">\n                        <span>V\u00e5r<\/span> <span>historia<\/span>\n                    <\/h2>\n                \n                                    <p>L\u00e4r dig mer om Tildas resa \u00f6ver de senaste 50 \u00e5ren.<\/p>\n\n                \n                                    <a href=\"\/sv-se\/om-oss\/historia\/\" class=\"button\" target=\"_self\">V\u00e5r historia<\/a>\n                            <\/div>\n        <\/div>\n\n                                                        \n            <div class=\"image-with-cta__image image-with-cta__image-1087\">\n                <style>\n\t.image-with-cta__image-1087{\n\t\tbackground-image: url(https:\/\/www.tilda.com\/sv-se\/wp-content\/uploads\/sites\/25\/2021\/03\/MG_6109-Edit.jpg);\n\t\tbackground-size: cover;\n\t\tbackground-repeat: no-repeat;\n\n\t\t@media(min-width: 1440px) {\n\t\t\taspect-ratio: var(--aspect-ratio);\n\t\t}\n\t}\n<\/style>            <\/div>\n            <\/div>\n<\/section>\n\n\n<section class=\"content-section content-section--turquoise\">\n    <div class=\"container container--medium\">\n                    <h2 class=\"content-section__title u-text-center title title__rice title__rice--left-2 title__rice--right-3\"><span>V\u00e5ra<\/span> <span>v\u00e4rderingar<\/span><\/h2>\n                            <p class=\"content-section__subtitle u-text-center\">Vi \u00e4r nyfikna och ser positivt p\u00e5 mat och p\u00e5 livet. Vi \u00e4lskar att inspirera och fascinera andra. Du kommer aldrig att se oss sitta still. Vi gillar att smutsa ner h\u00e4nderna, hugga in med kniv och gaffel samt att anta en aktiv roll i kulturen. Vi tror att vi genom att utforska olika kulturer genom v\u00e5rt delade intresse f\u00f6r mat kan bidra till att skapa ett mer inkluderande och tolerant samh\u00e4lle. Men visst, det \u00e4r fortfarande ris vi pratar om &#8230; vi har inte helt tappat perspektivet.<\/p>\n        \n        <div class=\"slider-blocks-wrapper\">\n                                                                                                                                                                                            \n                    <div class=\"slider-blocks slider-blocks__image-427 slider-blocks__image-overlay\" data-behaviour=\"slider-blocks\">\n                                                    <style>\n\t.slider-blocks__image-427{\n\t\tbackground-image: url(https:\/\/www.tilda.com\/sv-se\/wp-content\/uploads\/sites\/25\/2021\/01\/recipe2.jpg);\n\t\tbackground-size: cover;\n\t\tbackground-repeat: no-repeat;\n\n\t\t@media(min-width: 1440px) {\n\t\t\taspect-ratio: var(--aspect-ratio);\n\t\t}\n\t}\n<\/style>                        \n                        <div class=\"slider-blocks__box\">\n                            <div>\n                                                                    <h3 class=\"slider-blocks__title u-text-uppercase h4\">N\u00e4ring<\/h3>\n                                                                                                    <p class=\"slider-blocks__subtitle u-text-uppercase\">Bara det b\u00e4sta \u00e4r gott nog<\/p>\n                                                                                                    <div class=\"slider-blocks__content\">\n                                        Ris anses vara ett s\u00e5 kallat superspannm\u00e5l. Det \u00e4r glutenfritt, har l\u00e5g fetthalt, inneh\u00e5ller essentiella aminosyror och folsyra, har l\u00e5g natriumhalt och inget kolesterol.<br><br>Ris \u00e4r \u00e4ven ett livsmedel med l\u00e5gt till medelh\u00f6gt GI-v\u00e4rde, vilket betyder att energin frig\u00f6rs l\u00e5ngsammare och j\u00e4mnare. Detta leder till mer balanserade energiniv\u00e5er och att du h\u00e5ller dig m\u00e4tt l\u00e4ngre. Men vi erbjuder mer \u00e4n bara basmati, och vi \u00e4r stolta \u00f6ver att endast anv\u00e4nda spannm\u00e5l av h\u00f6gsta kvalitet, fr\u00e5n pilaffris till jasminris, vildris och vidare.\n                                    <\/div>\n                                                            <\/div>\n                                                            <div class=\"slider-blocks__button\" data-behaviour=\"slider-blocks-button\"><\/div>\n                                                    <\/div>\n                    <\/div>\n                                                                                                                                                                                \n                    <div class=\"slider-blocks slider-blocks__image-2513 slider-blocks__image-overlay\" data-behaviour=\"slider-blocks\">\n                                                    <style>\n\t.slider-blocks__image-2513{\n\t\tbackground-image: url(https:\/\/www.tilda.com\/sv-se\/wp-content\/uploads\/sites\/25\/2021\/03\/GettyImages-1222221865-scaled.jpg);\n\t\tbackground-size: cover;\n\t\tbackground-repeat: no-repeat;\n\n\t\t@media(min-width: 1440px) {\n\t\t\taspect-ratio: var(--aspect-ratio);\n\t\t}\n\t}\n<\/style>                        \n                        <div class=\"slider-blocks__box\">\n                            <div>\n                                                                    <h3 class=\"slider-blocks__title u-text-uppercase h4\">Standarder<\/h3>\n                                                                                                    <p class=\"slider-blocks__subtitle u-text-uppercase\">Renhet och smak<\/p>\n                                                                                                    <div class=\"slider-blocks__content\">\n                                        Vi ser till att endast de b\u00e4sta spannm\u00e5len tar sig hela v\u00e4gen till v\u00e5ra f\u00f6rpackningar och till ditt matbord. Med \u00f6ver ett halvt \u00e5rhundrade av erfarenhet och kunskap i bagaget DNA-testar vi varje sats av basmatiris f\u00f6r att garantera renheten. Vi l\u00e5ter basmatiriset mogna naturligt i solen, och i den varsamma malningsprocessen avl\u00e4gsnas brutna riskorn som ger ifr\u00e5n sig st\u00e4rkelser som g\u00f6r riset klibbigt. \n                                    <\/div>\n                                                            <\/div>\n                                                            <div class=\"slider-blocks__button\" data-behaviour=\"slider-blocks-button\"><\/div>\n                                                    <\/div>\n                    <\/div>\n                                    <\/div>\n    <\/div>\n<\/section>\n\n\n<section class=\"content-section cta\">\n    <div class=\"cta__wrapper\">\n                <div class=\"container u-text-center\">\n            \n                                                <h2 class=\"content-section__title title title--white\"><span>Kontakta<\/span> <span>oss<\/span><\/h2>\n                            \n                            <p class=\"content-section__subtitle cta__text\">Vi \u00e4r alltid intresserade av att h\u00f6ra vad v\u00e5ra kunder har att s\u00e4ga om v\u00e5ra produkter. S\u00e5 om du vill skicka oss en id\u00e9 till en ny l\u00e4cker smak, komma med lite feedback eller lyfta ett problem \u00e4r det bara att kontakta oss, s\u00e5 \u00e5terkommer vi s\u00e5 snart vi kan.<\/p>\n            \n                            <a href=\"\/sv-se\/om-oss\/kontakta-oss\/\" class=\"button\" target=\"_self\">Kontakta oss<\/a>\n                    <\/div>\n    <\/div>\n<\/section>\n\n\n<section class=\"content-section content-section--no-pad content-section--blue content-section--diamonds-2\" id=\"\">\n                \\\n\n    <div class=\"image-with-cta image-with-cta--flipped image-with-cta--centered-text\">\n        <div class=\"image-with-cta__content\">\n            <div class=\"image-with-cta__container\">\n                                    <h2 class=\"title title__rice title__rice--left-2 title__rice--right-3\">\n                        <span>F\u00d6RETAGETS<\/span> <span>SOCIALA<\/span> <span>ANSVAR<\/span>\n                    <\/h2>\n                \n                                    <p>Vi \u00e4r djupt engagerade i minskandet av v\u00e5r inverkan p\u00e5 milj\u00f6n och i att de sociala och ekonomiska f\u00f6rdelarna ska bli s\u00e5 stora som m\u00f6jligt p\u00e5 alla de platser d\u00e4r vi arbetar.<\/p>\n\n                \n                                    <a href=\"\/sv-se\/om-oss\/foretagets-sociala-ansvar\/\" class=\"button\" target=\"_self\">F\u00d6RETAGETS SOCIALA ANSVAR<\/a>\n                            <\/div>\n        <\/div>\n\n                                                        \n            <div class=\"image-with-cta__image image-with-cta__image-1094\">\n                <style>\n\t.image-with-cta__image-1094{\n\t\tbackground-image: url(https:\/\/www.tilda.com\/sv-se\/wp-content\/uploads\/sites\/25\/2021\/03\/Z2O6455-Edit.jpg);\n\t\tbackground-size: cover;\n\t\tbackground-repeat: no-repeat;\n\n\t\t@media(min-width: 1440px) {\n\t\t\taspect-ratio: var(--aspect-ratio);\n\t\t}\n\t}\n<\/style>            <\/div>\n            <\/div>\n<\/section>\n\n\n<section class=\"content-section cta\">\n    <div class=\"cta__wrapper\">\n                <div class=\"container u-text-center\">\n            \n                                                <h2 class=\"content-section__title title title--white\"><span>Vanliga<\/span> <span>fr\u00e5gor<\/span> <span>och<\/span> <span>svar<\/span><\/h2>\n                            \n                            <p class=\"content-section__subtitle cta__text\">Har du en fr\u00e5ga om v\u00e5ra produkter eller v\u00e5rt ris? Vill du ha information om n\u00e5got recept eller om v\u00e5rt varum\u00e4rke? Nedan kan du l\u00e4sa v\u00e5ra svar p\u00e5 n\u00e5gra vanligt f\u00f6rekommande fr\u00e5gor fr\u00e5n v\u00e5ra kunder. <\/p>\n            \n                            <a href=\"\/sv-se\/vanliga-fragor-och-svar\/\" class=\"button\" target=\"_self\">Vanliga fr\u00e5gor och svar<\/a>\n                    <\/div>\n    <\/div>\n<\/section>","protected":false},"excerpt":{"rendered":"","protected":false},"author":1,"featured_media":0,"parent":0,"menu_order":0,"comment_status":"closed","ping_status":"closed","template":"","meta":{"_acf_changed":false,"editor_notices":[],"footnotes":""},"class_list":["post-21","page","type-page","status-publish","hentry"],"acf":[],"yoast_head":"<!-- This site is optimized with the Yoast SEO Premium plugin v27.1 (Yoast SEO v27.1.1) - https:\/\/yoast.com\/product\/yoast-seo-premium-wordpress\/ -->\n<title>Om oss | Tilda<\/title>\n<meta name=\"robots\" content=\"index, follow, max-snippet:-1, max-image-preview:large, max-video-preview:-1\" \/>\n<link rel=\"canonical\" href=\"http:\/\/www.tilda.com\/sv-se\/om-oss\/\" \/>\n<meta property=\"og:locale\" content=\"sv_SE\" \/>\n<meta property=\"og:type\" content=\"article\" \/>\n<meta property=\"og:title\" content=\"Om oss\" \/>\n<meta property=\"og:url\" content=\"http:\/\/www.tilda.com\/sv-se\/om-oss\/\" \/>\n<meta property=\"og:site_name\" content=\"Tilda Rice Sweden\" \/>\n<meta property=\"article:modified_time\" content=\"2022-04-28T13:32:09+00:00\" \/>\n<meta name=\"twitter:card\" content=\"summary_large_image\" \/>\n<script type=\"application\/ld+json\" class=\"yoast-schema-graph\">{\"@context\":\"https:\/\/schema.org\",\"@graph\":[{\"@type\":\"WebPage\",\"@id\":\"http:\/\/www.tilda.com\/sv-se\/om-oss\/\",\"url\":\"http:\/\/www.tilda.com\/sv-se\/om-oss\/\",\"name\":\"Om oss | Tilda\",\"isPartOf\":{\"@id\":\"https:\/\/www.tilda.com\/sv-se\/#website\"},\"datePublished\":\"2021-01-13T09:12:19+00:00\",\"dateModified\":\"2022-04-28T13:32:09+00:00\",\"breadcrumb\":{\"@id\":\"http:\/\/www.tilda.com\/sv-se\/om-oss\/#breadcrumb\"},\"inLanguage\":\"sv-SE\",\"potentialAction\":[{\"@type\":\"ReadAction\",\"target\":[\"http:\/\/www.tilda.com\/sv-se\/om-oss\/\"]}]},{\"@type\":\"BreadcrumbList\",\"@id\":\"http:\/\/www.tilda.com\/sv-se\/om-oss\/#breadcrumb\",\"itemListElement\":[{\"@type\":\"ListItem\",\"position\":1,\"name\":\"Hemsida\",\"item\":\"https:\/\/www.tilda.com\/sv-se\/\"},{\"@type\":\"ListItem\",\"position\":2,\"name\":\"Om oss\"}]},{\"@type\":\"WebSite\",\"@id\":\"https:\/\/www.tilda.com\/sv-se\/#website\",\"url\":\"https:\/\/www.tilda.com\/sv-se\/\",\"name\":\"Tilda Rice Sweden\",\"description\":\"Allt om Basmati\",\"potentialAction\":[{\"@type\":\"SearchAction\",\"target\":{\"@type\":\"EntryPoint\",\"urlTemplate\":\"https:\/\/www.tilda.com\/sv-se\/?s={search_term_string}\"},\"query-input\":{\"@type\":\"PropertyValueSpecification\",\"valueRequired\":true,\"valueName\":\"search_term_string\"}}],\"inLanguage\":\"sv-SE\"}]}<\/script>\n<!-- \/ Yoast SEO Premium plugin. -->","yoast_head_json":{"title":"Om oss | Tilda","robots":{"index":"index","follow":"follow","max-snippet":"max-snippet:-1","max-image-preview":"max-image-preview:large","max-video-preview":"max-video-preview:-1"},"canonical":"http:\/\/www.tilda.com\/sv-se\/om-oss\/","og_locale":"sv_SE","og_type":"article","og_title":"Om oss","og_url":"http:\/\/www.tilda.com\/sv-se\/om-oss\/","og_site_name":"Tilda Rice Sweden","article_modified_time":"2022-04-28T13:32:09+00:00","twitter_card":"summary_large_image","schema":{"@context":"https:\/\/schema.org","@graph":[{"@type":"WebPage","@id":"http:\/\/www.tilda.com\/sv-se\/om-oss\/","url":"http:\/\/www.tilda.com\/sv-se\/om-oss\/","name":"Om oss | Tilda","isPartOf":{"@id":"https:\/\/www.tilda.com\/sv-se\/#website"},"datePublished":"2021-01-13T09:12:19+00:00","dateModified":"2022-04-28T13:32:09+00:00","breadcrumb":{"@id":"http:\/\/www.tilda.com\/sv-se\/om-oss\/#breadcrumb"},"inLanguage":"sv-SE","potentialAction":[{"@type":"ReadAction","target":["http:\/\/www.tilda.com\/sv-se\/om-oss\/"]}]},{"@type":"BreadcrumbList","@id":"http:\/\/www.tilda.com\/sv-se\/om-oss\/#breadcrumb","itemListElement":[{"@type":"ListItem","position":1,"name":"Hemsida","item":"https:\/\/www.tilda.com\/sv-se\/"},{"@type":"ListItem","position":2,"name":"Om oss"}]},{"@type":"WebSite","@id":"https:\/\/www.tilda.com\/sv-se\/#website","url":"https:\/\/www.tilda.com\/sv-se\/","name":"Tilda Rice Sweden","description":"Allt om Basmati","potentialAction":[{"@type":"SearchAction","target":{"@type":"EntryPoint","urlTemplate":"https:\/\/www.tilda.com\/sv-se\/?s={search_term_string}"},"query-input":{"@type":"PropertyValueSpecification","valueRequired":true,"valueName":"search_term_string"}}],"inLanguage":"sv-SE"}]}},"_links":{"self":[{"href":"https:\/\/www.tilda.com\/sv-se\/wp-json\/wp\/v2\/pages\/21","targetHints":{"allow":["GET"]}}],"collection":[{"href":"https:\/\/www.tilda.com\/sv-se\/wp-json\/wp\/v2\/pages"}],"about":[{"href":"https:\/\/www.tilda.com\/sv-se\/wp-json\/wp\/v2\/types\/page"}],"author":[{"embeddable":true,"href":"https:\/\/www.tilda.com\/sv-se\/wp-json\/wp\/v2\/users\/1"}],"replies":[{"embeddable":true,"href":"https:\/\/www.tilda.com\/sv-se\/wp-json\/wp\/v2\/comments?post=21"}],"version-history":[{"count":0,"href":"https:\/\/www.tilda.com\/sv-se\/wp-json\/wp\/v2\/pages\/21\/revisions"}],"wp:attachment":[{"href":"https:\/\/www.tilda.com\/sv-se\/wp-json\/wp\/v2\/media?parent=21"}],"curies":[{"name":"wp","href":"https:\/\/api.w.org\/{rel}","templated":true}]}}