{"id":1254,"date":"2021-03-10T12:56:33","date_gmt":"2021-03-10T12:56:33","guid":{"rendered":"https:\/\/www.tilda.com\/?page_id=1254"},"modified":"2022-04-28T13:34:56","modified_gmt":"2022-04-28T13:34:56","slug":"historia","status":"publish","type":"page","link":"https:\/\/www.tilda.com\/sv-se\/om-oss\/historia\/","title":{"rendered":"V\u00e5r historia"},"content":{"rendered":"<section class=\"content-section content-section--top-mask\">\n    <div class=\"container\">\n        <div class=\"history\">\n                            <div class=\"history__row animated fadeInUp\">\n                    <div class=\"history__content\">\n                        <h2 class=\"fadeInUp__2 history__year title title__rice title__rice--right-3\"><span>1970<\/span><\/h2>\n                        <p class=\"fadeInUp__3 history__text\">\u00c5ret d\u00e5 Tilda grundades. Under 70-talet anl\u00e4nde m\u00e4nniskor fr\u00e5n hela v\u00e4rlden till Storbritannien. De ville hitta de autentiska ingredienser som de anv\u00e4nt i sina heml\u00e4nder, s\u00e5 Tilda introducerade aromatiskt basmatiris av h\u00f6gsta kvalitet till v\u00e4stv\u00e4rlden. Vi var det f\u00f6rsta varum\u00e4rket som gjorde detta, n\u00e5got som vi alltid kommer att vara otroligt stolta \u00f6ver!<\/p>\n                    <\/div>\n                    <div class=\"history__image fadeInUp__1\">\n                        <img decoding=\"async\" alt=\"1970-new\"  src=\"https:\/\/www.tilda.com\/sv-se\/wp-content\/uploads\/sites\/25\/2021\/03\/1970-new.jpg\" width=\"\" height=\"\" loading=\"lazy\"\/>                    <\/div>\n                <\/div>\n                            <div class=\"history__row animated fadeInUp\">\n                    <div class=\"history__content\">\n                        <h2 class=\"fadeInUp__2 history__year title title__rice title__rice--right-3 title__rice--left-3\"><span>1980\u2019s<\/span><\/h2>\n                        <p class=\"fadeInUp__3 history__text\">Nu har curry blivit en vanlig favoritr\u00e4tt och konsumenter inspireras att laga autentisk indisk mat hemma, fr\u00e5n biryani till dahl och fr\u00e5n korma till vindaloo. Tilda tog vara p\u00e5 det v\u00e4xande intresset f\u00f6r curry och kvalitetsris och st\u00e4rkte p\u00e5 s\u00e5 s\u00e4tt sin st\u00e4llning som ledande basmativarum\u00e4rke.<\/p>\n                    <\/div>\n                    <div class=\"history__image fadeInUp__1\">\n                        <img decoding=\"async\" alt=\"perfect-curry\"  src=\"https:\/\/www.tilda.com\/sv-se\/wp-content\/uploads\/sites\/25\/2021\/03\/perfect-curry.jpg\" width=\"\" height=\"\" loading=\"lazy\"\/>                    <\/div>\n                <\/div>\n                            <div class=\"history__row animated fadeInUp\">\n                    <div class=\"history__content\">\n                        <h2 class=\"fadeInUp__2 history__year title title__rice title__rice--right-3\"><span>1988<\/span><\/h2>\n                        <p class=\"fadeInUp__3 history__text\">Vi omlokaliserade v\u00e5r verksamhet till Rainham, strax utanf\u00f6r London vid Themsens mynning, och byggde en toppmodern riskvarn och paketeringshall. Detta f\u00f6rblir hemmabasen f\u00f6r Tilda Ltd, och h\u00e4rifr\u00e5n levererar vi ett brett sortiment av uts\u00f6kt ris och spannm\u00e5l.<\/p>\n                    <\/div>\n                    <div class=\"history__image fadeInUp__1\">\n                        <img decoding=\"async\" alt=\"rainham-latest\"  src=\"https:\/\/www.tilda.com\/sv-se\/wp-content\/uploads\/sites\/25\/2021\/03\/rainham-latest.jpg\" width=\"\" height=\"\" loading=\"lazy\"\/>                    <\/div>\n                <\/div>\n                            <div class=\"history__row animated fadeInUp\">\n                    <div class=\"history__content\">\n                        <h2 class=\"fadeInUp__2 history__year title title__rice title__rice--right-3 title__rice--left-3\"><span>1990\u2019s<\/span><\/h2>\n                        <p class=\"fadeInUp__3 history__text\">Under 90-talet lyckades Tilda utvidga sin verksamhet till Mellan\u00f6stern och Nordamerika. Idag \u00e4r vi stolta \u00f6ver att ha en given plats vid middagsbord i fler \u00e4n 50 l\u00e4nder v\u00e4rlden \u00f6ver.<\/p>\n                    <\/div>\n                    <div class=\"history__image fadeInUp__1\">\n                        <img decoding=\"async\" alt=\"rice-world\"  src=\"https:\/\/www.tilda.com\/sv-se\/wp-content\/uploads\/sites\/25\/2021\/03\/rice-world.jpg\" width=\"\" height=\"\" loading=\"lazy\"\/>                    <\/div>\n                <\/div>\n                            <div class=\"history__row animated fadeInUp\">\n                    <div class=\"history__content\">\n                        <h2 class=\"fadeInUp__2 history__year title title__rice title__rice--right-3\"><span>2000&#8217;s<\/span><\/h2>\n                        <p class=\"fadeInUp__3 history__text\">En f\u00f6rpackningsnyhet! Eftersom vi \u00e5tagit oss att f\u00f6rse ris\u00e4lskare med kvalitetsprodukter blev vi det f\u00f6rsta risvarum\u00e4rket som erbjuder v\u00e5ra kunder \u00e5terf\u00f6rslutningsbara f\u00f6rpackningar med handtag f\u00f6r enkel hantering och l\u00e4ngre h\u00e5llbarhet.<\/p>\n                    <\/div>\n                    <div class=\"history__image fadeInUp__1\">\n                        <img decoding=\"async\" alt=\"2000-pack\"  src=\"https:\/\/www.tilda.com\/sv-se\/wp-content\/uploads\/sites\/25\/2021\/03\/2000-pack.jpg\" width=\"\" height=\"\" loading=\"lazy\"\/>                    <\/div>\n                <\/div>\n                            <div class=\"history__row animated fadeInUp\">\n                    <div class=\"history__content\">\n                        <h2 class=\"fadeInUp__2 history__year title title__rice title__rice--right-3 title__rice--left-3\"><span>2004<\/span><\/h2>\n                        <p class=\"fadeInUp__3 history__text\">Vad kan vara b\u00e4ttre \u00e4n uts\u00f6kt ris fr\u00e5n Tilda? Tildas uts\u00f6kta ris \u00e4r inspirerat av kokkonster fr\u00e5n v\u00e4rldens k\u00f6k och tillagas enkelt p\u00e5 endast tv\u00e5 minuter! \u00c5r 2010 \u00f6ppnade vi en produktionsanl\u00e4ggning i Rainham d\u00e4r vi producerar v\u00e5ra omtyckta sortiment med \u00e5ngkokt ris, superspannm\u00e5l och Kids-sortimentet.<\/p>\n                    <\/div>\n                    <div class=\"history__image fadeInUp__1\">\n                        <img decoding=\"async\" alt=\"range-2-new\"  src=\"https:\/\/www.tilda.com\/sv-se\/wp-content\/uploads\/sites\/25\/2021\/03\/range-2-new.jpg\" width=\"\" height=\"\" loading=\"lazy\"\/>                    <\/div>\n                <\/div>\n                            <div class=\"history__row animated fadeInUp\">\n                    <div class=\"history__content\">\n                        <h2 class=\"fadeInUp__2 history__year title title__rice title__rice--right-3\"><span>2012<\/span><\/h2>\n                        <p class=\"fadeInUp__3 history__text\">Vi ansl\u00f6t oss till FN:s V\u00e4rldslivsmedelprogram, vilket inneb\u00e4r att f\u00f6r varje specialm\u00e4rkt f\u00f6rpackning Tilda Pure Basmati Rice s\u00e5 sk\u00e4nker vi minst en n\u00e4ringsrik m\u00e5ltid till nya och blivande m\u00f6drar. Hittills har Tildas l\u00e5ngsiktiga samarbete med V\u00e4rldslivsmedelprogrammet levererat hela 5,8 MILJONER n\u00e4ringsrika m\u00e5ltider till m\u00f6drar i n\u00f6d.<\/p>\n                    <\/div>\n                    <div class=\"history__image fadeInUp__1\">\n                        <img decoding=\"async\" alt=\"hmt\"  src=\"https:\/\/www.tilda.com\/sv-se\/wp-content\/uploads\/sites\/25\/2021\/03\/hmt.jpg\" width=\"\" height=\"\" loading=\"lazy\"\/>                    <\/div>\n                <\/div>\n                            <div class=\"history__row animated fadeInUp\">\n                    <div class=\"history__content\">\n                        <h2 class=\"fadeInUp__2 history__year title title__rice title__rice--right-3 title__rice--left-3\"><span>2014<\/span><\/h2>\n                        <p class=\"fadeInUp__3 history__text\">\u00c5r 2014 f\u00f6rv\u00e4rvades Tilda av Hain Celestial \u2013 ett ledande f\u00f6retag f\u00f6r ekologiska och naturliga produkter.<\/p>\n                    <\/div>\n                    <div class=\"history__image fadeInUp__1\">\n                        <img decoding=\"async\" alt=\"hain\"  src=\"https:\/\/www.tilda.com\/sv-se\/wp-content\/uploads\/sites\/25\/2021\/03\/hain.jpg\" width=\"\" height=\"\" loading=\"lazy\"\/>                    <\/div>\n                <\/div>\n                            <div class=\"history__row animated fadeInUp\">\n                    <div class=\"history__content\">\n                        <h2 class=\"fadeInUp__2 history__year title title__rice title__rice--right-3\"><span>2018<\/span><\/h2>\n                        <p class=\"fadeInUp__3 history__text\">Vi lanserade v\u00e5r nya och sp\u00e4nnande kampanj Tildalicious f\u00f6r att fira v\u00e4rldens alla smaker och varierade matkultur. Vi inspirerar st\u00e4ndigt konsumenter till att anamma nya smaker och l\u00e4ra sig lite mer om andra kulturer med varje tugga.<\/p>\n                    <\/div>\n                    <div class=\"history__image fadeInUp__1\">\n                        <img decoding=\"async\" alt=\"tildalicious\"  src=\"https:\/\/www.tilda.com\/sv-se\/wp-content\/uploads\/sites\/25\/2021\/03\/tildalicious.jpg\" width=\"\" height=\"\" loading=\"lazy\"\/>                    <\/div>\n                <\/div>\n                            <div class=\"history__row animated fadeInUp\">\n                    <div class=\"history__content\">\n                        <h2 class=\"fadeInUp__2 history__year title title__rice title__rice--right-3 title__rice--left-3\"><span>2019<\/span><\/h2>\n                        <p class=\"fadeInUp__3 history__text\">2019 f\u00f6rv\u00e4rvades Tilda av EBRO Foods \u2013 v\u00e4rldens ledande f\u00f6retag f\u00f6r risproduktion.<\/p>\n                    <\/div>\n                    <div class=\"history__image fadeInUp__1\">\n                        <img decoding=\"async\" alt=\"ebro-ovngbidavo69x6lvwhnbdbpgv4whx5n9cloh0k1e0c\"  src=\"https:\/\/www.tilda.com\/sv-se\/wp-content\/uploads\/sites\/25\/2021\/03\/ebro-ovngbidavo69x6lvwhnbdbpgv4whx5n9cloh0k1e0c.jpg\" width=\"\" height=\"\" loading=\"lazy\"\/>                    <\/div>\n                <\/div>\n                            <div class=\"history__row animated fadeInUp\">\n                    <div class=\"history__content\">\n                        <h2 class=\"fadeInUp__2 history__year title title__rice title__rice--right-3\"><span>2020<\/span><\/h2>\n                        <p class=\"fadeInUp__3 history__text\">Vi firar 50 otroliga \u00e5r av skapande, delande och h\u00e4ngivelse \u00e5t att leverera ris av allra h\u00f6gsta kvalitet! Vi str\u00e4var st\u00e4ndigt efter att inspirera konsumenterna till att njuta av de mest smakrika och h\u00e4rliga risprodukter som generation efter generation har bidragit med gl\u00e4dje och f\u00f6rtjusning till middagsbord \u00f6ver hela v\u00e4rlden. V\u00e5r resa och v\u00e5rt engagemang slutar inte h\u00e4r. Vi kommer att forts\u00e4tta leverera sp\u00e4nning och inspiration till dina matr\u00e4tter och p\u00e5 s\u00e5 vis hj\u00e4lpa dig att njuta av en v\u00e4rld full av smak.<\/p>\n                    <\/div>\n                    <div class=\"history__image fadeInUp__1\">\n                        <img decoding=\"async\" alt=\"50years\"  src=\"https:\/\/www.tilda.com\/sv-se\/wp-content\/uploads\/sites\/25\/2021\/03\/50years.jpg\" width=\"\" height=\"\" loading=\"lazy\"\/>                    <\/div>\n                <\/div>\n                        <div class=\"history__divider\"><\/div>\n        <\/div>\n    <\/div>\n<\/section>","protected":false},"excerpt":{"rendered":"","protected":false},"author":1,"featured_media":0,"parent":21,"menu_order":0,"comment_status":"closed","ping_status":"closed","template":"","meta":{"_acf_changed":false,"editor_notices":[],"footnotes":""},"class_list":["post-1254","page","type-page","status-publish","hentry"],"acf":[],"yoast_head":"<!-- This site is optimized with the Yoast SEO Premium plugin v27.1 (Yoast SEO v27.3) - https:\/\/yoast.com\/product\/yoast-seo-premium-wordpress\/ -->\n<title>50 \u00e5r av Tilda | V\u00e5r historia | Tilda<\/title>\n<meta name=\"robots\" content=\"index, follow, max-snippet:-1, max-image-preview:large, max-video-preview:-1\" \/>\n<link rel=\"canonical\" href=\"https:\/\/www.tilda.com\/sv-se\/om-oss\/historia\/\" \/>\n<meta property=\"og:locale\" content=\"sv_SE\" \/>\n<meta property=\"og:type\" content=\"article\" \/>\n<meta property=\"og:title\" content=\"V\u00e5r historia\" \/>\n<meta property=\"og:url\" content=\"https:\/\/www.tilda.com\/sv-se\/om-oss\/historia\/\" \/>\n<meta property=\"og:site_name\" content=\"Tilda Rice Sweden\" \/>\n<meta property=\"article:modified_time\" content=\"2022-04-28T13:34:56+00:00\" \/>\n<meta name=\"twitter:card\" content=\"summary_large_image\" \/>\n<script type=\"application\/ld+json\" class=\"yoast-schema-graph\">{\"@context\":\"https:\\\/\\\/schema.org\",\"@graph\":[{\"@type\":\"WebPage\",\"@id\":\"https:\\\/\\\/www.tilda.com\\\/sv-se\\\/om-oss\\\/historia\\\/\",\"url\":\"https:\\\/\\\/www.tilda.com\\\/sv-se\\\/om-oss\\\/historia\\\/\",\"name\":\"50 \u00e5r av Tilda | V\u00e5r historia | Tilda\",\"isPartOf\":{\"@id\":\"https:\\\/\\\/www.tilda.com\\\/sv-se\\\/#website\"},\"datePublished\":\"2021-03-10T12:56:33+00:00\",\"dateModified\":\"2022-04-28T13:34:56+00:00\",\"breadcrumb\":{\"@id\":\"https:\\\/\\\/www.tilda.com\\\/sv-se\\\/om-oss\\\/historia\\\/#breadcrumb\"},\"inLanguage\":\"sv-SE\",\"potentialAction\":[{\"@type\":\"ReadAction\",\"target\":[\"https:\\\/\\\/www.tilda.com\\\/sv-se\\\/om-oss\\\/historia\\\/\"]}]},{\"@type\":\"BreadcrumbList\",\"@id\":\"https:\\\/\\\/www.tilda.com\\\/sv-se\\\/om-oss\\\/historia\\\/#breadcrumb\",\"itemListElement\":[{\"@type\":\"ListItem\",\"position\":1,\"name\":\"Hemsida\",\"item\":\"https:\\\/\\\/www.tilda.com\\\/sv-se\\\/\"},{\"@type\":\"ListItem\",\"position\":2,\"name\":\"Om oss\",\"item\":\"https:\\\/\\\/www.tilda.com\\\/sv-se\\\/om-oss\\\/\"},{\"@type\":\"ListItem\",\"position\":3,\"name\":\"V\u00e5r historia\"}]},{\"@type\":\"WebSite\",\"@id\":\"https:\\\/\\\/www.tilda.com\\\/sv-se\\\/#website\",\"url\":\"https:\\\/\\\/www.tilda.com\\\/sv-se\\\/\",\"name\":\"Tilda Rice Sweden\",\"description\":\"Allt om Basmati\",\"potentialAction\":[{\"@type\":\"SearchAction\",\"target\":{\"@type\":\"EntryPoint\",\"urlTemplate\":\"https:\\\/\\\/www.tilda.com\\\/sv-se\\\/?s={search_term_string}\"},\"query-input\":{\"@type\":\"PropertyValueSpecification\",\"valueRequired\":true,\"valueName\":\"search_term_string\"}}],\"inLanguage\":\"sv-SE\"}]}<\/script>\n<!-- \/ Yoast SEO Premium plugin. -->","yoast_head_json":{"title":"50 \u00e5r av Tilda | V\u00e5r historia | Tilda","robots":{"index":"index","follow":"follow","max-snippet":"max-snippet:-1","max-image-preview":"max-image-preview:large","max-video-preview":"max-video-preview:-1"},"canonical":"https:\/\/www.tilda.com\/sv-se\/om-oss\/historia\/","og_locale":"sv_SE","og_type":"article","og_title":"V\u00e5r historia","og_url":"https:\/\/www.tilda.com\/sv-se\/om-oss\/historia\/","og_site_name":"Tilda Rice Sweden","article_modified_time":"2022-04-28T13:34:56+00:00","twitter_card":"summary_large_image","schema":{"@context":"https:\/\/schema.org","@graph":[{"@type":"WebPage","@id":"https:\/\/www.tilda.com\/sv-se\/om-oss\/historia\/","url":"https:\/\/www.tilda.com\/sv-se\/om-oss\/historia\/","name":"50 \u00e5r av Tilda | V\u00e5r historia | Tilda","isPartOf":{"@id":"https:\/\/www.tilda.com\/sv-se\/#website"},"datePublished":"2021-03-10T12:56:33+00:00","dateModified":"2022-04-28T13:34:56+00:00","breadcrumb":{"@id":"https:\/\/www.tilda.com\/sv-se\/om-oss\/historia\/#breadcrumb"},"inLanguage":"sv-SE","potentialAction":[{"@type":"ReadAction","target":["https:\/\/www.tilda.com\/sv-se\/om-oss\/historia\/"]}]},{"@type":"BreadcrumbList","@id":"https:\/\/www.tilda.com\/sv-se\/om-oss\/historia\/#breadcrumb","itemListElement":[{"@type":"ListItem","position":1,"name":"Hemsida","item":"https:\/\/www.tilda.com\/sv-se\/"},{"@type":"ListItem","position":2,"name":"Om oss","item":"https:\/\/www.tilda.com\/sv-se\/om-oss\/"},{"@type":"ListItem","position":3,"name":"V\u00e5r historia"}]},{"@type":"WebSite","@id":"https:\/\/www.tilda.com\/sv-se\/#website","url":"https:\/\/www.tilda.com\/sv-se\/","name":"Tilda Rice Sweden","description":"Allt om Basmati","potentialAction":[{"@type":"SearchAction","target":{"@type":"EntryPoint","urlTemplate":"https:\/\/www.tilda.com\/sv-se\/?s={search_term_string}"},"query-input":{"@type":"PropertyValueSpecification","valueRequired":true,"valueName":"search_term_string"}}],"inLanguage":"sv-SE"}]}},"_links":{"self":[{"href":"https:\/\/www.tilda.com\/sv-se\/wp-json\/wp\/v2\/pages\/1254","targetHints":{"allow":["GET"]}}],"collection":[{"href":"https:\/\/www.tilda.com\/sv-se\/wp-json\/wp\/v2\/pages"}],"about":[{"href":"https:\/\/www.tilda.com\/sv-se\/wp-json\/wp\/v2\/types\/page"}],"author":[{"embeddable":true,"href":"https:\/\/www.tilda.com\/sv-se\/wp-json\/wp\/v2\/users\/1"}],"replies":[{"embeddable":true,"href":"https:\/\/www.tilda.com\/sv-se\/wp-json\/wp\/v2\/comments?post=1254"}],"version-history":[{"count":0,"href":"https:\/\/www.tilda.com\/sv-se\/wp-json\/wp\/v2\/pages\/1254\/revisions"}],"up":[{"embeddable":true,"href":"https:\/\/www.tilda.com\/sv-se\/wp-json\/wp\/v2\/pages\/21"}],"wp:attachment":[{"href":"https:\/\/www.tilda.com\/sv-se\/wp-json\/wp\/v2\/media?parent=1254"}],"curies":[{"name":"wp","href":"https:\/\/api.w.org\/{rel}","templated":true}]}}