{"id":1159,"date":"2021-03-09T17:27:45","date_gmt":"2021-03-09T17:27:45","guid":{"rendered":"https:\/\/www.tilda.com\/?page_id=1159"},"modified":"2022-04-12T09:39:43","modified_gmt":"2022-04-12T09:39:43","slug":"foretagets-sociala-ansvar","status":"publish","type":"page","link":"https:\/\/www.tilda.com\/sv-se\/om-oss\/foretagets-sociala-ansvar\/","title":{"rendered":"F\u00f6retagets sociala ansvar"},"content":{"rendered":"\n<section class=\"content-section content-section--no-pad parallax\">\n                <style>\n\t.parallax__image{\n\t\tbackground-image: url(https:\/\/www.tilda.com\/sv-se\/wp-content\/uploads\/sites\/25\/2021\/03\/Z2O6455-Edit-1.jpg);\n\t\tbackground-size: cover;\n\t\tbackground-repeat: no-repeat;\n\n\t\t@media(min-width: 1440px) {\n\t\t\taspect-ratio: var(--aspect-ratio);\n\t\t}\n\t}\n<\/style>    <div class=\"parallax__image\"><\/div>\n    <div class=\"parallax__breadcrumb yoast-breadcrumb\">\n        <div class=\"container\">\n            <ol><li><a href=\"https:\/\/www.tilda.com\/sv-se\/\">Hemsida<\/a><\/li><\/ol>\n        <\/div>\n    <\/div>\n    <div class=\"container container--small u-text-center parallax__content1\">\n        \n                    <h1 class=\"u-text-center\"><span class=\"title title__rice title__rice--left-2 title__rice--right-3\"><span class=\"title--outline\">F\u00f6retagets<\/span> <span>sociala<\/span> <span>ansvar<\/span><\/span><\/h1>\n                \n        <p class=\"parallax__big-text\"><\/p>\n    <\/div>\n    <div class=\"container container--small u-text-center parallax__content2\">\n                    <p class=\"h6\">Hur vi ser p\u00e5<\/p>\n                <h2 class=\"u-text-center\"><span class=\"title title__rice title__rice--left-2 title__rice--right-3\"><span>H\u00e5llbarhet<\/span><\/span><\/h2>\n        <p class=\"parallax__big-text\">Vi har \u00e5tagit oss att skydda den l\u00e5ngsiktiga h\u00e5llbarheten av basmatirisodling. <\/p>\n    <\/div>\n<\/section>\n\n<section class=\"content-section content-section--top-mask content-section-- u-contrast-text--\">\n    <div class=\"free-content free-content--big-text container container--small\">\n                    <div class=\"free-content__content user-content\">\n                <p style=\"text-align: center;\">Vi har alltid vetat att h\u00f6g kvalitet uppn\u00e5s genom att inf\u00f6rskaffa ris av b\u00e4sta<br \/>kvalitet, och etiskt inf\u00f6rskaffande och kvalitetss\u00e4kring ligger i centrum f\u00f6r allt vi<br \/>g\u00f6r. V\u00e5rt m\u00e5l \u00e4r att bli en av de mest inspirerande och ansvarstagande<br \/>risproducenterna i v\u00e4rlden.<\/p>\n<p><\/p>\n<p style=\"text-align: center;\">Vi v\u00e4ljer ut h\u00f6gkvalitativa spannm\u00e5l f\u00f6r hand och f\u00f6rs\u00e4krar att bara det b\u00e4sta riset och<br \/>de b\u00e4sta ingredienserna anv\u00e4nds i varje Tilda-f\u00f6rpackning. Vi producerar inte f\u00f6r n\u00e5gon<br \/>annan, s\u00e5 n\u00e4r det st\u00e5r Tilda p\u00e5 f\u00f6rpackningen, d\u00e5 \u00e4r det Tilda i f\u00f6rpackningen ocks\u00e5!<\/p>\n\n            <\/div>\n            <\/div>\n<\/section>\n\n        \n    <section class=\"content-section content-section--navy\">\n        <div class=\"quote quote--in-section container container--medium\">\n            <div class=\"container container--small u-text-center\">\n                <p class=\"quote__content\">Vi inser att all v\u00e5r verksamhet har en viss inverkan p\u00e5 milj\u00f6n, och vi unders\u00f6ker varje steg noggrant f\u00f6r att begr\u00e4nsa den inverkan och g\u00f6ra v\u00e5rt koldioxidavtryck mindre.  Det finns definitivt mer som vi kan g\u00f6ra och som vi kommer att g\u00f6ra.<\/p>\n                                    <p class=\"quote__source\">Jonathan Calland \u2013 Chef f\u00f6r h\u00e5llbarhet och yttre angel\u00e4genheter<\/p>\n                            <\/div>\n        <\/div>\n    <\/section>\n\n\n            \n<section class=\"content-section cta cta--image content-section--image cta--image-1671 cta--image-overlay content-section--no-pad\">\n    <div class=\"cta__wrapper\">\n                    <style>\n\t.cta--image-1671{\n\t\tbackground-image: url(https:\/\/www.tilda.com\/sv-se\/wp-content\/uploads\/sites\/25\/2021\/03\/Z2O9595-Edit-e1615983757386.jpg);\n\t\tbackground-size: cover;\n\t\tbackground-repeat: no-repeat;\n\n\t\t@media(min-width: 1440px) {\n\t\t\taspect-ratio: var(--aspect-ratio);\n\t\t}\n\t}\n<\/style>                <div class=\"container u-text-center\">\n                            <p class=\"h6\">Hur vi hanterar<\/p>\n            \n                                                <h2 class=\"content-section__title cta__title title title--white title__rice title__rice--left-2 title__rice--right-3\">\n                        <span>\u00c5tervinning<\/span> <span>och<\/span> <span>f\u00f6rpackningar<\/span>\n                    <\/h2>\n                            \n                            <p class=\"content-section__subtitle cta__text\">Vi v\u00e4ljer f\u00f6rpackningarna som anv\u00e4nds p\u00e5 Tilda f\u00f6r att f\u00f6rs\u00e4kra att produkten n\u00e5r konsumenten i s\u00e4krast m\u00f6jliga skick.<\/p>\n            \n                    <\/div>\n    <\/div>\n<\/section>\n\n<section class=\"content-section content-section--top-mask content-section-- u-contrast-text--\">\n    <div class=\"free-content free-content--big-text container container--small\">\n                    <div class=\"free-content__content user-content\">\n                <p><strong>Vi lanserade nyligen ett nytt sortiment av torra risblandningar i kartonger om 375 g som \u00e4r 100 % \u00e5tervinningsbara. F\u00f6r st\u00f6rre volymer anv\u00e4nder vi en mycket starkare barri\u00e4rfilm som oftast inte \u00e5tervinns p\u00e5 grund av begr\u00e4nsningar i den tillg\u00e4ngliga tekniken hos lokala myndigheter. Det finns f\u00f6rdelar med denna sorts film, inklusive en betydligt l\u00e4gre risk f\u00f6r att livsmedlet f\u00f6rst\u00f6rs och g\u00e5r till spillo.<\/strong><\/p>\n<p>V\u00e5ra risp\u00e5sar \u00e4r i sin tur tillverkade av flera lager material och \u00e4r f\u00f6r n\u00e4rvarande inte \u00e5tervinningsbara. Laminatdelen av p\u00e5sen som kommer i kontakt med livsmedlet kan inte tillverkas av \u00e5tervinningsbara material, men vi unders\u00f6ker huruvida de andra lagren kan det.<\/p>\n<p>Vi deltar i det v\u00e4letablerade europeiska initiativet Gr\u00f6na Punkten som \u00e4r obligatoriskt i flera europeiska l\u00e4nder d\u00e4r Tildas produkter s\u00e4ljs. Symbolen inneb\u00e4r att ett finansiellt bidrag g\u00f6rs till en nationell organisation f\u00f6r f\u00f6rpacknings\u00e5tervinning f\u00f6r varje slags f\u00f6rpackning. V\u00e5ra produkter s\u00e4ljs \u00f6ver hela Europa d\u00e4r symbolen kr\u00e4vs f\u00f6r att bevisa att vi f\u00f6ljer den lokala avfallslagstiftningen f\u00f6r f\u00f6rpackningar. <\/p>\n<p>Vi arbetar tillsammans med v\u00e5ra f\u00f6rpackningsleverant\u00f6rer f\u00f6r att f\u00f6rs\u00e4kra att alla v\u00e5ra f\u00f6rpackningar ska \u00e5tervinnas i de l\u00e4nder d\u00e4r de s\u00e4ljs.<\/p>\n<hr \/>\n<p><strong>Etisk granskning av leverant\u00f6rer<\/strong><\/p>\n<p>Tilda \u00e4r medlem i Sedex Global \u2013 ett oberoende icke-vinstdrivande organ som granskar de etiska agerandet och transparensen i v\u00e5r distributionskedja och som t\u00e4cker arbetsnormer, h\u00e4lsa &amp; s\u00e4kerhet, milj\u00f6n och aff\u00e4rsetik.<\/p>\n<h2>100 %<\/h2>\n<p>etiskt agerande &amp; transparens \u00e5r 2020<\/p>\n\n            <\/div>\n            <\/div>\n<\/section>\n\n            \n<section class=\"content-section cta cta--image content-section--image cta--image-1676 cta--image-overlay content-section--no-pad\">\n    <div class=\"cta__wrapper\">\n                    <style>\n\t.cta--image-1676{\n\t\tbackground-image: url(https:\/\/www.tilda.com\/sv-se\/wp-content\/uploads\/sites\/25\/2021\/03\/Z2O6564-Edit-copy.jpg);\n\t\tbackground-size: cover;\n\t\tbackground-repeat: no-repeat;\n\n\t\t@media(min-width: 1440px) {\n\t\t\taspect-ratio: var(--aspect-ratio);\n\t\t}\n\t}\n<\/style>                <div class=\"container u-text-center\">\n                            <p class=\"h6\">V\u00e5ra bidrag till<\/p>\n            \n                                                <h2 class=\"content-section__title cta__title title title--white title__rice title__rice--left-2 title__rice--right-3\">\n                        <span>Samh\u00e4lle<\/span> <span>och<\/span> <span>v\u00e4lg\u00f6renhet<\/span>\n                    <\/h2>\n                            \n                            <p class=\"content-section__subtitle cta__text\">Vi hat \u00e5tagit oss att st\u00f6dja v\u00e4lg\u00f6renhet och globala samh\u00e4llen. Nedan kan du se n\u00e5gra av de som vi st\u00f6der och de fina insatser de utf\u00f6r. <\/p>\n            \n                    <\/div>\n    <\/div>\n<\/section>\n\n<section class=\"content-section content-section--white\">\n    <div class=\"container container--small\">\n            <\/div>\n<\/section>","protected":false},"excerpt":{"rendered":"","protected":false},"author":1,"featured_media":0,"parent":21,"menu_order":0,"comment_status":"closed","ping_status":"closed","template":"","meta":{"_acf_changed":false,"editor_notices":[],"footnotes":""},"class_list":["post-1159","page","type-page","status-publish","hentry"],"acf":[],"yoast_head":"<!-- This site is optimized with the Yoast SEO Premium plugin v27.1 (Yoast SEO v27.1.1) - https:\/\/yoast.com\/product\/yoast-seo-premium-wordpress\/ -->\n<title>F\u00f6retagets sociala ansvar | Tilda<\/title>\n<meta name=\"description\" content=\"Alla p\u00e5 Tilda har \u00e5tagit sig att st\u00e4ndigt str\u00e4va efter f\u00f6rb\u00e4ttring och att n\u00e5 en h\u00e5llbar distributionskedja. L\u00e4s mer om detta h\u00e4r.\" \/>\n<meta name=\"robots\" content=\"index, follow, max-snippet:-1, max-image-preview:large, max-video-preview:-1\" \/>\n<link rel=\"canonical\" href=\"https:\/\/www.tilda.com\/sv-se\/om-oss\/foretagets-sociala-ansvar\/\" \/>\n<meta property=\"og:locale\" content=\"sv_SE\" \/>\n<meta property=\"og:type\" content=\"article\" \/>\n<meta property=\"og:title\" content=\"F\u00f6retagets sociala ansvar\" \/>\n<meta property=\"og:description\" content=\"Alla p\u00e5 Tilda har \u00e5tagit sig att st\u00e4ndigt str\u00e4va efter f\u00f6rb\u00e4ttring och att n\u00e5 en h\u00e5llbar distributionskedja. L\u00e4s mer om detta h\u00e4r.\" \/>\n<meta property=\"og:url\" content=\"https:\/\/www.tilda.com\/sv-se\/om-oss\/foretagets-sociala-ansvar\/\" \/>\n<meta property=\"og:site_name\" content=\"Tilda Rice Sweden\" \/>\n<meta property=\"article:modified_time\" content=\"2022-04-12T09:39:43+00:00\" \/>\n<meta name=\"twitter:card\" content=\"summary_large_image\" \/>\n<script type=\"application\/ld+json\" class=\"yoast-schema-graph\">{\"@context\":\"https:\/\/schema.org\",\"@graph\":[{\"@type\":\"WebPage\",\"@id\":\"https:\/\/www.tilda.com\/sv-se\/om-oss\/foretagets-sociala-ansvar\/\",\"url\":\"https:\/\/www.tilda.com\/sv-se\/om-oss\/foretagets-sociala-ansvar\/\",\"name\":\"F\u00f6retagets sociala ansvar | Tilda\",\"isPartOf\":{\"@id\":\"https:\/\/www.tilda.com\/sv-se\/#website\"},\"datePublished\":\"2021-03-09T17:27:45+00:00\",\"dateModified\":\"2022-04-12T09:39:43+00:00\",\"description\":\"Alla p\u00e5 Tilda har \u00e5tagit sig att st\u00e4ndigt str\u00e4va efter f\u00f6rb\u00e4ttring och att n\u00e5 en h\u00e5llbar distributionskedja. L\u00e4s mer om detta h\u00e4r.\",\"breadcrumb\":{\"@id\":\"https:\/\/www.tilda.com\/sv-se\/om-oss\/foretagets-sociala-ansvar\/#breadcrumb\"},\"inLanguage\":\"sv-SE\",\"potentialAction\":[{\"@type\":\"ReadAction\",\"target\":[\"https:\/\/www.tilda.com\/sv-se\/om-oss\/foretagets-sociala-ansvar\/\"]}]},{\"@type\":\"BreadcrumbList\",\"@id\":\"https:\/\/www.tilda.com\/sv-se\/om-oss\/foretagets-sociala-ansvar\/#breadcrumb\",\"itemListElement\":[{\"@type\":\"ListItem\",\"position\":1,\"name\":\"Hemsida\",\"item\":\"https:\/\/www.tilda.com\/sv-se\/\"},{\"@type\":\"ListItem\",\"position\":2,\"name\":\"Om oss\",\"item\":\"http:\/\/www.tilda.com\/sv-se\/om-oss\/\"},{\"@type\":\"ListItem\",\"position\":3,\"name\":\"F\u00f6retagets sociala ansvar\"}]},{\"@type\":\"WebSite\",\"@id\":\"https:\/\/www.tilda.com\/sv-se\/#website\",\"url\":\"https:\/\/www.tilda.com\/sv-se\/\",\"name\":\"Tilda Rice Sweden\",\"description\":\"Allt om Basmati\",\"potentialAction\":[{\"@type\":\"SearchAction\",\"target\":{\"@type\":\"EntryPoint\",\"urlTemplate\":\"https:\/\/www.tilda.com\/sv-se\/?s={search_term_string}\"},\"query-input\":{\"@type\":\"PropertyValueSpecification\",\"valueRequired\":true,\"valueName\":\"search_term_string\"}}],\"inLanguage\":\"sv-SE\"}]}<\/script>\n<!-- \/ Yoast SEO Premium plugin. -->","yoast_head_json":{"title":"F\u00f6retagets sociala ansvar | Tilda","description":"Alla p\u00e5 Tilda har \u00e5tagit sig att st\u00e4ndigt str\u00e4va efter f\u00f6rb\u00e4ttring och att n\u00e5 en h\u00e5llbar distributionskedja. L\u00e4s mer om detta h\u00e4r.","robots":{"index":"index","follow":"follow","max-snippet":"max-snippet:-1","max-image-preview":"max-image-preview:large","max-video-preview":"max-video-preview:-1"},"canonical":"https:\/\/www.tilda.com\/sv-se\/om-oss\/foretagets-sociala-ansvar\/","og_locale":"sv_SE","og_type":"article","og_title":"F\u00f6retagets sociala ansvar","og_description":"Alla p\u00e5 Tilda har \u00e5tagit sig att st\u00e4ndigt str\u00e4va efter f\u00f6rb\u00e4ttring och att n\u00e5 en h\u00e5llbar distributionskedja. L\u00e4s mer om detta h\u00e4r.","og_url":"https:\/\/www.tilda.com\/sv-se\/om-oss\/foretagets-sociala-ansvar\/","og_site_name":"Tilda Rice Sweden","article_modified_time":"2022-04-12T09:39:43+00:00","twitter_card":"summary_large_image","schema":{"@context":"https:\/\/schema.org","@graph":[{"@type":"WebPage","@id":"https:\/\/www.tilda.com\/sv-se\/om-oss\/foretagets-sociala-ansvar\/","url":"https:\/\/www.tilda.com\/sv-se\/om-oss\/foretagets-sociala-ansvar\/","name":"F\u00f6retagets sociala ansvar | Tilda","isPartOf":{"@id":"https:\/\/www.tilda.com\/sv-se\/#website"},"datePublished":"2021-03-09T17:27:45+00:00","dateModified":"2022-04-12T09:39:43+00:00","description":"Alla p\u00e5 Tilda har \u00e5tagit sig att st\u00e4ndigt str\u00e4va efter f\u00f6rb\u00e4ttring och att n\u00e5 en h\u00e5llbar distributionskedja. L\u00e4s mer om detta h\u00e4r.","breadcrumb":{"@id":"https:\/\/www.tilda.com\/sv-se\/om-oss\/foretagets-sociala-ansvar\/#breadcrumb"},"inLanguage":"sv-SE","potentialAction":[{"@type":"ReadAction","target":["https:\/\/www.tilda.com\/sv-se\/om-oss\/foretagets-sociala-ansvar\/"]}]},{"@type":"BreadcrumbList","@id":"https:\/\/www.tilda.com\/sv-se\/om-oss\/foretagets-sociala-ansvar\/#breadcrumb","itemListElement":[{"@type":"ListItem","position":1,"name":"Hemsida","item":"https:\/\/www.tilda.com\/sv-se\/"},{"@type":"ListItem","position":2,"name":"Om oss","item":"http:\/\/www.tilda.com\/sv-se\/om-oss\/"},{"@type":"ListItem","position":3,"name":"F\u00f6retagets sociala ansvar"}]},{"@type":"WebSite","@id":"https:\/\/www.tilda.com\/sv-se\/#website","url":"https:\/\/www.tilda.com\/sv-se\/","name":"Tilda Rice Sweden","description":"Allt om Basmati","potentialAction":[{"@type":"SearchAction","target":{"@type":"EntryPoint","urlTemplate":"https:\/\/www.tilda.com\/sv-se\/?s={search_term_string}"},"query-input":{"@type":"PropertyValueSpecification","valueRequired":true,"valueName":"search_term_string"}}],"inLanguage":"sv-SE"}]}},"_links":{"self":[{"href":"https:\/\/www.tilda.com\/sv-se\/wp-json\/wp\/v2\/pages\/1159","targetHints":{"allow":["GET"]}}],"collection":[{"href":"https:\/\/www.tilda.com\/sv-se\/wp-json\/wp\/v2\/pages"}],"about":[{"href":"https:\/\/www.tilda.com\/sv-se\/wp-json\/wp\/v2\/types\/page"}],"author":[{"embeddable":true,"href":"https:\/\/www.tilda.com\/sv-se\/wp-json\/wp\/v2\/users\/1"}],"replies":[{"embeddable":true,"href":"https:\/\/www.tilda.com\/sv-se\/wp-json\/wp\/v2\/comments?post=1159"}],"version-history":[{"count":0,"href":"https:\/\/www.tilda.com\/sv-se\/wp-json\/wp\/v2\/pages\/1159\/revisions"}],"up":[{"embeddable":true,"href":"https:\/\/www.tilda.com\/sv-se\/wp-json\/wp\/v2\/pages\/21"}],"wp:attachment":[{"href":"https:\/\/www.tilda.com\/sv-se\/wp-json\/wp\/v2\/media?parent=1159"}],"curies":[{"name":"wp","href":"https:\/\/api.w.org\/{rel}","templated":true}]}}