{"id":83,"date":"2021-01-26T10:06:06","date_gmt":"2021-01-26T10:06:06","guid":{"rendered":"https:\/\/tilda.test\/?page_id=83"},"modified":"2025-05-28T10:35:09","modified_gmt":"2025-05-28T10:35:09","slug":"home","status":"publish","type":"page","link":"https:\/\/www.tilda.com\/it-it\/","title":{"rendered":"Home"},"content":{"rendered":"<section class=\"content-section content-section--no-pad\">\n\t<div class=\"slider slider--flex slider--hero\">\n\t\t<ul data-behaviour=\"single-slider\" data-show_nav=\"true\" data-nav-id=\"hero-nav-168454\">\n\n\t\t\t\n\t\t\t\t\t\t\t\t\t\t\t\t\t\t\t<li class=\"hero hero--1661500065  hero--pos-center   hero--image-overlay\" >\n\t\t\t\t\t\t\t\t\t\t\t<video class=\"hero__video u-hidden-mobile\" width=\"1920\" height=\"1024\" playsinline autoplay muted loop>\n\t\t\t\t\t\t\t<source src=\"https:\/\/www.tilda.com\/it-it\/it-it\/files\/2021\/04\/Tilda_DelciousPlates_WebsiteVideo_OptionA_ProRes422HQ_MOS.mp4\" type=\"video\/mp4\">\n\t\t\t\t\t\t<\/video>\n\n\t\t\t\t\t\t\n\t\t\t\t\t\n\t\t\t\t\t\t\t\t\t\t\t\t\t\t\t<style>\n\t.hero--1661500065{\n\t\tbackground-image: url();\n\t\tbackground-size: cover;\n\t\tbackground-repeat: no-repeat;\n\n\t\t@media(min-width: 1440px) {\n\t\t\taspect-ratio: var(--aspect-ratio);\n\t\t}\n\t}\n<\/style>\t\t\t\t\t\t\t\t\t\t\t\t\t\t\t\t\t\t\t\t\t\t\t<style>\n\t\t\t\t\t\t\t@media(max-width: 768px) {\n\t\t\t\t\t\t\t\t.hero--1661500065{\n\t\t\t\t\t\t\t\t\tbackground-image: url(https:\/\/www.tilda.com\/it-it\/wp-content\/uploads\/sites\/26\/2021\/04\/MG_4727-Edit-scaled.jpg);\n\t\t\t\t\t\t\t\t\taspect-ratio: unset;\n\t\t\t\t\t\t\t\t}\n\t\t\t\t\t\t\t}\n\t\t\t\t\t\t<\/style>\n\t\t\t\t\t\n\t\t\t\t\t\t\t\t\t\t\t<div class=\"hero__container u-color-white u-show-mobile\" data-behaviour=\"after-slider\">\n\n\t\t\t\t\t\t\t\t\t\t\t\t\t\t\t<h1 class=\"u-h2 hero__title\">Informazioni su Tilda<\/h1>\n\t\t\t\t\t\t\t\n\t\t\t\t\t\t\t\n\t\t\t\t\t\t\t\t\t\t\t\t\t\t\t<a class=\"button\" href=\"\/it-it\/chi-siamo\/\">\n\t\t\t\t\t\t\t\t\tChi siamo\n\t\t\t\t\t\t\t\t\t\t\t\t\t\t\t\t\t<\/a>\n\t\t\t\t\t\t\t\t\t\t\t\t\t<\/div>\n\t\t\t\t\t\t\t\t\t<\/li>\n\t\t\t\t\t<\/ul>\n    <div class=\"hero-nav tns-nav\">\n      <nav id=\"hero-nav-168454\" class=\"hero-nav__wrapper\" aria-label=\"Carousel navigation\">\n                        <button class=\"hero-nav__button\" type=\"button\"><\/button>\n                <\/nav>\n\t  <\/div>\n    <div id=\"hero-nav-168454-status\" aria-live=\"polite\" aria-atomic=\"true\" class=\"u-visually-hidden\"><\/div>\n\t<\/div>\n<\/section>\n\n\n<section class=\"content-section content-section--blue\">\n\t<div class=\"container\">\n\t\t<h2 class=\"u-text-center title title__rice title__rice--left-2 title__rice--right-3\"><span>Ricette<\/span> <span>recenti<\/span><\/h2>\n\t\t<div class=\"featured-block featured-block--3 u-padded\">\n\t\t\t\t\t\t\t\t\t\t\t\t\t\t\t\n<a class=\"box box--big\" href=\"https:\/\/www.tilda.com\/it-it\/ricette\/biryani-di-verdure\/\" aria-labelledby=\"card-subtitle-3496 card-title-3496 card-excerpt-3496\">\n    <div class=\"box__image\">\n\t\t                    \t<img decoding=\"async\" loading=\"lazy\" width=\"450\" height=\"400\" src=\"https:\/\/www.tilda.com\/it-it\/wp-content\/uploads\/sites\/26\/2021\/03\/Grand-for-Website.png\"  alt=\"\"\/>\n\t\t\t\t        <div class=\"box__overlay \"><span class=\"box__view\">\n                            Vedi ricetta\n                    <\/span><\/div>\n    <\/div>\n    <div class=\"box__content\">\n                <p class=\"box__title h5\" id=\"card-title-3496\">Biryani di verdure<\/p>\n                            <p class=\"box__excerpt\" id=\"card-excerpt-3496\">Il biryani di verdure \u00e8 una pietanza molto apprezzata che richiede una lunga e attenta preparazione. Per questo di solito \u00e8 riservata alle occasioni speciali.\u00a0<\/p>\n                    <\/div>\n<\/a>\t\t\t\t\t\t\t\t\t\t\t\t\t\t\t\t\t\t\t\t\t\n<a class=\"box box--image-left box--big\" href=\"https:\/\/www.tilda.com\/it-it\/ricette\/korma-di-pollo\/\" aria-labelledby=\"card-subtitle-3478 card-title-3478 card-excerpt-3478\">\n    <div class=\"box__image\">\n\t\t                    \t<img decoding=\"async\" loading=\"lazy\" width=\"450\" height=\"400\" src=\"https:\/\/www.tilda.com\/it-it\/wp-content\/uploads\/sites\/26\/2021\/03\/korma.jpg\"  alt=\"\"\/>\n\t\t\t\t        <div class=\"box__overlay \"><span class=\"box__view\">\n                            Vedi ricetta\n                    <\/span><\/div>\n    <\/div>\n    <div class=\"box__content\">\n                <p class=\"box__title h5\" id=\"card-title-3478\">Korma di pollo<\/p>\n                            <p class=\"box__excerpt\" id=\"card-excerpt-3478\">Il korma di pollo \u00e8 un curry dal sapore delicato che accontenter\u00e0 tutta la famiglia.<\/p>\n                    <\/div>\n<\/a>\t\t\t\t\t\t\t\t\t\t\t\t\t\t\t\t\t\t\t\t\t\n<a class=\"box box--image-left box--big\" href=\"https:\/\/www.tilda.com\/it-it\/ricette\/riso-vegano-con-tofu-fritto\/\" aria-labelledby=\"card-subtitle-11287 card-title-11287 card-excerpt-11287\">\n    <div class=\"box__image\">\n\t\t                    \t<img decoding=\"async\" loading=\"lazy\" width=\"450\" height=\"400\" src=\"https:\/\/www.tilda.com\/it-it\/wp-content\/uploads\/sites\/26\/2022\/07\/20102451\/tofu-fried-rice.jpg\"  alt=\"\"\/>\n\t\t\t\t        <div class=\"box__overlay \"><span class=\"box__view\">\n                            Vedi ricetta\n                    <\/span><\/div>\n    <\/div>\n    <div class=\"box__content\">\n                <p class=\"box__title h5\" id=\"card-title-11287\">Riso vegano con tofu fritto<\/p>\n                            <p class=\"box__excerpt\" id=\"card-excerpt-11287\">La versione vegana del classico riso saltato con uova!<\/p>\n                    <\/div>\n<\/a>\t\t\t\t\t\t\t\t\t\t\t\t\t\t<\/div>\n\t\t<div class=\"u-text-center\">\n\t\t\t<a href=\"\/it-it\/ricette\/\" class=\"button\">Altre ricette<\/a>\n\t\t<\/div>\n\t<\/div>\n<\/section>\n\n\n<section class=\"content-section content-section--pink\">\n\t<div class=\"container u-text-center\">\n\t\t\t\t\t<h2 class=\"content-section__title title title__rice title__rice--left-3 title__rice--right-2\">\n\t\t\t\t<span>Prodotti<\/span> <span>Tilda<\/span>\n\t\t\t<\/h2>\n\t\t\t\t\t\t\t<p class=\"content-section__subtitle\">Vantiamo un&#8217;ampia gamma di prodotti tra cui scegliere e disponibili in tutto il Paese. Dai un&#8217;occhiata e scopri tutti i sapori che la vita ti offre.<\/p>\n\t\t\n\t\t<div class=\"content-item-wrapper content-item-wrapper--two-items u-padded\">\n\t\t\t\t\t\t\t<div class=\"content-item content-item--padding u-radius content-item--bg-image content-item--6481\">\n\t\t\t\t\t\t\t\t\t\t\t<style>\n\t.content-item--6481{\n\t\tbackground-image: url(https:\/\/www.tilda.com\/it-it\/wp-content\/uploads\/sites\/26\/2021\/06\/Group-1780.png);\n\t\tbackground-size: cover;\n\t\tbackground-repeat: no-repeat;\n\n\t\t@media(min-width: 1440px) {\n\t\t\taspect-ratio: var(--aspect-ratio);\n\t\t}\n\t}\n<\/style>\t\t\t\t\t\t\t\t\t\t<div class=\"content-item__content\">\n\t\t\t\t\t\t\t\t\t\t\t\t\t<h3 class=\"content-item__title title\"><span>Riso<\/span> <span>al<\/span> <span>vapore<\/span><\/h3>\n\t\t\t\t\t\t\t\t\t\t\t\t\t\t\t\t\t\t\t<p class=\"content-item__description\">La nostra deliziosa gamma Tilda Steamed Rice \u00e8 facile e veloce da portare in tavola ed \u00e8 preparata con ingredienti naturali.<\/p>\n\t\t\t\t\t\t\t\t\t\t\t\t\t\t\t\t\t\t\t<a href=\"https:\/\/www.tilda.com\/it-it\/prodotti\/gamma\/riso-al-vapore\/\" class=\"button\" target=\"_self\">Riso al vapore<\/a>\n\t\t\t\t\t\t\t\t\t\t\t<\/div>\n\t\t\t\t<\/div>\n\t\t\t\t\t\t\t<div class=\"content-item content-item--padding u-radius content-item--bg-image content-item--6480\">\n\t\t\t\t\t\t\t\t\t\t\t<style>\n\t.content-item--6480{\n\t\tbackground-image: url(https:\/\/www.tilda.com\/it-it\/wp-content\/uploads\/sites\/26\/2021\/06\/Group-1782.png);\n\t\tbackground-size: cover;\n\t\tbackground-repeat: no-repeat;\n\n\t\t@media(min-width: 1440px) {\n\t\t\taspect-ratio: var(--aspect-ratio);\n\t\t}\n\t}\n<\/style>\t\t\t\t\t\t\t\t\t\t<div class=\"content-item__content\">\n\t\t\t\t\t\t\t\t\t\t\t\t\t<h3 class=\"content-item__title title\"><span>Riso<\/span> <span>secco<\/span><\/h3>\n\t\t\t\t\t\t\t\t\t\t\t\t\t\t\t\t\t\t\t<p class=\"content-item__description\">Perfeziona le tue ricette con il riso della migliore qualit\u00e0.<\/p>\n\t\t\t\t\t\t\t\t\t\t\t\t\t\t\t\t\t\t\t<a href=\"https:\/\/www.tilda.com\/it-it\/prodotti\/gamma\/riso-secco\/\" class=\"button\" target=\"_self\">Riso secco<\/a>\n\t\t\t\t\t\t\t\t\t\t\t<\/div>\n\t\t\t\t<\/div>\n\t\t\t\t\t<\/div>\n\n\t\t\t\t\t<a href=\"\/it-it\/prodotti\/\" class=\"button\" target=\"_self\">Prodotti Tilda<\/a>\n\t\t\t<\/div>\n<\/section>\n\n\n<section class=\"content-section content-section--\">\n\t<div class=\"container\">\n\t\t<h2 class=\"u-text-center title title__rice title__rice--left-2 title__rice--right-3\"><span>Dal<\/span> <span>blog<\/span><\/h2>\n\t\t<div class=\"featured-block featured-block--4 u-padded\">\n\t\t\t\t\t\t\t\t\t\t\t\t\t\t\t    \n<a class=\"box box--big\" href=\"https:\/\/www.tilda.com\/it-it\/blog\/salute-e-alimentazione\/come-prevenire-il-diabete-di-tipo-2\/\" aria-labelledby=\"card-subtitle-4056 card-title-4056 card-excerpt-4056\">\n    <div class=\"box__image\">\n\t\t                    \t<img decoding=\"async\" loading=\"lazy\" width=\"450\" height=\"400\" src=\"https:\/\/www.tilda.com\/it-it\/wp-content\/uploads\/sites\/26\/2021\/04\/ezgif.com-gif-maker-4.jpg\"  alt=\"\"\/>\n\t\t\t\t                                                <div class=\"box__tag category-marker \">\n                                Salute e alimentazione\n            <\/div>\n                <div class=\"box__overlay \"><span class=\"box__view\">\n                            Leggi l&#8217;articolo\n                    <\/span><\/div>\n    <\/div>\n    <div class=\"box__content\">\n                    <p class=\"box__subtitle h6\" id=\"card-subtitle-4056\">17 March 2022<\/p>\n                <p class=\"box__title h5\" id=\"card-title-4056\">Come prevenire il diabete di tipo 2<\/p>\n                            <p class=\"box__excerpt\" id=\"card-excerpt-4056\">Nel Regno Unito, oltre 3 milioni di persone sono affette da diabete, che per il 90% \u00e8 diabete di tipo 2.<\/p>\n                    <\/div>\n<\/a>\t\t\t\t\t\t\t\t\t\t\t\t\t\t\t\t\t\t\t\t\t    \n<a class=\"box box--image-right box--big\" href=\"https:\/\/www.tilda.com\/it-it\/blog\/salute-e-alimentazione\/dieta-senza-glutine-5-regole-doro\/\" aria-labelledby=\"card-subtitle-4041 card-title-4041 card-excerpt-4041\">\n    <div class=\"box__image\">\n\t\t                    \t<img decoding=\"async\" loading=\"lazy\" width=\"450\" height=\"400\" src=\"https:\/\/www.tilda.com\/it-it\/wp-content\/uploads\/sites\/26\/2021\/04\/ezgif.com-gif-maker-2.jpg\"  alt=\"\"\/>\n\t\t\t\t                                                <div class=\"box__tag category-marker \">\n                                Salute e alimentazione\n            <\/div>\n                <div class=\"box__overlay \"><span class=\"box__view\">\n                            Leggi l&#8217;articolo\n                    <\/span><\/div>\n    <\/div>\n    <div class=\"box__content\">\n                    <p class=\"box__subtitle h6\" id=\"card-subtitle-4041\">17 March 2022<\/p>\n                <p class=\"box__title h5\" id=\"card-title-4041\">Dieta senza glutine: 5 regole d&#8217;oro<\/p>\n                            <p class=\"box__excerpt\" id=\"card-excerpt-4041\">Rinunciare al glutine pu\u00f2 sembrare impossibile senza aiuto.<\/p>\n                    <\/div>\n<\/a>\t\t\t\t\t\t\t\t\t\t\t\t\t\t\t\t\t\t\t\t\t    \n<a class=\"box box--image-right box--big\" href=\"https:\/\/www.tilda.com\/it-it\/blog\/salute-e-alimentazione\/perche-i-legumi-fanno-bene-della-dott-ssa-sarah-schenker\/\" aria-labelledby=\"card-subtitle-4063 card-title-4063 card-excerpt-4063\">\n    <div class=\"box__image\">\n\t\t                    \t<img decoding=\"async\" loading=\"lazy\" width=\"450\" height=\"400\" src=\"https:\/\/www.tilda.com\/it-it\/wp-content\/uploads\/sites\/26\/2021\/04\/tijana-drndarski-oD7H_J-vJm4-unsplash.jpg\"  alt=\"\"\/>\n\t\t\t\t                                                <div class=\"box__tag category-marker \">\n                                Salute e alimentazione\n            <\/div>\n                <div class=\"box__overlay \"><span class=\"box__view\">\n                            Leggi l&#8217;articolo\n                    <\/span><\/div>\n    <\/div>\n    <div class=\"box__content\">\n                    <p class=\"box__subtitle h6\" id=\"card-subtitle-4063\">17 March 2022<\/p>\n                <p class=\"box__title h5\" id=\"card-title-4063\">Perch\u00e9 i legumi fanno bene, della dott.ssa Sarah Schenker<\/p>\n                            <p class=\"box__excerpt\" id=\"card-excerpt-4063\">I legumi (fagioli, piselli e lenticchie) si consumano in tutto il mondo da almeno 10.000 anni, perch\u00e9 sono estremamente economici da coltivare e nutrienti da consumare.<\/p>\n                    <\/div>\n<\/a>\t\t\t\t\t\t\t\t\t\t\t\t\t\t\t\t\t\t\t\t\t    \n<a class=\"box box--image-right box--big\" href=\"https:\/\/www.tilda.com\/it-it\/blog\/salute-e-alimentazione\/e-se-il-curry-facesse-bene-alla-salute\/\" aria-labelledby=\"card-subtitle-4827 card-title-4827 card-excerpt-4827\">\n    <div class=\"box__image\">\n\t\t                    \t<img decoding=\"async\" loading=\"lazy\" width=\"450\" height=\"400\" src=\"https:\/\/www.tilda.com\/it-it\/wp-content\/uploads\/sites\/26\/2021\/04\/Tilda_Live_Well_Content_Benefit_From_Your_Curry.jpg\"  alt=\"\"\/>\n\t\t\t\t                                                <div class=\"box__tag category-marker \">\n                                Salute e alimentazione\n            <\/div>\n                <div class=\"box__overlay \"><span class=\"box__view\">\n                            Leggi l&#8217;articolo\n                    <\/span><\/div>\n    <\/div>\n    <div class=\"box__content\">\n                    <p class=\"box__subtitle h6\" id=\"card-subtitle-4827\">17 March 2022<\/p>\n                <p class=\"box__title h5\" id=\"card-title-4827\">E se il curry facesse bene alla salute?<\/p>\n                            <p class=\"box__excerpt\" id=\"card-excerpt-4827\">Abbiamo raccolto qualche ricetta che non ti far\u00e0 rimpiangere il tuo take-away di fiducia, n\u00e9 come gusto n\u00e9 come rapidit\u00e0.<\/p>\n                    <\/div>\n<\/a>\t\t\t\t\t\t\t\t\t\t\t\t\t\t<\/div>\n\t\t<div class=\"u-text-center\">\n\t\t\t<a href=\"\/it-it\/blog\/\" class=\"button\">Altri contenuti dal blog<\/a>\n\t\t<\/div>\n\t<\/div>\n<\/section>\n\n\n\n<section class=\"content-section content-section--no-pad content-section--green content-section--fans\" id=\"\">\n                \\\n\n    <div class=\"image-with-cta image-with-cta--flipped image-with-cta--centered-text\">\n        <div class=\"image-with-cta__content\">\n            <div class=\"image-with-cta__container\">\n                                    <h2 class=\"title title__rice title__rice--left-2 title__rice--right-3\">\n                        <span>Chi<\/span> <span>siamo<\/span>\n                    <\/h2>\n                \n                                    <p>Con Tilda sei sempre in buone mani: per un curry al volo o una semplice insalata di riso, hai sempre la massima garanzia di genuinit\u00e0, gusto, qualit\u00e0 e alimentazione sana. Molti clienti ci dicono di essere cresciuti con il riso Tilda e, nonostante il riso Basmati sia il prodotto a cui dobbiamo maggiormente la nostra fama, in cinquant&#8217;anni di storia siamo diventati esperti di una ben pi\u00f9 ampia variet\u00e0 di cereali. Ci impegniamo costantemente per portare sulla tua tavola i migliori prodotti possibili e guidarti nel meraviglioso mondo del riso e della nutrizione.<\/p>\n\n                \n                                    <a href=\"\/it-it\/chi-siamo\/\" class=\"button\" target=\"_self\">Chi siamo<\/a>\n                            <\/div>\n        <\/div>\n\n                                                        \n            <div class=\"image-with-cta__image image-with-cta__image-1314\">\n                <style>\n\t.image-with-cta__image-1314{\n\t\tbackground-image: url(https:\/\/www.tilda.com\/it-it\/wp-content\/uploads\/sites\/26\/2021\/03\/Z2O9787-Edit-1.jpg);\n\t\tbackground-size: cover;\n\t\tbackground-repeat: no-repeat;\n\n\t\t@media(min-width: 1440px) {\n\t\t\taspect-ratio: var(--aspect-ratio);\n\t\t}\n\t}\n<\/style>            <\/div>\n            <\/div>\n<\/section>","protected":false},"excerpt":{"rendered":"","protected":false},"author":1,"featured_media":0,"parent":0,"menu_order":0,"comment_status":"closed","ping_status":"closed","template":"","meta":{"_acf_changed":false,"editor_notices":[],"footnotes":""},"class_list":["post-83","page","type-page","status-publish","hentry"],"acf":[],"yoast_head":"<!-- This site is optimized with the Yoast SEO Premium plugin v27.1 (Yoast SEO v27.3) - https:\/\/yoast.com\/product\/yoast-seo-premium-wordpress\/ -->\n<title>Tilda Rice Italia | Il tempio del riso e di cereali deliziosi<\/title>\n<meta name=\"description\" content=\"Dal tradizionale Pure Basmati alle esclusive Limited Edition, scopri la nostra gustosa gamma di prodotti e lasciati ispirare da succulente ricette provenienti da tutto il mondo.\" \/>\n<meta name=\"robots\" content=\"index, follow, max-snippet:-1, max-image-preview:large, max-video-preview:-1\" \/>\n<link rel=\"canonical\" href=\"https:\/\/www.tilda.com\/it-it\/\" \/>\n<meta property=\"og:locale\" content=\"it_IT\" \/>\n<meta property=\"og:type\" content=\"article\" \/>\n<meta property=\"og:title\" content=\"Home\" \/>\n<meta property=\"og:description\" content=\"Dal tradizionale Pure Basmati alle esclusive Limited Edition, scopri la nostra gustosa gamma di prodotti e lasciati ispirare da succulente ricette provenienti da tutto il mondo.\" \/>\n<meta property=\"og:url\" content=\"https:\/\/www.tilda.com\/it-it\/\" \/>\n<meta property=\"og:site_name\" content=\"Tilda Rice Italia\" \/>\n<meta property=\"article:modified_time\" content=\"2025-05-28T10:35:09+00:00\" \/>\n<meta name=\"twitter:card\" content=\"summary_large_image\" \/>\n<script type=\"application\/ld+json\" class=\"yoast-schema-graph\">{\"@context\":\"https:\\\/\\\/schema.org\",\"@graph\":[{\"@type\":\"WebPage\",\"@id\":\"https:\\\/\\\/www.tilda.com\\\/it-it\\\/\",\"url\":\"https:\\\/\\\/www.tilda.com\\\/it-it\\\/\",\"name\":\"Tilda Rice Italia | Il tempio del riso e di cereali deliziosi\",\"isPartOf\":{\"@id\":\"https:\\\/\\\/www.tilda.com\\\/it-it\\\/#website\"},\"datePublished\":\"2021-01-26T10:06:06+00:00\",\"dateModified\":\"2025-05-28T10:35:09+00:00\",\"description\":\"Dal tradizionale Pure Basmati alle esclusive Limited Edition, scopri la nostra gustosa gamma di prodotti e lasciati ispirare da succulente ricette provenienti da tutto il mondo.\",\"breadcrumb\":{\"@id\":\"https:\\\/\\\/www.tilda.com\\\/it-it\\\/#breadcrumb\"},\"inLanguage\":\"it-IT\",\"potentialAction\":[{\"@type\":\"ReadAction\",\"target\":[\"https:\\\/\\\/www.tilda.com\\\/it-it\\\/\"]}]},{\"@type\":\"BreadcrumbList\",\"@id\":\"https:\\\/\\\/www.tilda.com\\\/it-it\\\/#breadcrumb\",\"itemListElement\":[{\"@type\":\"ListItem\",\"position\":1,\"name\":\"Pagina Iniziale\",\"item\":\"https:\\\/\\\/www.tilda.com\\\/it-it\\\/\"},{\"@type\":\"ListItem\",\"position\":2,\"name\":\"Home\"}]},{\"@type\":\"WebSite\",\"@id\":\"https:\\\/\\\/www.tilda.com\\\/it-it\\\/#website\",\"url\":\"https:\\\/\\\/www.tilda.com\\\/it-it\\\/\",\"name\":\"Tilda Rice Italia\",\"description\":\"\",\"potentialAction\":[{\"@type\":\"SearchAction\",\"target\":{\"@type\":\"EntryPoint\",\"urlTemplate\":\"https:\\\/\\\/www.tilda.com\\\/it-it\\\/?s={search_term_string}\"},\"query-input\":{\"@type\":\"PropertyValueSpecification\",\"valueRequired\":true,\"valueName\":\"search_term_string\"}}],\"inLanguage\":\"it-IT\"}]}<\/script>\n<!-- \/ Yoast SEO Premium plugin. -->","yoast_head_json":{"title":"Tilda Rice Italia | Il tempio del riso e di cereali deliziosi","description":"Dal tradizionale Pure Basmati alle esclusive Limited Edition, scopri la nostra gustosa gamma di prodotti e lasciati ispirare da succulente ricette provenienti da tutto il mondo.","robots":{"index":"index","follow":"follow","max-snippet":"max-snippet:-1","max-image-preview":"max-image-preview:large","max-video-preview":"max-video-preview:-1"},"canonical":"https:\/\/www.tilda.com\/it-it\/","og_locale":"it_IT","og_type":"article","og_title":"Home","og_description":"Dal tradizionale Pure Basmati alle esclusive Limited Edition, scopri la nostra gustosa gamma di prodotti e lasciati ispirare da succulente ricette provenienti da tutto il mondo.","og_url":"https:\/\/www.tilda.com\/it-it\/","og_site_name":"Tilda Rice Italia","article_modified_time":"2025-05-28T10:35:09+00:00","twitter_card":"summary_large_image","schema":{"@context":"https:\/\/schema.org","@graph":[{"@type":"WebPage","@id":"https:\/\/www.tilda.com\/it-it\/","url":"https:\/\/www.tilda.com\/it-it\/","name":"Tilda Rice Italia | Il tempio del riso e di cereali deliziosi","isPartOf":{"@id":"https:\/\/www.tilda.com\/it-it\/#website"},"datePublished":"2021-01-26T10:06:06+00:00","dateModified":"2025-05-28T10:35:09+00:00","description":"Dal tradizionale Pure Basmati alle esclusive Limited Edition, scopri la nostra gustosa gamma di prodotti e lasciati ispirare da succulente ricette provenienti da tutto il mondo.","breadcrumb":{"@id":"https:\/\/www.tilda.com\/it-it\/#breadcrumb"},"inLanguage":"it-IT","potentialAction":[{"@type":"ReadAction","target":["https:\/\/www.tilda.com\/it-it\/"]}]},{"@type":"BreadcrumbList","@id":"https:\/\/www.tilda.com\/it-it\/#breadcrumb","itemListElement":[{"@type":"ListItem","position":1,"name":"Pagina Iniziale","item":"https:\/\/www.tilda.com\/it-it\/"},{"@type":"ListItem","position":2,"name":"Home"}]},{"@type":"WebSite","@id":"https:\/\/www.tilda.com\/it-it\/#website","url":"https:\/\/www.tilda.com\/it-it\/","name":"Tilda Rice Italia","description":"","potentialAction":[{"@type":"SearchAction","target":{"@type":"EntryPoint","urlTemplate":"https:\/\/www.tilda.com\/it-it\/?s={search_term_string}"},"query-input":{"@type":"PropertyValueSpecification","valueRequired":true,"valueName":"search_term_string"}}],"inLanguage":"it-IT"}]}},"_links":{"self":[{"href":"https:\/\/www.tilda.com\/it-it\/wp-json\/wp\/v2\/pages\/83","targetHints":{"allow":["GET"]}}],"collection":[{"href":"https:\/\/www.tilda.com\/it-it\/wp-json\/wp\/v2\/pages"}],"about":[{"href":"https:\/\/www.tilda.com\/it-it\/wp-json\/wp\/v2\/types\/page"}],"author":[{"embeddable":true,"href":"https:\/\/www.tilda.com\/it-it\/wp-json\/wp\/v2\/users\/1"}],"replies":[{"embeddable":true,"href":"https:\/\/www.tilda.com\/it-it\/wp-json\/wp\/v2\/comments?post=83"}],"version-history":[{"count":0,"href":"https:\/\/www.tilda.com\/it-it\/wp-json\/wp\/v2\/pages\/83\/revisions"}],"wp:attachment":[{"href":"https:\/\/www.tilda.com\/it-it\/wp-json\/wp\/v2\/media?parent=83"}],"curies":[{"name":"wp","href":"https:\/\/api.w.org\/{rel}","templated":true}]}}