{"id":8740,"date":"2025-10-29T15:22:43","date_gmt":"2025-10-29T15:22:43","guid":{"rendered":"https:\/\/www.tilda.com\/fr-fr\/?page_id=8740"},"modified":"2025-10-29T16:22:15","modified_gmt":"2025-10-29T16:22:15","slug":"communautes-prosperes","status":"publish","type":"page","link":"https:\/\/www.tilda.com\/fr-fr\/durabilite\/communautes-prosperes\/","title":{"rendered":"Communaut\u00e9s Prosp\u00e8res"},"content":{"rendered":"<section class=\"content-section content-section--no-pad\">\n\t<div class=\"slider slider--flex slider--hero\">\n\t\t<ul data-behaviour=\"single-slider\" data-show_nav=\"true\" data-nav-id=\"hero-nav-637536\">\n\n\t\t\t\n\t\t\t\t\t\t\t\t\t\t\t\t\t\t\t<li class=\"hero hero--468941624  hero--pos-  \" >\n\t\t\t\t\t\n\t\t\t\t\t\t\t\t\t\t\t\t\t\t\t<style>\n\t.hero--468941624{\n\t\tbackground-image: url(https:\/\/www.tilda.com\/fr-fr\/wp-content\/uploads\/sites\/19\/2025\/10\/29150522\/Tilda-Sustainability-ThrivingCommunities-1.webp);\n\t\tbackground-size: cover;\n\t\tbackground-repeat: no-repeat;\n\n\t\t@media(min-width: 1440px) {\n\t\t\taspect-ratio: var(--aspect-ratio);\n\t\t}\n\t}\n<\/style>\t\t\t\t\t\n\t\t\t\t\t\t\t\t\t<\/li>\n\t\t\t\t\t<\/ul>\n    <div class=\"hero-nav tns-nav\">\n      <nav id=\"hero-nav-637536\" class=\"hero-nav__wrapper\" aria-label=\"Carousel navigation\">\n                        <button class=\"hero-nav__button\" type=\"button\"><\/button>\n                <\/nav>\n\t  <\/div>\n    <div id=\"hero-nav-637536-status\" aria-live=\"polite\" aria-atomic=\"true\" class=\"u-visually-hidden\"><\/div>\n\t<\/div>\n<\/section>\n\n\n<section class=\"content-section content-section--top-mask content-section-- u-contrast-text--\">\n    <div class=\"free-content container container--small\">\n                    <div class=\"free-content__content user-content\">\n                <h2 style=\"text-align: center;\">NOS FAITS SAILLANTS DE L&rsquo;IMPACT 2023-24<\/h2>\n\n            <\/div>\n            <\/div>\n<\/section>\n\n\n<section class=\"content-section content-section--no-pad content-section--saffron\" id=\"\">\n                \\\n\n    <div class=\"image-with-cta image-with-cta--centered-text\">\n        <div class=\"image-with-cta__content\">\n            <div class=\"image-with-cta__container\">\n                                    <h2 class=\"title title__rice title__rice--left-2 title__rice--right-3\">\n                        <span>Combattre<\/span> <span>la<\/span> <span>nourriturela<\/span> <span>pauvret\u00e9<\/span> <span>avec<\/span> <span>Projet<\/span> <span>Felix<\/span>\n                    <\/h2>\n                \n                                    <p style=\"text-align: center;\"><span dir=\"auto\">Pr\u00e8s de deux millions de Londoniens souffrent de la faim. Face \u00e0 ce probl\u00e8me, The Felix Project, principale organisation caritative de redistribution alimentaire \u00e0 Londres, \u0153uvre pour fournir de la nourriture aux plus vuln\u00e9rables.<\/span><\/p>\n<p style=\"text-align: center;\"><span dir=\"auto\">Tilda est l&rsquo;un des fournisseurs les plus fid\u00e8les du Felix Project. Nous collaborons depuis la cr\u00e9ation du projet en 2017 et notre riz est un ingr\u00e9dient essentiel de nombreux repas pr\u00e9par\u00e9s \u00e0 la cuisine de Felix. En 2023, nous avons fourni plus de 960\u00a0000 portions de riz pour soutenir et nourrir les communaut\u00e9s dans le besoin.<\/span><\/p>\n\n                \n                            <\/div>\n        <\/div>\n\n                                                        \n            <div class=\"image-with-cta__image image-with-cta__image-8776\">\n                <style>\n\t.image-with-cta__image-8776{\n\t\tbackground-image: url(https:\/\/www.tilda.com\/fr-fr\/wp-content\/uploads\/sites\/19\/2025\/10\/29151059\/Tilda-Sustainability-ThrivingCommunities-FelixProject.webp);\n\t\tbackground-size: cover;\n\t\tbackground-repeat: no-repeat;\n\n\t\t@media(min-width: 1440px) {\n\t\t\taspect-ratio: var(--aspect-ratio);\n\t\t}\n\t}\n<\/style>            <\/div>\n            <\/div>\n<\/section>\n\n\n<section class=\"content-section content-section--no-pad content-section--araucana-egg\" id=\"\">\n                \\\n\n    <div class=\"image-with-cta image-with-cta--flipped image-with-cta--centered-text\">\n        <div class=\"image-with-cta__content\">\n            <div class=\"image-with-cta__container\">\n                                    <h2 class=\"title title__rice title__rice--left-2 title__rice--right-3\">\n                        <span>Zest<\/span> <span>Quest<\/span> <span>Asie<\/span>\n                    <\/h2>\n                \n                                    <p><span dir=\"auto\">Zest Quest Asia est un concours culinaire ax\u00e9 sur la cuisine asiatique, mettant en valeur<\/span><br \/>\n<span dir=\"auto\">la cr\u00e9ativit\u00e9 et les connaissances des \u00e9tudiants participants. Depuis 2013, Tilda s&rsquo;associe \u00e0 Cyrus et Pervin Todiwala pour organiser Zest Quest Asia, un \u00e9v\u00e9nement visant \u00e0 combler les lacunes en mati\u00e8re de comp\u00e9tences et de connaissances sur la cuisine asiatique classique et \u00e0 susciter l&rsquo;int\u00e9r\u00eat pour les carri\u00e8res culinaires asiatiques. Pour Tilda, ce concours offre une plateforme permettant de toucher, d&rsquo;inspirer et de former la future g\u00e9n\u00e9ration de chefs.<\/span><\/p>\n<p><span dir=\"auto\">En 2023, l&rsquo;Universit\u00e9 de West London a remport\u00e9 le prix sp\u00e9cial Tilda pour son menu quatre services d&rsquo;inspiration vietnamienne. Le prix consistait en un voyage exceptionnel\u00a0: une immersion culinaire et culturelle d&rsquo;une semaine \u00e0 Bangkok, en Tha\u00eflande.<\/span><\/p>\n\n                \n                            <\/div>\n        <\/div>\n\n                                                        \n            <div class=\"image-with-cta__image image-with-cta__image-8777\">\n                <style>\n\t.image-with-cta__image-8777{\n\t\tbackground-image: url(https:\/\/www.tilda.com\/fr-fr\/wp-content\/uploads\/sites\/19\/2025\/10\/29151357\/Tilda-Sustainability-ThrivingCommunities-ZestQuest.webp);\n\t\tbackground-size: cover;\n\t\tbackground-repeat: no-repeat;\n\n\t\t@media(min-width: 1440px) {\n\t\t\taspect-ratio: var(--aspect-ratio);\n\t\t}\n\t}\n<\/style>            <\/div>\n            <\/div>\n<\/section>\n\n\n<section class=\"content-section content-section--no-pad\" id=\"\">\n                \\\n\n    <div class=\"image-with-cta image-with-cta--centered-text\">\n        <div class=\"image-with-cta__content\">\n            <div class=\"image-with-cta__container\">\n                                    <h2 class=\"title title__rice title__rice--left-2 title__rice--right-3\">\n                        <span>Mary\u2019s<\/span> <span>Meals<\/span> <span><\/span>\n                    <\/h2>\n                \n                                    <p><span dir=\"auto\"><span class=\"\" dir=\"auto\">L&rsquo;association Mary&rsquo;s Meals fournit des repas scolaires nutritifs aux enfants vivant dans certains des pays les plus pauvres du monde. La perspective d&rsquo;un bon repas motive ces enfants affam\u00e9s \u00e0 aller en classe et leur donne l&rsquo;\u00e9nergie n\u00e9cessaire pour apprendre.<\/span><\/span><\/p>\n<p><span dir=\"auto\">En 2023, Tilda a franchi une \u00e9tape importante en fournissant plus de cinq cent mille repas scolaires gr\u00e2ce \u00e0 Mary&rsquo;s Meals. Nous soutenons Mary&rsquo;s Meals depuis 2018 et avons collect\u00e9 39\u00a0651\u00a0\u00a3. Pour chaque sac de 5\u00a0kg vendu de notre gamme de riz complet, Tilda offre un repas \u00e0 un enfant par l&rsquo;interm\u00e9diaire de Mary&rsquo;s Meals. Cela inclut le riz Tilda Brun &amp; Blanc, le riz Basmati Brun et le riz complet Tilda.<\/span><\/p>\n\n                \n                            <\/div>\n        <\/div>\n\n                                                        \n            <div class=\"image-with-cta__image image-with-cta__image-8778\">\n                <style>\n\t.image-with-cta__image-8778{\n\t\tbackground-image: url(https:\/\/www.tilda.com\/fr-fr\/wp-content\/uploads\/sites\/19\/2025\/10\/29151643\/Tilda-Sustainability-ThrivingCommunities-MarysMeals.webp);\n\t\tbackground-size: cover;\n\t\tbackground-repeat: no-repeat;\n\n\t\t@media(min-width: 1440px) {\n\t\t\taspect-ratio: var(--aspect-ratio);\n\t\t}\n\t}\n<\/style>            <\/div>\n            <\/div>\n<\/section>\n\n\n<section class=\"content-section cta content-section--araucana-egg\">\n    <div class=\"cta__wrapper\">\n                <div class=\"container u-text-center\">\n            \n            \n                            <p class=\"content-section__subtitle cta__text\"><h4>Pour en savoir plus sur notre mission et les changements positifs que nous mettons en \u0153uvre, consultez notre dernier rapport d&rsquo;impact.<h4\/>\r\n<\/p>\n            \n                            <a href=\"https:\/\/www.tilda.com\/Tilda_Impact_Report_23-24.pdf\" class=\"button\" target=\"_self\"> Consultez notre rapport d&rsquo;impact 2023-2024 (en anglais)<\/a>\n                    <\/div>\n    <\/div>\n<\/section>","protected":false},"excerpt":{"rendered":"","protected":false},"author":20,"featured_media":0,"parent":8727,"menu_order":0,"comment_status":"closed","ping_status":"closed","template":"","meta":{"_acf_changed":true,"editor_notices":[],"footnotes":""},"class_list":["post-8740","page","type-page","status-publish","hentry"],"acf":[],"yoast_head":"<!-- This site is optimized with the Yoast SEO Premium plugin v27.1 (Yoast SEO v27.1.1) - https:\/\/yoast.com\/product\/yoast-seo-premium-wordpress\/ -->\n<title>Communaut\u00e9s Prosp\u00e8res &#060; Tilda Rice Francais<\/title>\n<meta name=\"robots\" content=\"index, follow, max-snippet:-1, max-image-preview:large, max-video-preview:-1\" \/>\n<link rel=\"canonical\" href=\"http:\/\/www.tilda.com\/fr-fr\/durabilite\/communautes-prosperes\/\" \/>\n<meta property=\"og:locale\" content=\"fr_FR\" \/>\n<meta property=\"og:type\" content=\"article\" \/>\n<meta property=\"og:title\" content=\"Communaut\u00e9s Prosp\u00e8res\" \/>\n<meta property=\"og:url\" content=\"http:\/\/www.tilda.com\/fr-fr\/durabilite\/communautes-prosperes\/\" \/>\n<meta property=\"og:site_name\" content=\"Tilda Rice Francais\" \/>\n<meta property=\"article:modified_time\" content=\"2025-10-29T16:22:15+00:00\" \/>\n<meta name=\"twitter:card\" content=\"summary_large_image\" \/>\n<script type=\"application\/ld+json\" class=\"yoast-schema-graph\">{\"@context\":\"https:\/\/schema.org\",\"@graph\":[{\"@type\":\"WebPage\",\"@id\":\"http:\/\/www.tilda.com\/fr-fr\/durabilite\/communautes-prosperes\/\",\"url\":\"http:\/\/www.tilda.com\/fr-fr\/durabilite\/communautes-prosperes\/\",\"name\":\"Communaut\u00e9s Prosp\u00e8res &#060; Tilda Rice Francais\",\"isPartOf\":{\"@id\":\"https:\/\/www.tilda.com\/fr-fr\/#website\"},\"datePublished\":\"2025-10-29T15:22:43+00:00\",\"dateModified\":\"2025-10-29T16:22:15+00:00\",\"breadcrumb\":{\"@id\":\"http:\/\/www.tilda.com\/fr-fr\/durabilite\/communautes-prosperes\/#breadcrumb\"},\"inLanguage\":\"fr-FR\",\"potentialAction\":[{\"@type\":\"ReadAction\",\"target\":[\"http:\/\/www.tilda.com\/fr-fr\/durabilite\/communautes-prosperes\/\"]}]},{\"@type\":\"BreadcrumbList\",\"@id\":\"http:\/\/www.tilda.com\/fr-fr\/durabilite\/communautes-prosperes\/#breadcrumb\",\"itemListElement\":[{\"@type\":\"ListItem\",\"position\":1,\"name\":\"Accueil\",\"item\":\"https:\/\/www.tilda.com\/fr-fr\/\"},{\"@type\":\"ListItem\",\"position\":2,\"name\":\"Durabilit\u00e9\",\"item\":\"https:\/\/www.tilda.com\/fr-fr\/durabilite\/\"},{\"@type\":\"ListItem\",\"position\":3,\"name\":\"Communaut\u00e9s Prosp\u00e8res\"}]},{\"@type\":\"WebSite\",\"@id\":\"https:\/\/www.tilda.com\/fr-fr\/#website\",\"url\":\"https:\/\/www.tilda.com\/fr-fr\/\",\"name\":\"Tilda Rice Francais\",\"description\":\"All things Basmati\",\"potentialAction\":[{\"@type\":\"SearchAction\",\"target\":{\"@type\":\"EntryPoint\",\"urlTemplate\":\"https:\/\/www.tilda.com\/fr-fr\/?s={search_term_string}\"},\"query-input\":{\"@type\":\"PropertyValueSpecification\",\"valueRequired\":true,\"valueName\":\"search_term_string\"}}],\"inLanguage\":\"fr-FR\"}]}<\/script>\n<!-- \/ Yoast SEO Premium plugin. -->","yoast_head_json":{"title":"Communaut\u00e9s Prosp\u00e8res &#060; Tilda Rice Francais","robots":{"index":"index","follow":"follow","max-snippet":"max-snippet:-1","max-image-preview":"max-image-preview:large","max-video-preview":"max-video-preview:-1"},"canonical":"http:\/\/www.tilda.com\/fr-fr\/durabilite\/communautes-prosperes\/","og_locale":"fr_FR","og_type":"article","og_title":"Communaut\u00e9s Prosp\u00e8res","og_url":"http:\/\/www.tilda.com\/fr-fr\/durabilite\/communautes-prosperes\/","og_site_name":"Tilda Rice Francais","article_modified_time":"2025-10-29T16:22:15+00:00","twitter_card":"summary_large_image","schema":{"@context":"https:\/\/schema.org","@graph":[{"@type":"WebPage","@id":"http:\/\/www.tilda.com\/fr-fr\/durabilite\/communautes-prosperes\/","url":"http:\/\/www.tilda.com\/fr-fr\/durabilite\/communautes-prosperes\/","name":"Communaut\u00e9s Prosp\u00e8res &#060; Tilda Rice Francais","isPartOf":{"@id":"https:\/\/www.tilda.com\/fr-fr\/#website"},"datePublished":"2025-10-29T15:22:43+00:00","dateModified":"2025-10-29T16:22:15+00:00","breadcrumb":{"@id":"http:\/\/www.tilda.com\/fr-fr\/durabilite\/communautes-prosperes\/#breadcrumb"},"inLanguage":"fr-FR","potentialAction":[{"@type":"ReadAction","target":["http:\/\/www.tilda.com\/fr-fr\/durabilite\/communautes-prosperes\/"]}]},{"@type":"BreadcrumbList","@id":"http:\/\/www.tilda.com\/fr-fr\/durabilite\/communautes-prosperes\/#breadcrumb","itemListElement":[{"@type":"ListItem","position":1,"name":"Accueil","item":"https:\/\/www.tilda.com\/fr-fr\/"},{"@type":"ListItem","position":2,"name":"Durabilit\u00e9","item":"https:\/\/www.tilda.com\/fr-fr\/durabilite\/"},{"@type":"ListItem","position":3,"name":"Communaut\u00e9s Prosp\u00e8res"}]},{"@type":"WebSite","@id":"https:\/\/www.tilda.com\/fr-fr\/#website","url":"https:\/\/www.tilda.com\/fr-fr\/","name":"Tilda Rice Francais","description":"All things Basmati","potentialAction":[{"@type":"SearchAction","target":{"@type":"EntryPoint","urlTemplate":"https:\/\/www.tilda.com\/fr-fr\/?s={search_term_string}"},"query-input":{"@type":"PropertyValueSpecification","valueRequired":true,"valueName":"search_term_string"}}],"inLanguage":"fr-FR"}]}},"_links":{"self":[{"href":"https:\/\/www.tilda.com\/fr-fr\/wp-json\/wp\/v2\/pages\/8740","targetHints":{"allow":["GET"]}}],"collection":[{"href":"https:\/\/www.tilda.com\/fr-fr\/wp-json\/wp\/v2\/pages"}],"about":[{"href":"https:\/\/www.tilda.com\/fr-fr\/wp-json\/wp\/v2\/types\/page"}],"author":[{"embeddable":true,"href":"https:\/\/www.tilda.com\/fr-fr\/wp-json\/wp\/v2\/users\/20"}],"replies":[{"embeddable":true,"href":"https:\/\/www.tilda.com\/fr-fr\/wp-json\/wp\/v2\/comments?post=8740"}],"version-history":[{"count":0,"href":"https:\/\/www.tilda.com\/fr-fr\/wp-json\/wp\/v2\/pages\/8740\/revisions"}],"up":[{"embeddable":true,"href":"https:\/\/www.tilda.com\/fr-fr\/wp-json\/wp\/v2\/pages\/8727"}],"wp:attachment":[{"href":"https:\/\/www.tilda.com\/fr-fr\/wp-json\/wp\/v2\/media?parent=8740"}],"curies":[{"name":"wp","href":"https:\/\/api.w.org\/{rel}","templated":true}]}}