{"id":1159,"date":"2021-03-09T17:27:45","date_gmt":"2021-03-09T17:27:45","guid":{"rendered":"https:\/\/www.tilda.com\/?page_id=1159"},"modified":"2021-11-23T10:14:26","modified_gmt":"2021-11-23T10:14:26","slug":"responsabilite-sociale-organisationnelle","status":"publish","type":"page","link":"https:\/\/www.tilda.com\/fr-fr\/qui-sommes-nous\/responsabilite-sociale-organisationnelle\/","title":{"rendered":"Responsabilit\u00e9 sociale organisationnelle"},"content":{"rendered":"\n<section class=\"content-section content-section--no-pad parallax\">\n                <style>\n\t.parallax__image{\n\t\tbackground-image: url(https:\/\/www.tilda.com\/fr-fr\/wp-content\/uploads\/sites\/19\/2021\/03\/Z2O6455-Edit-1.jpg);\n\t\tbackground-size: cover;\n\t\tbackground-repeat: no-repeat;\n\n\t\t@media(min-width: 1440px) {\n\t\t\taspect-ratio: var(--aspect-ratio);\n\t\t}\n\t}\n<\/style>    <div class=\"parallax__image\"><\/div>\n    <div class=\"parallax__breadcrumb yoast-breadcrumb\">\n        <div class=\"container\">\n            <ol><li><a href=\"http:\/\/www.tilda.com\/fr-fr\/\">Accueil<\/a><\/li><\/ol>\n        <\/div>\n    <\/div>\n    <div class=\"container container--small u-text-center parallax__content1\">\n        \n                    <h1 class=\"u-text-center\"><span class=\"title title__rice title__rice--left-2 title__rice--right-3\"><span>Responsabilit\u00e9<\/span> <span>sociale<\/span> <span class=\"title--outline\">organisationnelle<\/span><\/span><\/h1>\n                \n        <p class=\"parallax__big-text\"><\/p>\n    <\/div>\n    <div class=\"container container--small u-text-center parallax__content2\">\n                    <p class=\"h6\">Notre approche en mati\u00e8re de<\/p>\n                <h2 class=\"u-text-center\"><span class=\"title title__rice title__rice--left-2 title__rice--right-3\"><span>Durabilit\u00e9<\/span><\/span><\/h2>\n        <p class=\"parallax__big-text\">Nous nous sommes engag\u00e9s \u00e0 assurer la viabilit\u00e9 \u00e0 long terme de la culture du riz basmati. <\/p>\n    <\/div>\n<\/section>\n\n<section class=\"content-section content-section--top-mask content-section-- u-contrast-text--\">\n    <div class=\"free-content free-content--big-text container container--small\">\n                    <div class=\"free-content__content user-content\">\n                <p style=\"text-align: center;\">Nous avons toujours su que pour obtenir la meilleure qualit\u00e9 qui soit, nous devions nous approvisionner uniquement en riz de qualit\u00e9<br \/>\nsup\u00e9rieure. C&rsquo;est pourquoi l&rsquo;approvisionnement \u00e9thique et l&rsquo;assurance qualit\u00e9 sont au c\u0153ur de tout ce que nous<br \/>\nfaisons. Nous avons pour ambition d&rsquo;\u00eatre l&rsquo;un des producteurs de riz les plus inspirants et les plus<br \/>\nresponsables du monde.<\/p>\n<p style=\"text-align: center;\">Nous s\u00e9lectionnons \u00e0 la main les grains de qualit\u00e9 sup\u00e9rieure et nous assurons que seuls le meilleur riz et les meilleurs ingr\u00e9dients<br \/>\nsont utilis\u00e9s dans chacun de nos paquets Tilda. Nous ne produisons pour personne d&rsquo;autre.<br \/>\nAinsi, vous ne trouverez notre riz que dans les paquets qui portent le nom de Tilda\u00a0!<\/p>\n\n            <\/div>\n            <\/div>\n<\/section>\n\n        \n    <section class=\"content-section content-section--navy\">\n        <div class=\"quote quote--in-section container container--medium\">\n            <div class=\"container container--small u-text-center\">\n                <p class=\"quote__content\">Nous reconnaissons que l&rsquo;ensemble de nos activit\u00e9s a un certain impact sur l&rsquo;environnement. Nous examinons donc soigneusement chaque \u00e9tape pour r\u00e9duire notre empreinte et limiter ainsi notre impact.  Nous pouvons faire beaucoup plus, et c&rsquo;est exactement ce que nous ferons.<\/p>\n                                    <p class=\"quote__source\">Jonathan\u00a0Calland\u00a0\u2013\u00a0Directeur de la durabilit\u00e9 et des affaires ext\u00e9rieures<\/p>\n                            <\/div>\n        <\/div>\n    <\/section>\n\n\n            \n<section class=\"content-section cta cta--image content-section--image cta--image-1671 cta--image-overlay content-section--no-pad\">\n    <div class=\"cta__wrapper\">\n                    <style>\n\t.cta--image-1671{\n\t\tbackground-image: url(https:\/\/www.tilda.com\/fr-fr\/wp-content\/uploads\/sites\/19\/2021\/03\/Z2O9595-Edit-e1615983757386.jpg);\n\t\tbackground-size: cover;\n\t\tbackground-repeat: no-repeat;\n\n\t\t@media(min-width: 1440px) {\n\t\t\taspect-ratio: var(--aspect-ratio);\n\t\t}\n\t}\n<\/style>                <div class=\"container u-text-center\">\n                            <p class=\"h6\">Comment nous g\u00e9rons<\/p>\n            \n                                                <h2 class=\"content-section__title cta__title title title--white title__rice title__rice--left-2 title__rice--right-3\">\n                        <span>Le<\/span> <span>recyclage<\/span> <span>et<\/span> <span>les<\/span> <span>emballages<\/span>\n                    <\/h2>\n                            \n                            <p class=\"content-section__subtitle cta__text\">Chez Tilda, les emballages que nous utilisons sont choisis pour que nos produits arrivent aux consommateurs dans les meilleures conditions de s\u00e9curit\u00e9 possible.<\/p>\n            \n                    <\/div>\n    <\/div>\n<\/section>\n\n<section class=\"content-section content-section--top-mask content-section-- u-contrast-text--\">\n    <div class=\"free-content free-content--big-text container container--small\">\n                    <div class=\"free-content__content user-content\">\n                <p><strong>Nous avons lanc\u00e9 r\u00e9cemment une nouvelle gamme de m\u00e9langes de riz sec conditionn\u00e9s dans des emballages en carton de 375\u00a0g, 100\u00a0% recyclables. Pour les volumes plus importants, nous utilisons un film barri\u00e8re beaucoup plus r\u00e9sistant, qui n&rsquo;est g\u00e9n\u00e9ralement pas recycl\u00e9 en raison des technologies limit\u00e9es dont disposent les autorit\u00e9s locales. Ce type de film pr\u00e9sente des avantages, notamment celui de r\u00e9duire consid\u00e9rablement le risque de d\u00e9t\u00e9rioration et de gaspillage de nourriture.<\/strong>rnrn rnrnNous souscrivons au programme Point\u00a0vert, qui est un programme europ\u00e9en bien \u00e9tabli et obligatoire dans plusieurs des pays europ\u00e9ens o\u00f9 les produits Tilda sont vendus. Le symbole signifie que pour chaque type d&#8217;emballage, une contribution financi\u00e8re a \u00e9t\u00e9 vers\u00e9e \u00e0 un organisme national de r\u00e9cup\u00e9ration ou de recyclage des emballages. Nos produits sont vendus dans tous les pays d&rsquo;Europe o\u00f9 le symbole est requis pour prouver que nous respectons la l\u00e9gislation locale en mati\u00e8re de d\u00e9chets d&#8217;emballages. Nous collaborons avec nos fournisseurs d&#8217;emballages pour nous assurer que tous nos emballages seront recyclables dans les pays o\u00f9 ils sont vendus.rnrn<\/p>\n<hr \/>\n<p>rnrn<strong>V\u00e9rification \u00e9thique des fournisseurs<\/strong>rnrnTilda est membre de Sedex Global \u2013\u00a0un organisme ind\u00e9pendant \u00e0 but non lucratif qui v\u00e9rifie le rendement \u00e9thique et la transparence de notre cha\u00eene d&rsquo;approvisionnement et qui couvre les normes de travail, la sant\u00e9 et la s\u00e9curit\u00e9, &amp; l&rsquo;environnement et l&rsquo;\u00e9thique commerciale.rn<\/p>\n<h2>100%<\/h2>\n<p>rnRendement \u00e9thique et transparence en 2020<\/p>\n\n            <\/div>\n            <\/div>\n<\/section>\n\n            \n<section class=\"content-section cta cta--image content-section--image cta--image-1676 cta--image-overlay content-section--no-pad\">\n    <div class=\"cta__wrapper\">\n                    <style>\n\t.cta--image-1676{\n\t\tbackground-image: url(https:\/\/www.tilda.com\/fr-fr\/wp-content\/uploads\/sites\/19\/2021\/03\/Z2O6564-Edit-copy.jpg);\n\t\tbackground-size: cover;\n\t\tbackground-repeat: no-repeat;\n\n\t\t@media(min-width: 1440px) {\n\t\t\taspect-ratio: var(--aspect-ratio);\n\t\t}\n\t}\n<\/style>                <div class=\"container u-text-center\">\n                            <p class=\"h6\">Notre contribution \u00e0<\/p>\n            \n                                                <h2 class=\"content-section__title cta__title title title--white title__rice title__rice--left-2 title__rice--right-3\">\n                        <span>La<\/span> <span>communaut\u00e9<\/span> <span>et<\/span> <span>\u00e0<\/span> <span>de<\/span> <span>bonnes<\/span> <span>causes<\/span>\n                    <\/h2>\n                            \n                            <p class=\"content-section__subtitle cta__text\">Nous nous sommes engag\u00e9s \u00e0 soutenir les bonnes causes et les communaut\u00e9s de par le monde. D\u00e9couvrez ci-dessous certaines des initiatives que nous soutenons et leur travail. <\/p>\n            \n                    <\/div>\n    <\/div>\n<\/section>","protected":false},"excerpt":{"rendered":"","protected":false},"author":1,"featured_media":0,"parent":21,"menu_order":0,"comment_status":"closed","ping_status":"closed","template":"","meta":{"_acf_changed":false,"editor_notices":[],"footnotes":""},"class_list":["post-1159","page","type-page","status-publish","hentry"],"acf":[],"yoast_head":"<!-- This site is optimized with the Yoast SEO Premium plugin v27.1 (Yoast SEO v27.1.1) - https:\/\/yoast.com\/product\/yoast-seo-premium-wordpress\/ -->\n<title>Responsabilit\u00e9 sociale organisationnelle\u00a0|\u00a0Tilda<\/title>\n<meta name=\"description\" content=\"Chez Tilda, nous nous engageons toutes et tous \u00e0 am\u00e9liorer notre cha\u00eene d&#039;approvisionnement et \u00e0 la rendre durable. Pour en savoir plus, poursuivez votre lecture.\" \/>\n<meta name=\"robots\" content=\"index, follow, max-snippet:-1, max-image-preview:large, max-video-preview:-1\" \/>\n<link rel=\"canonical\" href=\"https:\/\/www.tilda.com\/fr-fr\/qui-sommes-nous\/responsabilite-sociale-organisationnelle\/\" \/>\n<meta property=\"og:locale\" content=\"fr_FR\" \/>\n<meta property=\"og:type\" content=\"article\" \/>\n<meta property=\"og:title\" content=\"Responsabilit\u00e9 sociale organisationnelle\" \/>\n<meta property=\"og:description\" content=\"Chez Tilda, nous nous engageons toutes et tous \u00e0 am\u00e9liorer notre cha\u00eene d&#039;approvisionnement et \u00e0 la rendre durable. Pour en savoir plus, poursuivez votre lecture.\" \/>\n<meta property=\"og:url\" content=\"https:\/\/www.tilda.com\/fr-fr\/qui-sommes-nous\/responsabilite-sociale-organisationnelle\/\" \/>\n<meta property=\"og:site_name\" content=\"Tilda Rice Francais\" \/>\n<meta property=\"article:modified_time\" content=\"2021-11-23T10:14:26+00:00\" \/>\n<meta name=\"twitter:card\" content=\"summary_large_image\" \/>\n<script type=\"application\/ld+json\" class=\"yoast-schema-graph\">{\"@context\":\"https:\/\/schema.org\",\"@graph\":[{\"@type\":\"WebPage\",\"@id\":\"https:\/\/www.tilda.com\/fr-fr\/qui-sommes-nous\/responsabilite-sociale-organisationnelle\/\",\"url\":\"https:\/\/www.tilda.com\/fr-fr\/qui-sommes-nous\/responsabilite-sociale-organisationnelle\/\",\"name\":\"Responsabilit\u00e9 sociale organisationnelle\u00a0|\u00a0Tilda\",\"isPartOf\":{\"@id\":\"http:\/\/www.tilda.com\/fr-fr\/#website\"},\"datePublished\":\"2021-03-09T17:27:45+00:00\",\"dateModified\":\"2021-11-23T10:14:26+00:00\",\"description\":\"Chez Tilda, nous nous engageons toutes et tous \u00e0 am\u00e9liorer notre cha\u00eene d'approvisionnement et \u00e0 la rendre durable. Pour en savoir plus, poursuivez votre lecture.\",\"breadcrumb\":{\"@id\":\"https:\/\/www.tilda.com\/fr-fr\/qui-sommes-nous\/responsabilite-sociale-organisationnelle\/#breadcrumb\"},\"inLanguage\":\"fr-FR\",\"potentialAction\":[{\"@type\":\"ReadAction\",\"target\":[\"https:\/\/www.tilda.com\/fr-fr\/qui-sommes-nous\/responsabilite-sociale-organisationnelle\/\"]}]},{\"@type\":\"BreadcrumbList\",\"@id\":\"https:\/\/www.tilda.com\/fr-fr\/qui-sommes-nous\/responsabilite-sociale-organisationnelle\/#breadcrumb\",\"itemListElement\":[{\"@type\":\"ListItem\",\"position\":1,\"name\":\"Accueil\",\"item\":\"http:\/\/www.tilda.com\/fr-fr\/\"},{\"@type\":\"ListItem\",\"position\":2,\"name\":\"Qui sommes-nous\u00a0?\",\"item\":\"http:\/\/www.tilda.com\/fr-fr\/qui-sommes-nous\/\"},{\"@type\":\"ListItem\",\"position\":3,\"name\":\"Responsabilit\u00e9 sociale organisationnelle\"}]},{\"@type\":\"WebSite\",\"@id\":\"http:\/\/www.tilda.com\/fr-fr\/#website\",\"url\":\"http:\/\/www.tilda.com\/fr-fr\/\",\"name\":\"Tilda Rice Francais\",\"description\":\"All things Basmati\",\"potentialAction\":[{\"@type\":\"SearchAction\",\"target\":{\"@type\":\"EntryPoint\",\"urlTemplate\":\"http:\/\/www.tilda.com\/fr-fr\/?s={search_term_string}\"},\"query-input\":{\"@type\":\"PropertyValueSpecification\",\"valueRequired\":true,\"valueName\":\"search_term_string\"}}],\"inLanguage\":\"fr-FR\"}]}<\/script>\n<!-- \/ Yoast SEO Premium plugin. -->","yoast_head_json":{"title":"Responsabilit\u00e9 sociale organisationnelle\u00a0|\u00a0Tilda","description":"Chez Tilda, nous nous engageons toutes et tous \u00e0 am\u00e9liorer notre cha\u00eene d'approvisionnement et \u00e0 la rendre durable. Pour en savoir plus, poursuivez votre lecture.","robots":{"index":"index","follow":"follow","max-snippet":"max-snippet:-1","max-image-preview":"max-image-preview:large","max-video-preview":"max-video-preview:-1"},"canonical":"https:\/\/www.tilda.com\/fr-fr\/qui-sommes-nous\/responsabilite-sociale-organisationnelle\/","og_locale":"fr_FR","og_type":"article","og_title":"Responsabilit\u00e9 sociale organisationnelle","og_description":"Chez Tilda, nous nous engageons toutes et tous \u00e0 am\u00e9liorer notre cha\u00eene d'approvisionnement et \u00e0 la rendre durable. Pour en savoir plus, poursuivez votre lecture.","og_url":"https:\/\/www.tilda.com\/fr-fr\/qui-sommes-nous\/responsabilite-sociale-organisationnelle\/","og_site_name":"Tilda Rice Francais","article_modified_time":"2021-11-23T10:14:26+00:00","twitter_card":"summary_large_image","schema":{"@context":"https:\/\/schema.org","@graph":[{"@type":"WebPage","@id":"https:\/\/www.tilda.com\/fr-fr\/qui-sommes-nous\/responsabilite-sociale-organisationnelle\/","url":"https:\/\/www.tilda.com\/fr-fr\/qui-sommes-nous\/responsabilite-sociale-organisationnelle\/","name":"Responsabilit\u00e9 sociale organisationnelle\u00a0|\u00a0Tilda","isPartOf":{"@id":"http:\/\/www.tilda.com\/fr-fr\/#website"},"datePublished":"2021-03-09T17:27:45+00:00","dateModified":"2021-11-23T10:14:26+00:00","description":"Chez Tilda, nous nous engageons toutes et tous \u00e0 am\u00e9liorer notre cha\u00eene d'approvisionnement et \u00e0 la rendre durable. Pour en savoir plus, poursuivez votre lecture.","breadcrumb":{"@id":"https:\/\/www.tilda.com\/fr-fr\/qui-sommes-nous\/responsabilite-sociale-organisationnelle\/#breadcrumb"},"inLanguage":"fr-FR","potentialAction":[{"@type":"ReadAction","target":["https:\/\/www.tilda.com\/fr-fr\/qui-sommes-nous\/responsabilite-sociale-organisationnelle\/"]}]},{"@type":"BreadcrumbList","@id":"https:\/\/www.tilda.com\/fr-fr\/qui-sommes-nous\/responsabilite-sociale-organisationnelle\/#breadcrumb","itemListElement":[{"@type":"ListItem","position":1,"name":"Accueil","item":"http:\/\/www.tilda.com\/fr-fr\/"},{"@type":"ListItem","position":2,"name":"Qui sommes-nous\u00a0?","item":"http:\/\/www.tilda.com\/fr-fr\/qui-sommes-nous\/"},{"@type":"ListItem","position":3,"name":"Responsabilit\u00e9 sociale organisationnelle"}]},{"@type":"WebSite","@id":"http:\/\/www.tilda.com\/fr-fr\/#website","url":"http:\/\/www.tilda.com\/fr-fr\/","name":"Tilda Rice Francais","description":"All things Basmati","potentialAction":[{"@type":"SearchAction","target":{"@type":"EntryPoint","urlTemplate":"http:\/\/www.tilda.com\/fr-fr\/?s={search_term_string}"},"query-input":{"@type":"PropertyValueSpecification","valueRequired":true,"valueName":"search_term_string"}}],"inLanguage":"fr-FR"}]}},"_links":{"self":[{"href":"https:\/\/www.tilda.com\/fr-fr\/wp-json\/wp\/v2\/pages\/1159","targetHints":{"allow":["GET"]}}],"collection":[{"href":"https:\/\/www.tilda.com\/fr-fr\/wp-json\/wp\/v2\/pages"}],"about":[{"href":"https:\/\/www.tilda.com\/fr-fr\/wp-json\/wp\/v2\/types\/page"}],"author":[{"embeddable":true,"href":"https:\/\/www.tilda.com\/fr-fr\/wp-json\/wp\/v2\/users\/1"}],"replies":[{"embeddable":true,"href":"https:\/\/www.tilda.com\/fr-fr\/wp-json\/wp\/v2\/comments?post=1159"}],"version-history":[{"count":0,"href":"https:\/\/www.tilda.com\/fr-fr\/wp-json\/wp\/v2\/pages\/1159\/revisions"}],"up":[{"embeddable":true,"href":"https:\/\/www.tilda.com\/fr-fr\/wp-json\/wp\/v2\/pages\/21"}],"wp:attachment":[{"href":"https:\/\/www.tilda.com\/fr-fr\/wp-json\/wp\/v2\/media?parent=1159"}],"curies":[{"name":"wp","href":"https:\/\/api.w.org\/{rel}","templated":true}]}}