{"id":21,"date":"2021-01-13T09:12:19","date_gmt":"2021-01-13T09:12:19","guid":{"rendered":"https:\/\/tilda.test\/?page_id=21"},"modified":"2021-07-05T15:25:23","modified_gmt":"2021-07-05T15:25:23","slug":"a-propos-de-nous","status":"publish","type":"page","link":"https:\/\/www.tilda.com\/fr-ca\/a-propos-de-nous\/","title":{"rendered":"\u00c0 propos de nous"},"content":{"rendered":"\n<section class=\"content-section content-section--no-pad parallax\">\n                <style>\n\t.parallax__image{\n\t\tbackground-image: url(https:\/\/www.tilda.com\/fr-ca\/wp-content\/uploads\/sites\/6\/2021\/03\/Tilda_1.1.2.jpg);\n\t\tbackground-size: cover;\n\t\tbackground-repeat: no-repeat;\n\n\t\t@media(min-width: 1440px) {\n\t\t\taspect-ratio: var(--aspect-ratio);\n\t\t}\n\t}\n<\/style>    <div class=\"parallax__image\"><\/div>\n    <div class=\"parallax__breadcrumb yoast-breadcrumb\">\n        <div class=\"container\">\n            <ol><li><a href=\"https:\/\/www.tilda.com\/fr-ca\/\">Accueil<\/a><\/li><\/ol>\n        <\/div>\n    <\/div>\n    <div class=\"container container--small u-text-center parallax__content1\">\n        \n                    <h1 class=\"u-text-center\"><span class=\"title title__rice title__rice--left-2 title__rice--right-3\"><span>\u00c0<\/span> <span>propos<\/span> <span>de<\/span> <span>Tilda<\/span><\/span><\/h1>\n                \n        <p class=\"parallax__big-text\">Chez Tilda, nous avons pour mission de profiter de la vie sous toutes ses formes. Nous mettons tout notre amour et notre \u00e9nergie \u00e0 produire le riz parfait. Nous ne faisons rien d&rsquo;autre et nous ne produisons pour personne d&rsquo;autre. Nous sommes des sp\u00e9cialistes du riz.<\/p>\n    <\/div>\n    <div class=\"container container--small u-text-center parallax__content2\">\n                <h2 class=\"u-text-center\"><span class=\"title title__rice title__rice--left-2 title__rice--right-3\"><span>Nous<\/span> <span>sommes<\/span> <span>emplis<\/span> <span>de<\/span> <span>curiosit\u00e9<\/span><\/span><\/h2>\n        <p class=\"parallax__big-text\">Le go\u00fbt est notre principe directeur. Il nous pousse \u00e0 \u00eatre obs\u00e9d\u00e9s par chaque grain, \u00e0 essayer de nouvelles saveurs et \u00e0 d\u00e9couvrir d&rsquo;autres cultures. Nous abordons la vie avec plein de curiosit\u00e9 et d&rsquo;optimisme. Cela nous am\u00e8ne \u00e0 r\u00e9fl\u00e9chir \u00e0 notre impact sur les gens et la plan\u00e8te, de la rizi\u00e8re \u00e0 l&rsquo;assiette.<\/p>\n    <\/div>\n<\/section>\n\n\n<section class=\"content-section content-section--no-pad content-section--pink content-section--fans\" id=\"\">\n                \\\n\n    <div class=\"image-with-cta image-with-cta--centered-text\">\n        <div class=\"image-with-cta__content\">\n            <div class=\"image-with-cta__container\">\n                                    <h2 class=\"title title__rice title__rice--left-2 title__rice--right-3\">\n                        <span>Notre<\/span> <span>histoire<\/span>\n                    <\/h2>\n                \n                                    <p>D\u00e9couvrez le parcours de Tilda au cours des 50 derni\u00e8res ann\u00e9es.<\/p>\n\n                \n                                    <a href=\"\/fr-ca\/a-propos-de-nous\/histoire\/\" class=\"button\" target=\"_self\">Notre histoire<\/a>\n                            <\/div>\n        <\/div>\n\n                                                        \n            <div class=\"image-with-cta__image image-with-cta__image-1087\">\n                <style>\n\t.image-with-cta__image-1087{\n\t\tbackground-image: url(https:\/\/www.tilda.com\/fr-ca\/wp-content\/uploads\/sites\/6\/2021\/03\/MG_6109-Edit.jpg);\n\t\tbackground-size: cover;\n\t\tbackground-repeat: no-repeat;\n\n\t\t@media(min-width: 1440px) {\n\t\t\taspect-ratio: var(--aspect-ratio);\n\t\t}\n\t}\n<\/style>            <\/div>\n            <\/div>\n<\/section>\n\n\n<section class=\"content-section content-section--turquoise\">\n    <div class=\"container container--medium\">\n                    <h2 class=\"content-section__title u-text-center title title__rice title__rice--left-2 title__rice--right-3\"><span>Nos<\/span> <span>valeurs<\/span><\/h2>\n                            <p class=\"content-section__subtitle u-text-center\">Nous sommes pleins d&rsquo;optimisme et de curiosit\u00e9 pour la nourriture et la vie. Nous aimons susciter l&rsquo;inspiration et la fascination. La passivit\u00e9 ne fait pas partie de notre vocabulaire. Nous jouons un r\u00f4le actif dans la culture, et n&rsquo;h\u00e9sitons pas \u00e0 nous salir les mains, les couteaux et les fourchettes. Nous pensons que l&rsquo;exploration de diff\u00e9rentes cultures par notre amour commun de la nourriture contribuera \u00e0 cr\u00e9er une soci\u00e9t\u00e9 plus inclusive et plus ouverte. Rassurez-vous, nous gardons le sens de la mesure. Apr\u00e8s tout, ce n&rsquo;est que du riz&#8230;<\/p>\n        \n        <div class=\"slider-blocks-wrapper\">\n                                                                                                                                                                                            \n                    <div class=\"slider-blocks slider-blocks__image-427 slider-blocks__image-overlay\" data-behaviour=\"slider-blocks\">\n                                                    <style>\n\t.slider-blocks__image-427{\n\t\tbackground-image: url(https:\/\/www.tilda.com\/fr-ca\/wp-content\/uploads\/sites\/6\/2021\/01\/recipe2.jpg);\n\t\tbackground-size: cover;\n\t\tbackground-repeat: no-repeat;\n\n\t\t@media(min-width: 1440px) {\n\t\t\taspect-ratio: var(--aspect-ratio);\n\t\t}\n\t}\n<\/style>                        \n                        <div class=\"slider-blocks__box\">\n                            <div>\n                                                                    <h3 class=\"slider-blocks__title u-text-uppercase h4\">Nutrition<\/h3>\n                                                                                                    <p class=\"slider-blocks__subtitle u-text-uppercase\">Nous s\u00e9lectionnons exclusivement les meilleurs grains.<\/p>\n                                                                                                    <div class=\"slider-blocks__content\">\n                                        Le riz est consid\u00e9r\u00e9 comme un super grain. Le basmati est sans gluten et faible en gras. Il contient les acides amin\u00e9s essentiels et de l\u2019acide folique. Il est tr\u00e8s pauvre en sodium et ne contient aucun cholest\u00e9rol.<br><br>Le riz pr\u00e9sente un indice glyc\u00e9mique de moyen \u00e0 faible, ce qui signifie qu\u2019il lib\u00e8re son \u00e9nergie \u00e0 un rythme relativement lent et stable, pour favoriser un niveau d\u2019\u00e9nergie plus \u00e9quilibr\u00e9. Cependant, nous ne nous limitons pas au basmati et nous sommes fiers de ne proposer que des grains de la plus haute qualit\u00e9, du pilau au jasmin, en passant par le riz sauvage et bien plus encore.\n                                    <\/div>\n                                                            <\/div>\n                                                            <div class=\"slider-blocks__button\" data-behaviour=\"slider-blocks-button\"><\/div>\n                                                    <\/div>\n                    <\/div>\n                                                                                                                                                                                \n                    <div class=\"slider-blocks slider-blocks__image-2513 slider-blocks__image-overlay\" data-behaviour=\"slider-blocks\">\n                                                    <style>\n\t.slider-blocks__image-2513{\n\t\tbackground-image: url(https:\/\/www.tilda.com\/fr-ca\/wp-content\/uploads\/sites\/6\/2021\/03\/GettyImages-1222221865-scaled.jpg);\n\t\tbackground-size: cover;\n\t\tbackground-repeat: no-repeat;\n\n\t\t@media(min-width: 1440px) {\n\t\t\taspect-ratio: var(--aspect-ratio);\n\t\t}\n\t}\n<\/style>                        \n                        <div class=\"slider-blocks__box\">\n                            <div>\n                                                                    <h3 class=\"slider-blocks__title u-text-uppercase h4\">Normes<\/h3>\n                                                                                                    <p class=\"slider-blocks__subtitle u-text-uppercase\">Puret\u00e9 et saveur<\/p>\n                                                                                                    <div class=\"slider-blocks__content\">\n                                        Nous veillons \u00e0 ce que seuls les meilleurs grains se retrouvent dans nos emballages et sur votre table. Gr\u00e2ce \u00e0 notre exp\u00e9rience et \u00e0 notre expertise de plus d&rsquo;un demi-si\u00e8cle, nous testons l&rsquo;ADN de chaque lot de basmati pour garantir sa puret\u00e9, nous le laissons vieillir naturellement au soleil et nous \u00e9liminons les grains cass\u00e9s qui lib\u00e8rent l&rsquo;amidon \u00e0 l&rsquo;origine du caract\u00e8re collant du riz lors du processus de mouture. \n                                    <\/div>\n                                                            <\/div>\n                                                            <div class=\"slider-blocks__button\" data-behaviour=\"slider-blocks-button\"><\/div>\n                                                    <\/div>\n                    <\/div>\n                                    <\/div>\n    <\/div>\n<\/section>\n\n\n<section class=\"content-section cta\">\n    <div class=\"cta__wrapper\">\n                <div class=\"container u-text-center\">\n            \n                                                <h2 class=\"content-section__title title title--white\"><span>Nous<\/span> <span>joindre<\/span><\/h2>\n                            \n                            <p class=\"content-section__subtitle cta__text\">Nous sommes toujours impatients de conna\u00eetre l&rsquo;avis de nos clients au sujet de nos produits. Donc, si vous souhaitez nous faire part d&rsquo;une id\u00e9e pour une nouvelle saveur d\u00e9licieuse, nous envoyer des commentaires ou soulever un probl\u00e8me, contactez-nous et nous vous r\u00e9pondrons d\u00e8s que possible.<\/p>\n            \n                            <a href=\"\/fr-ca\/a-propos-de-nous\/nous-joindre\/\" class=\"button\" target=\"_self\">Nous joindre<\/a>\n                    <\/div>\n    <\/div>\n<\/section>\n\n\n<section class=\"content-section content-section--no-pad content-section--blue content-section--diamonds-2\" id=\"\">\n                \\\n\n    <div class=\"image-with-cta image-with-cta--flipped image-with-cta--centered-text\">\n        <div class=\"image-with-cta__content\">\n            <div class=\"image-with-cta__container\">\n                                    <h2 class=\"title title__rice title__rice--left-2 title__rice--right-3\">\n                        <span>RESPONSABILIT\u00c9<\/span> <span>SOCIALE<\/span> <span>D&rsquo;ENTREPRISE<\/span>\n                    <\/h2>\n                \n                                    <p>Nous sommes profond\u00e9ment engag\u00e9s \u00e0 minimiser notre impact sur l&rsquo;environnement et \u00e0 maximiser les avantages sociaux et \u00e9conomiques pour toutes les communaut\u00e9s avec lesquelles nous travaillons.<\/p>\n\n                \n                                    <a href=\"\/fr-ca\/a-propos-de-nous\/responsabilite-sociale-dentreprise\/\" class=\"button\" target=\"_self\">RESPONSABILIT\u00c9 SOCIALE D&rsquo;ENTREPRISE<\/a>\n                            <\/div>\n        <\/div>\n\n                                                        \n            <div class=\"image-with-cta__image image-with-cta__image-1094\">\n                <style>\n\t.image-with-cta__image-1094{\n\t\tbackground-image: url(https:\/\/www.tilda.com\/fr-ca\/wp-content\/uploads\/sites\/6\/2021\/03\/Z2O6455-Edit.jpg);\n\t\tbackground-size: cover;\n\t\tbackground-repeat: no-repeat;\n\n\t\t@media(min-width: 1440px) {\n\t\t\taspect-ratio: var(--aspect-ratio);\n\t\t}\n\t}\n<\/style>            <\/div>\n            <\/div>\n<\/section>\n\n\n<section class=\"content-section cta\">\n    <div class=\"cta__wrapper\">\n                <div class=\"container u-text-center\">\n            \n                                                <h2 class=\"content-section__title title title--white\"><span>FAQ<\/span><\/h2>\n                            \n                            <p class=\"content-section__subtitle cta__text\">Vous avez une question sur nos produits, le riz, les informations sur les recettes ou la marque? Vous trouverez ci-dessous nos r\u00e9ponses \u00e0 certaines questions fr\u00e9quemment pos\u00e9es par nos clients. <\/p>\n            \n                            <a href=\"\/fr-ca\/faq\/\" class=\"button\" target=\"_self\">FAQ<\/a>\n                    <\/div>\n    <\/div>\n<\/section>","protected":false},"excerpt":{"rendered":"","protected":false},"author":1,"featured_media":0,"parent":0,"menu_order":0,"comment_status":"closed","ping_status":"closed","template":"","meta":{"_acf_changed":false,"editor_notices":[],"footnotes":""},"class_list":["post-21","page","type-page","status-publish","hentry"],"acf":[],"yoast_head":"<!-- This site is optimized with the Yoast SEO Premium plugin v27.1 (Yoast SEO v27.3) - https:\/\/yoast.com\/product\/yoast-seo-premium-wordpress\/ -->\n<title>\u00c0 propos de nous | Tilda<\/title>\n<meta name=\"robots\" content=\"index, follow, max-snippet:-1, max-image-preview:large, max-video-preview:-1\" \/>\n<link rel=\"canonical\" href=\"https:\/\/www.tilda.com\/fr-ca\/a-propos-de-nous\/\" \/>\n<meta property=\"og:locale\" content=\"fr_CA\" \/>\n<meta property=\"og:type\" content=\"article\" \/>\n<meta property=\"og:title\" content=\"\u00c0 propos de nous\" \/>\n<meta property=\"og:url\" content=\"https:\/\/www.tilda.com\/fr-ca\/a-propos-de-nous\/\" \/>\n<meta property=\"og:site_name\" content=\"Tilda Rice Canada Fran\u00e7ais\" \/>\n<meta property=\"article:modified_time\" content=\"2021-07-05T15:25:23+00:00\" \/>\n<meta name=\"twitter:card\" content=\"summary_large_image\" \/>\n<script type=\"application\/ld+json\" class=\"yoast-schema-graph\">{\"@context\":\"https:\\\/\\\/schema.org\",\"@graph\":[{\"@type\":\"WebPage\",\"@id\":\"https:\\\/\\\/www.tilda.com\\\/fr-ca\\\/a-propos-de-nous\\\/\",\"url\":\"https:\\\/\\\/www.tilda.com\\\/fr-ca\\\/a-propos-de-nous\\\/\",\"name\":\"\u00c0 propos de nous | Tilda\",\"isPartOf\":{\"@id\":\"https:\\\/\\\/www.tilda.com\\\/fr-ca\\\/#website\"},\"datePublished\":\"2021-01-13T09:12:19+00:00\",\"dateModified\":\"2021-07-05T15:25:23+00:00\",\"breadcrumb\":{\"@id\":\"https:\\\/\\\/www.tilda.com\\\/fr-ca\\\/a-propos-de-nous\\\/#breadcrumb\"},\"inLanguage\":\"fr-CA\",\"potentialAction\":[{\"@type\":\"ReadAction\",\"target\":[\"https:\\\/\\\/www.tilda.com\\\/fr-ca\\\/a-propos-de-nous\\\/\"]}]},{\"@type\":\"BreadcrumbList\",\"@id\":\"https:\\\/\\\/www.tilda.com\\\/fr-ca\\\/a-propos-de-nous\\\/#breadcrumb\",\"itemListElement\":[{\"@type\":\"ListItem\",\"position\":1,\"name\":\"Accueil\",\"item\":\"https:\\\/\\\/www.tilda.com\\\/fr-ca\\\/\"},{\"@type\":\"ListItem\",\"position\":2,\"name\":\"\u00c0 propos de nous\"}]},{\"@type\":\"WebSite\",\"@id\":\"https:\\\/\\\/www.tilda.com\\\/fr-ca\\\/#website\",\"url\":\"https:\\\/\\\/www.tilda.com\\\/fr-ca\\\/\",\"name\":\"Tilda Rice Canada Fran\u00e7ais\",\"description\":\"All things Basmati\",\"potentialAction\":[{\"@type\":\"SearchAction\",\"target\":{\"@type\":\"EntryPoint\",\"urlTemplate\":\"https:\\\/\\\/www.tilda.com\\\/fr-ca\\\/?s={search_term_string}\"},\"query-input\":{\"@type\":\"PropertyValueSpecification\",\"valueRequired\":true,\"valueName\":\"search_term_string\"}}],\"inLanguage\":\"fr-CA\"}]}<\/script>\n<!-- \/ Yoast SEO Premium plugin. -->","yoast_head_json":{"title":"\u00c0 propos de nous | Tilda","robots":{"index":"index","follow":"follow","max-snippet":"max-snippet:-1","max-image-preview":"max-image-preview:large","max-video-preview":"max-video-preview:-1"},"canonical":"https:\/\/www.tilda.com\/fr-ca\/a-propos-de-nous\/","og_locale":"fr_CA","og_type":"article","og_title":"\u00c0 propos de nous","og_url":"https:\/\/www.tilda.com\/fr-ca\/a-propos-de-nous\/","og_site_name":"Tilda Rice Canada Fran\u00e7ais","article_modified_time":"2021-07-05T15:25:23+00:00","twitter_card":"summary_large_image","schema":{"@context":"https:\/\/schema.org","@graph":[{"@type":"WebPage","@id":"https:\/\/www.tilda.com\/fr-ca\/a-propos-de-nous\/","url":"https:\/\/www.tilda.com\/fr-ca\/a-propos-de-nous\/","name":"\u00c0 propos de nous | Tilda","isPartOf":{"@id":"https:\/\/www.tilda.com\/fr-ca\/#website"},"datePublished":"2021-01-13T09:12:19+00:00","dateModified":"2021-07-05T15:25:23+00:00","breadcrumb":{"@id":"https:\/\/www.tilda.com\/fr-ca\/a-propos-de-nous\/#breadcrumb"},"inLanguage":"fr-CA","potentialAction":[{"@type":"ReadAction","target":["https:\/\/www.tilda.com\/fr-ca\/a-propos-de-nous\/"]}]},{"@type":"BreadcrumbList","@id":"https:\/\/www.tilda.com\/fr-ca\/a-propos-de-nous\/#breadcrumb","itemListElement":[{"@type":"ListItem","position":1,"name":"Accueil","item":"https:\/\/www.tilda.com\/fr-ca\/"},{"@type":"ListItem","position":2,"name":"\u00c0 propos de nous"}]},{"@type":"WebSite","@id":"https:\/\/www.tilda.com\/fr-ca\/#website","url":"https:\/\/www.tilda.com\/fr-ca\/","name":"Tilda Rice Canada Fran\u00e7ais","description":"All things Basmati","potentialAction":[{"@type":"SearchAction","target":{"@type":"EntryPoint","urlTemplate":"https:\/\/www.tilda.com\/fr-ca\/?s={search_term_string}"},"query-input":{"@type":"PropertyValueSpecification","valueRequired":true,"valueName":"search_term_string"}}],"inLanguage":"fr-CA"}]}},"_links":{"self":[{"href":"https:\/\/www.tilda.com\/fr-ca\/wp-json\/wp\/v2\/pages\/21","targetHints":{"allow":["GET"]}}],"collection":[{"href":"https:\/\/www.tilda.com\/fr-ca\/wp-json\/wp\/v2\/pages"}],"about":[{"href":"https:\/\/www.tilda.com\/fr-ca\/wp-json\/wp\/v2\/types\/page"}],"author":[{"embeddable":true,"href":"https:\/\/www.tilda.com\/fr-ca\/wp-json\/wp\/v2\/users\/1"}],"replies":[{"embeddable":true,"href":"https:\/\/www.tilda.com\/fr-ca\/wp-json\/wp\/v2\/comments?post=21"}],"version-history":[{"count":0,"href":"https:\/\/www.tilda.com\/fr-ca\/wp-json\/wp\/v2\/pages\/21\/revisions"}],"wp:attachment":[{"href":"https:\/\/www.tilda.com\/fr-ca\/wp-json\/wp\/v2\/media?parent=21"}],"curies":[{"name":"wp","href":"https:\/\/api.w.org\/{rel}","templated":true}]}}