{"id":21,"date":"2021-01-13T09:12:19","date_gmt":"2021-01-13T09:12:19","guid":{"rendered":"https:\/\/tilda.test\/?page_id=21"},"modified":"2021-11-11T16:44:52","modified_gmt":"2021-11-11T16:44:52","slug":"qui-sommes-nous","status":"publish","type":"page","link":"https:\/\/www.tilda.com\/fr-be\/qui-sommes-nous\/","title":{"rendered":"Qui sommes-nous\u00a0?"},"content":{"rendered":"\n<section class=\"content-section content-section--no-pad parallax\">\n                <style>\n\t.parallax__image{\n\t\tbackground-image: url(https:\/\/www.tilda.com\/fr-be\/wp-content\/uploads\/sites\/13\/2021\/03\/Tilda_1.1.2.jpg);\n\t\tbackground-size: cover;\n\t\tbackground-repeat: no-repeat;\n\n\t\t@media(min-width: 1440px) {\n\t\t\taspect-ratio: var(--aspect-ratio);\n\t\t}\n\t}\n<\/style>    <div class=\"parallax__image\"><\/div>\n    <div class=\"parallax__breadcrumb yoast-breadcrumb\">\n        <div class=\"container\">\n            <ol><li><a href=\"https:\/\/www.tilda.com\/fr-be\/\">Accueil<\/a><\/li><\/ol>\n        <\/div>\n    <\/div>\n    <div class=\"container container--small u-text-center parallax__content1\">\n        \n                    <h1 class=\"u-text-center\"><span class=\"title title__rice title__rice--left-2 title__rice--right-3\"><span>\u00c0<\/span> <span>propos<\/span> <span>de<\/span> <span>Tilda<\/span><\/span><\/h1>\n                \n        <p class=\"parallax__big-text\">Chez Tilda, notre mission est de permettre \u00e0 chacun de go\u00fbter \u00e0 toutes les saveurs de la vie. Nous mettons tout notre c\u0153ur et notre \u00e9nergie \u00e0 produire le riz parfait. Nous ne faisons rien d&rsquo;autre et ne produisons pour personne d&rsquo;autre. Nous sommes des sp\u00e9cialistes du riz.<\/p>\n    <\/div>\n    <div class=\"container container--small u-text-center parallax__content2\">\n                <h2 class=\"u-text-center\"><span class=\"title title__rice title__rice--left-2 title__rice--right-3\"><span>La<\/span> <span>curiosit\u00e9<\/span> <span>est<\/span> <span>notre<\/span> <span>moteur<\/span><\/span><\/h2>\n        <p class=\"parallax__big-text\">Le go\u00fbt guide nos actions. C&rsquo;est ce qui, chaque jour, nous pousse \u00e0 prendre soin de chaque grain de riz, \u00e0 essayer de nouvelles saveurs et \u00e0 d\u00e9couvrir d&rsquo;autres cultures. Nous abordons \u00e9galement la vie avec curiosit\u00e9 et optimisme. Cette conduite nous am\u00e8ne \u00e0 r\u00e9fl\u00e9chir \u00e0 notre impact sur les gens et la plan\u00e8te, de la rizi\u00e8re \u00e0 l&rsquo;assiette.<\/p>\n    <\/div>\n<\/section>\n\n\n<section class=\"content-section content-section--no-pad content-section--pink content-section--fans\" id=\"\">\n                \\\n\n    <div class=\"image-with-cta image-with-cta--centered-text\">\n        <div class=\"image-with-cta__content\">\n            <div class=\"image-with-cta__container\">\n                                    <h2 class=\"title title__rice title__rice--left-2 title__rice--right-3\">\n                        <span>Notre<\/span> <span>histoire<\/span>\n                    <\/h2>\n                \n                                    <p>D\u00e9couvrez le parcours de Tilda au cours de ces 50\u00a0derni\u00e8res ann\u00e9es.<\/p>\n\n                \n                                    <a href=\"\/fr-be\/qui-sommes-nous\/histoire\/\" class=\"button\" target=\"_self\">Notre histoire<\/a>\n                            <\/div>\n        <\/div>\n\n                                                        \n            <div class=\"image-with-cta__image image-with-cta__image-1087\">\n                <style>\n\t.image-with-cta__image-1087{\n\t\tbackground-image: url(https:\/\/www.tilda.com\/fr-be\/wp-content\/uploads\/sites\/13\/2021\/03\/MG_6109-Edit.jpg);\n\t\tbackground-size: cover;\n\t\tbackground-repeat: no-repeat;\n\n\t\t@media(min-width: 1440px) {\n\t\t\taspect-ratio: var(--aspect-ratio);\n\t\t}\n\t}\n<\/style>            <\/div>\n            <\/div>\n<\/section>\n\n\n<section class=\"content-section content-section--turquoise\">\n    <div class=\"container container--medium\">\n                    <h2 class=\"content-section__title u-text-center title title__rice title__rice--left-2 title__rice--right-3\"><span>Nos<\/span> <span>valeurs<\/span><\/h2>\n                            <p class=\"content-section__subtitle u-text-center\">Nous abordons la vie et l&rsquo;alimentation avec curiosit\u00e9 et optimisme. Nous adorons inspirer et fasciner les personnes qui nous entourent. La passivit\u00e9 ne fait pas partie de notre vocabulaire. Nous aimons mettre la main \u00e0 la p\u00e2te, salir nos couteaux et fourchettes, et contribuons activement \u00e0 la vie culturelle. Nous pensons que l&rsquo;exploration d&rsquo;autres cultures par l&rsquo;interm\u00e9diaire de notre amour partag\u00e9 des bons petits plats contribuera \u00e0 cr\u00e9er une soci\u00e9t\u00e9 plus inclusive et plus ouverte. Rassurez-vous, nous gardons le sens de la mesure. Apr\u00e8s tout, ce n&rsquo;est que du riz\u2026<\/p>\n        \n        <div class=\"slider-blocks-wrapper\">\n                                                                                                                                                                                            \n                    <div class=\"slider-blocks slider-blocks__image-427 slider-blocks__image-overlay\" data-behaviour=\"slider-blocks\">\n                                                    <style>\n\t.slider-blocks__image-427{\n\t\tbackground-image: url(https:\/\/www.tilda.com\/fr-be\/wp-content\/uploads\/sites\/13\/2021\/01\/recipe2.jpg);\n\t\tbackground-size: cover;\n\t\tbackground-repeat: no-repeat;\n\n\t\t@media(min-width: 1440px) {\n\t\t\taspect-ratio: var(--aspect-ratio);\n\t\t}\n\t}\n<\/style>                        \n                        <div class=\"slider-blocks__box\">\n                            <div>\n                                                                    <h3 class=\"slider-blocks__title u-text-uppercase h4\">Nutrition<\/h3>\n                                                                                                    <p class=\"slider-blocks__subtitle u-text-uppercase\">Nous s\u00e9lectionnons exclusivement les meilleurs grains.<\/p>\n                                                                                                    <div class=\"slider-blocks__content\">\n                                        Le riz est consid\u00e9r\u00e9 comme un super grain. Il est sans gluten, faible en graisses, contient les huit\u00a0acides amin\u00e9s essentiels et de l&rsquo;acide folique, est tr\u00e8s pauvre en sel et ne contient pas de cholest\u00e9rol.<br><br>Le riz a \u00e9galement un indice glyc\u00e9mique faible \u00e0 moyen. Il lib\u00e8re donc plus lentement et de mani\u00e8re plus stable son \u00e9nergie, favorisant ainsi un niveau d&rsquo;\u00e9nergie plus \u00e9quilibr\u00e9 et une sensation de sati\u00e9t\u00e9 plus longue. Cependant, nous ne nous limitons pas \u00e0 la production de riz basmati. Notre fiert\u00e9\u00a0? Proposer uniquement des grains de la plus haute qualit\u00e9, du riz pilaf \u00e0 celui parfum\u00e9 au jasmin en passant par le riz sauvage et de nombreuses autres vari\u00e9t\u00e9s.\n                                    <\/div>\n                                                            <\/div>\n                                                            <div class=\"slider-blocks__button\" data-behaviour=\"slider-blocks-button\"><\/div>\n                                                    <\/div>\n                    <\/div>\n                                                                                                                                                                                \n                    <div class=\"slider-blocks slider-blocks__image-2513 slider-blocks__image-overlay\" data-behaviour=\"slider-blocks\">\n                                                    <style>\n\t.slider-blocks__image-2513{\n\t\tbackground-image: url(https:\/\/www.tilda.com\/fr-be\/wp-content\/uploads\/sites\/13\/2021\/03\/GettyImages-1222221865-scaled.jpg);\n\t\tbackground-size: cover;\n\t\tbackground-repeat: no-repeat;\n\n\t\t@media(min-width: 1440px) {\n\t\t\taspect-ratio: var(--aspect-ratio);\n\t\t}\n\t}\n<\/style>                        \n                        <div class=\"slider-blocks__box\">\n                            <div>\n                                                                    <h3 class=\"slider-blocks__title u-text-uppercase h4\">Normes<\/h3>\n                                                                                                    <p class=\"slider-blocks__subtitle u-text-uppercase\">Puret\u00e9 et saveurs<\/p>\n                                                                                                    <div class=\"slider-blocks__content\">\n                                        Nous veillons \u00e0 ce que seuls les meilleurs grains se retrouvent dans nos emballages et arrivent jusqu&rsquo;\u00e0 votre table. Gr\u00e2ce \u00e0 notre exp\u00e9rience et \u00e0 notre expertise de plus d&rsquo;un demi-si\u00e8cle, nous testons l&rsquo;ADN de chacun de nos lots de riz basmati pour en garantir la puret\u00e9, nous laissons vieillir naturellement notre riz basmati au soleil, puis nous retirons les grains cass\u00e9s qui lib\u00e8rent de l&rsquo;amidon et rendent, de ce fait, le riz collant. \n                                    <\/div>\n                                                            <\/div>\n                                                            <div class=\"slider-blocks__button\" data-behaviour=\"slider-blocks-button\"><\/div>\n                                                    <\/div>\n                    <\/div>\n                                    <\/div>\n    <\/div>\n<\/section>\n\n\n<section class=\"content-section cta\">\n    <div class=\"cta__wrapper\">\n                <div class=\"container u-text-center\">\n            \n                                                <h2 class=\"content-section__title title title--white\"><span>Nous<\/span> <span>contacter<\/span><\/h2>\n                            \n                            <p class=\"content-section__subtitle cta__text\">Votre avis concernant nos produits est toujours le bienvenu. Donc, si vous souhaitez nous faire part d&rsquo;une nouvelle id\u00e9e de saveur d\u00e9licieuse, nous envoyer vos commentaires ou soulever un probl\u00e8me, contactez-nous et nous vous r\u00e9pondrons dans les plus brefs d\u00e9lais.<\/p>\n            \n                            <a href=\"\/fr-be\/qui-sommes-nous\/nous-contacter\/\" class=\"button\" target=\"_self\">Nous contacter<\/a>\n                    <\/div>\n    <\/div>\n<\/section>\n\n\n<section class=\"content-section content-section--no-pad content-section--blue content-section--diamonds-2\" id=\"\">\n                \\\n\n    <div class=\"image-with-cta image-with-cta--flipped image-with-cta--centered-text\">\n        <div class=\"image-with-cta__content\">\n            <div class=\"image-with-cta__container\">\n                                    <h2 class=\"title title__rice title__rice--left-2 title__rice--right-3\">\n                        <span>RESPONSABILIT\u00c9<\/span> <span>SOCIALE<\/span> <span>ORGANISATIONNELLE<\/span>\n                    <\/h2>\n                \n                                    <p>Nous sommes profond\u00e9ment engag\u00e9s \u00e0 minimiser notre impact sur l&rsquo;environnement et \u00e0 offrir les meilleurs avantages sociaux et \u00e9conomiques \u00e0 toutes les communaut\u00e9s avec lesquelles nous travaillons.<\/p>\n\n                \n                                    <a href=\"\/fr-be\/qui-sommes-nous\/responsabilite-sociale-organisationnelle\/\" class=\"button\" target=\"_self\">RESPONSABILIT\u00c9 SOCIALE ORGANISATIONNELLE<\/a>\n                            <\/div>\n        <\/div>\n\n                                                        \n            <div class=\"image-with-cta__image image-with-cta__image-1094\">\n                <style>\n\t.image-with-cta__image-1094{\n\t\tbackground-image: url(https:\/\/www.tilda.com\/fr-be\/wp-content\/uploads\/sites\/13\/2021\/03\/Z2O6455-Edit.jpg);\n\t\tbackground-size: cover;\n\t\tbackground-repeat: no-repeat;\n\n\t\t@media(min-width: 1440px) {\n\t\t\taspect-ratio: var(--aspect-ratio);\n\t\t}\n\t}\n<\/style>            <\/div>\n            <\/div>\n<\/section>\n\n\n<section class=\"content-section cta\">\n    <div class=\"cta__wrapper\">\n                <div class=\"container u-text-center\">\n            \n                                                <h2 class=\"content-section__title title title--white\"><span>FAQ<\/span><\/h2>\n                            \n                            <p class=\"content-section__subtitle cta__text\">Vous avez une question sur nos produits, notre riz, les informations d&rsquo;une recette ou notre marque\u00a0? Retrouvez ci-dessous nos r\u00e9ponses \u00e0 certaines des questions les plus fr\u00e9quemment pos\u00e9es par nos clients. <\/p>\n            \n                            <a href=\"\/fr-be\/faq\/\" class=\"button\" target=\"_self\">FAQ<\/a>\n                    <\/div>\n    <\/div>\n<\/section>\n\n            \n<section class=\"content-section cta cta--image content-section--image cta--image-1018 cta--image-overlay content-section--no-pad\">\n    <div class=\"cta__wrapper\">\n                    <style>\n\t.cta--image-1018{\n\t\tbackground-image: url(https:\/\/www.tilda.com\/fr-be\/wp-content\/uploads\/sites\/13\/2021\/03\/MG_7453-Edit.png);\n\t\tbackground-size: cover;\n\t\tbackground-repeat: no-repeat;\n\n\t\t@media(min-width: 1440px) {\n\t\t\taspect-ratio: var(--aspect-ratio);\n\t\t}\n\t}\n<\/style>                <div class=\"container u-text-center\">\n            \n                                                <h2 class=\"content-section__title cta__title title title--white title__rice title__rice--left-2 title__rice--right-3\">\n                        <span>Faire<\/span> <span>carri\u00e8re<\/span> <span>chez<\/span> <span>Tilda<\/span>\n                    <\/h2>\n                            \n                            <p class=\"content-section__subtitle cta__text\">Vous \u00eates \u00e0 la recherche d&rsquo;un emploi et voulez faire partie de l&rsquo;aventure Tilda\u00a0? D\u00e9couvrez ci-dessous l&rsquo;ensemble de nos offres d&#8217;emploi et postulez d\u00e8s aujourd&rsquo;hui pour rejoindre l&rsquo;une de nos \u00e9quipes.<\/p>\n            \n                            <a href=\"\/fr-be\/qui-sommes-nous\/carrieres\/\" class=\"button\" target=\"_self\">Carri\u00e8res<\/a>\n                    <\/div>\n    <\/div>\n<\/section>","protected":false},"excerpt":{"rendered":"","protected":false},"author":1,"featured_media":0,"parent":0,"menu_order":0,"comment_status":"closed","ping_status":"closed","template":"","meta":{"_acf_changed":false,"editor_notices":[],"footnotes":""},"class_list":["post-21","page","type-page","status-publish","hentry"],"acf":[],"yoast_head":"<!-- This site is optimized with the Yoast SEO Premium plugin v27.1 (Yoast SEO v27.3) - https:\/\/yoast.com\/product\/yoast-seo-premium-wordpress\/ -->\n<title>Qui sommes-nous\u00a0|\u00a0Tilda<\/title>\n<meta name=\"robots\" content=\"index, follow, max-snippet:-1, max-image-preview:large, max-video-preview:-1\" \/>\n<link rel=\"canonical\" href=\"https:\/\/www.tilda.com\/fr-be\/qui-sommes-nous\/\" \/>\n<meta property=\"og:locale\" content=\"fr_FR\" \/>\n<meta property=\"og:type\" content=\"article\" \/>\n<meta property=\"og:title\" content=\"Qui sommes-nous\u00a0?\" \/>\n<meta property=\"og:url\" content=\"https:\/\/www.tilda.com\/fr-be\/qui-sommes-nous\/\" \/>\n<meta property=\"og:site_name\" content=\"Tilda Rice Belgium\" \/>\n<meta property=\"article:modified_time\" content=\"2021-11-11T16:44:52+00:00\" \/>\n<meta name=\"twitter:card\" content=\"summary_large_image\" \/>\n<script type=\"application\/ld+json\" class=\"yoast-schema-graph\">{\"@context\":\"https:\\\/\\\/schema.org\",\"@graph\":[{\"@type\":\"WebPage\",\"@id\":\"https:\\\/\\\/www.tilda.com\\\/fr-be\\\/qui-sommes-nous\\\/\",\"url\":\"https:\\\/\\\/www.tilda.com\\\/fr-be\\\/qui-sommes-nous\\\/\",\"name\":\"Qui sommes-nous\u00a0|\u00a0Tilda\",\"isPartOf\":{\"@id\":\"https:\\\/\\\/www.tilda.com\\\/fr-be\\\/#website\"},\"datePublished\":\"2021-01-13T09:12:19+00:00\",\"dateModified\":\"2021-11-11T16:44:52+00:00\",\"breadcrumb\":{\"@id\":\"https:\\\/\\\/www.tilda.com\\\/fr-be\\\/qui-sommes-nous\\\/#breadcrumb\"},\"inLanguage\":\"fr-FR\",\"potentialAction\":[{\"@type\":\"ReadAction\",\"target\":[\"https:\\\/\\\/www.tilda.com\\\/fr-be\\\/qui-sommes-nous\\\/\"]}]},{\"@type\":\"BreadcrumbList\",\"@id\":\"https:\\\/\\\/www.tilda.com\\\/fr-be\\\/qui-sommes-nous\\\/#breadcrumb\",\"itemListElement\":[{\"@type\":\"ListItem\",\"position\":1,\"name\":\"Accueil\",\"item\":\"https:\\\/\\\/www.tilda.com\\\/fr-be\\\/\"},{\"@type\":\"ListItem\",\"position\":2,\"name\":\"Qui sommes-nous\u00a0?\"}]},{\"@type\":\"WebSite\",\"@id\":\"https:\\\/\\\/www.tilda.com\\\/fr-be\\\/#website\",\"url\":\"https:\\\/\\\/www.tilda.com\\\/fr-be\\\/\",\"name\":\"Tilda Rice Belgium\",\"description\":\"All things Basmati\",\"potentialAction\":[{\"@type\":\"SearchAction\",\"target\":{\"@type\":\"EntryPoint\",\"urlTemplate\":\"https:\\\/\\\/www.tilda.com\\\/fr-be\\\/?s={search_term_string}\"},\"query-input\":{\"@type\":\"PropertyValueSpecification\",\"valueRequired\":true,\"valueName\":\"search_term_string\"}}],\"inLanguage\":\"fr-FR\"}]}<\/script>\n<!-- \/ Yoast SEO Premium plugin. -->","yoast_head_json":{"title":"Qui sommes-nous\u00a0|\u00a0Tilda","robots":{"index":"index","follow":"follow","max-snippet":"max-snippet:-1","max-image-preview":"max-image-preview:large","max-video-preview":"max-video-preview:-1"},"canonical":"https:\/\/www.tilda.com\/fr-be\/qui-sommes-nous\/","og_locale":"fr_FR","og_type":"article","og_title":"Qui sommes-nous\u00a0?","og_url":"https:\/\/www.tilda.com\/fr-be\/qui-sommes-nous\/","og_site_name":"Tilda Rice Belgium","article_modified_time":"2021-11-11T16:44:52+00:00","twitter_card":"summary_large_image","schema":{"@context":"https:\/\/schema.org","@graph":[{"@type":"WebPage","@id":"https:\/\/www.tilda.com\/fr-be\/qui-sommes-nous\/","url":"https:\/\/www.tilda.com\/fr-be\/qui-sommes-nous\/","name":"Qui sommes-nous\u00a0|\u00a0Tilda","isPartOf":{"@id":"https:\/\/www.tilda.com\/fr-be\/#website"},"datePublished":"2021-01-13T09:12:19+00:00","dateModified":"2021-11-11T16:44:52+00:00","breadcrumb":{"@id":"https:\/\/www.tilda.com\/fr-be\/qui-sommes-nous\/#breadcrumb"},"inLanguage":"fr-FR","potentialAction":[{"@type":"ReadAction","target":["https:\/\/www.tilda.com\/fr-be\/qui-sommes-nous\/"]}]},{"@type":"BreadcrumbList","@id":"https:\/\/www.tilda.com\/fr-be\/qui-sommes-nous\/#breadcrumb","itemListElement":[{"@type":"ListItem","position":1,"name":"Accueil","item":"https:\/\/www.tilda.com\/fr-be\/"},{"@type":"ListItem","position":2,"name":"Qui sommes-nous\u00a0?"}]},{"@type":"WebSite","@id":"https:\/\/www.tilda.com\/fr-be\/#website","url":"https:\/\/www.tilda.com\/fr-be\/","name":"Tilda Rice Belgium","description":"All things Basmati","potentialAction":[{"@type":"SearchAction","target":{"@type":"EntryPoint","urlTemplate":"https:\/\/www.tilda.com\/fr-be\/?s={search_term_string}"},"query-input":{"@type":"PropertyValueSpecification","valueRequired":true,"valueName":"search_term_string"}}],"inLanguage":"fr-FR"}]}},"_links":{"self":[{"href":"https:\/\/www.tilda.com\/fr-be\/wp-json\/wp\/v2\/pages\/21","targetHints":{"allow":["GET"]}}],"collection":[{"href":"https:\/\/www.tilda.com\/fr-be\/wp-json\/wp\/v2\/pages"}],"about":[{"href":"https:\/\/www.tilda.com\/fr-be\/wp-json\/wp\/v2\/types\/page"}],"author":[{"embeddable":true,"href":"https:\/\/www.tilda.com\/fr-be\/wp-json\/wp\/v2\/users\/1"}],"replies":[{"embeddable":true,"href":"https:\/\/www.tilda.com\/fr-be\/wp-json\/wp\/v2\/comments?post=21"}],"version-history":[{"count":0,"href":"https:\/\/www.tilda.com\/fr-be\/wp-json\/wp\/v2\/pages\/21\/revisions"}],"wp:attachment":[{"href":"https:\/\/www.tilda.com\/fr-be\/wp-json\/wp\/v2\/media?parent=21"}],"curies":[{"name":"wp","href":"https:\/\/api.w.org\/{rel}","templated":true}]}}