{"id":47,"date":"2021-01-20T08:58:40","date_gmt":"2021-01-20T08:58:40","guid":{"rendered":"https:\/\/tilda.test\/?page_id=47"},"modified":"2023-11-02T15:54:12","modified_gmt":"2023-11-02T15:54:12","slug":"contacto","status":"publish","type":"page","link":"https:\/\/www.tilda.com\/es-es\/sobre-nosotros\/contacto\/","title":{"rendered":"Contacto"},"content":{"rendered":"<section class=\"content-section content-section--top-mask content-section-- u-contrast-text--\">\n    <div class=\"free-content container container--small\">\n                    <div class=\"free-content__content user-content\">\n                <p>Email: <a href=\"mailto:atencionalcliente@tilda.com\">atencionalcliente@tilda.com<\/a><\/p>\n<p>Tel\u00e9fono: 900 103 274<\/p>\n<p>Solo utilizaremos tus datos personales para el prop\u00f3sito de tu consulta y los eliminaremos de acuerdo con nuestra <a href=\"https:\/\/www.tilda.com\/es-es\/politica-de-privacidad\/\">pol\u00edtica de privacidad.<\/a><\/p>\n\n            <\/div>\n            <\/div>\n<\/section>\n\n\t\t\n<section class=\"content-section content-section--pink content-section--ornate\">\n\t<div class=\"container u-text-center container--medium\">\n\t\t\t\t\t<h3 class=\"content-section__title title\"><span>Si<\/span> <span>tienes<\/span> <span>alguna<\/span> <span>consulta,<\/span> <span>ponte<\/span> <span>en<\/span> <span>contacto<\/span> <span>con<\/span> <span>nosotros&#8230;<\/span><\/h3>\n\t\t\n\t\t<div class=\"reach-us-wrapper\">\n\t\t\t\t\t\t\t<div class=\"reach-us\">\n\t\t\t\t\t\t\t\t\t\t\t<svg xmlns=\"http:\/\/www.w3.org\/2000\/svg\" height=\"1em\" viewBox=\"0 0 512 512\"><!--! Font Awesome Free 6.4.0 by @fontawesome - https:\/\/fontawesome.com License - https:\/\/fontawesome.com\/license (Commercial License) Copyright 2023 Fonticons, Inc.--><path d=\"M48 64C21.5 64 0 85.5 0 112c0 15.1 7.1 29.3 19.2 38.4l217.6 163.2c11.4 8.5 27 8.5 38.4 0l217.6-163.2c12.1-9.1 19.2-23.3 19.2-38.4 0-26.5-21.5-48-48-48zM0 176v208c0 35.3 28.7 64 64 64h384c35.3 0 64-28.7 64-64V176L294.4 339.2a63.9 63.9 0 0 1-76.8 0z\"\/><\/svg>\n\t\t\t\t\t\t\t\t\t\t\t\t\t\t\t\t<div class=\"reach-us__content u-padded\">\n\t\t\t\t\t\t\t\t\t\t\t\t\t\t\t<a href=\"mailto:hello@tilda.com\" target=\"_blank\">hello@tilda.com<\/a>\n\t\t\t\t\t\t\t\t\t\t\t\t\t<\/div>\n\t\t\t\t\t\t\t\t\t<\/div>\n\t\t\t\t\t<\/div>\n\t<\/div>\n<\/section>\n\n\n\n<section class=\"content-section cta\">\n    <div class=\"cta__wrapper\">\n                <div class=\"container u-text-center\">\n                            <p class=\"h6\">CANAL DE DENUNCIAS CORPORATIVO DEL GRUPO EBRO FOODS<\/p>\n            \n            \n                            <p class=\"content-section__subtitle cta__text\">Si est\u00e1 interesado en leer m\u00e1s sobre nuestra pol\u00edtica de denuncia de irregularidades, haga clic a continuaci\u00f3n.<\/p>\n            \n                            <a href=\"https:\/\/ebrofoods.integrityline.com\/?lang=es\" class=\"button\" target=\"_self\">Leer aqu\u00ed<\/a>\n                    <\/div>\n    <\/div>\n<\/section>","protected":false},"excerpt":{"rendered":"","protected":false},"author":1,"featured_media":0,"parent":21,"menu_order":0,"comment_status":"closed","ping_status":"closed","template":"","meta":{"_acf_changed":false,"editor_notices":[],"footnotes":""},"class_list":["post-47","page","type-page","status-publish","hentry"],"acf":[],"yoast_head":"<!-- This site is optimized with the Yoast SEO Premium plugin v27.1 (Yoast SEO v27.3) - https:\/\/yoast.com\/product\/yoast-seo-premium-wordpress\/ -->\n<title>Contacto | Tilda<\/title>\n<meta name=\"description\" content=\"Ponte en contacto con el equipo de Tilda y haznos llegar tus pensamientos, comentarios, sugerencias en cuanto a sabores y todo lo que quieras.\" \/>\n<meta name=\"robots\" content=\"index, follow, max-snippet:-1, max-image-preview:large, max-video-preview:-1\" \/>\n<link rel=\"canonical\" href=\"https:\/\/www.tilda.com\/es-es\/sobre-nosotros\/contacto\/\" \/>\n<meta property=\"og:locale\" content=\"es_ES\" \/>\n<meta property=\"og:type\" content=\"article\" \/>\n<meta property=\"og:title\" content=\"Contacto\" \/>\n<meta property=\"og:description\" content=\"Ponte en contacto con el equipo de Tilda y haznos llegar tus pensamientos, comentarios, sugerencias en cuanto a sabores y todo lo que quieras.\" \/>\n<meta property=\"og:url\" content=\"https:\/\/www.tilda.com\/es-es\/sobre-nosotros\/contacto\/\" \/>\n<meta property=\"og:site_name\" content=\"Tilda - Spain\" \/>\n<meta property=\"article:modified_time\" content=\"2023-11-02T15:54:12+00:00\" \/>\n<meta name=\"twitter:card\" content=\"summary_large_image\" \/>\n<script type=\"application\/ld+json\" class=\"yoast-schema-graph\">{\"@context\":\"https:\\\/\\\/schema.org\",\"@graph\":[{\"@type\":\"WebPage\",\"@id\":\"https:\\\/\\\/www.tilda.com\\\/es-es\\\/sobre-nosotros\\\/contacto\\\/\",\"url\":\"https:\\\/\\\/www.tilda.com\\\/es-es\\\/sobre-nosotros\\\/contacto\\\/\",\"name\":\"Contacto | Tilda\",\"isPartOf\":{\"@id\":\"https:\\\/\\\/www.tilda.com\\\/es-es\\\/#website\"},\"datePublished\":\"2021-01-20T08:58:40+00:00\",\"dateModified\":\"2023-11-02T15:54:12+00:00\",\"description\":\"Ponte en contacto con el equipo de Tilda y haznos llegar tus pensamientos, comentarios, sugerencias en cuanto a sabores y todo lo que quieras.\",\"breadcrumb\":{\"@id\":\"https:\\\/\\\/www.tilda.com\\\/es-es\\\/sobre-nosotros\\\/contacto\\\/#breadcrumb\"},\"inLanguage\":\"es\",\"potentialAction\":[{\"@type\":\"ReadAction\",\"target\":[\"https:\\\/\\\/www.tilda.com\\\/es-es\\\/sobre-nosotros\\\/contacto\\\/\"]}]},{\"@type\":\"BreadcrumbList\",\"@id\":\"https:\\\/\\\/www.tilda.com\\\/es-es\\\/sobre-nosotros\\\/contacto\\\/#breadcrumb\",\"itemListElement\":[{\"@type\":\"ListItem\",\"position\":1,\"name\":\"Home\",\"item\":\"https:\\\/\\\/www.tilda.com\\\/es-es\\\/\"},{\"@type\":\"ListItem\",\"position\":2,\"name\":\"SOBRE NOSOTROS\",\"item\":\"https:\\\/\\\/www.tilda.com\\\/es-es\\\/sobre-nosotros\\\/\"},{\"@type\":\"ListItem\",\"position\":3,\"name\":\"Contacto\"}]},{\"@type\":\"WebSite\",\"@id\":\"https:\\\/\\\/www.tilda.com\\\/es-es\\\/#website\",\"url\":\"https:\\\/\\\/www.tilda.com\\\/es-es\\\/\",\"name\":\"Tilda - Spain\",\"description\":\"All things Basmati\",\"potentialAction\":[{\"@type\":\"SearchAction\",\"target\":{\"@type\":\"EntryPoint\",\"urlTemplate\":\"https:\\\/\\\/www.tilda.com\\\/es-es\\\/?s={search_term_string}\"},\"query-input\":{\"@type\":\"PropertyValueSpecification\",\"valueRequired\":true,\"valueName\":\"search_term_string\"}}],\"inLanguage\":\"es\"}]}<\/script>\n<!-- \/ Yoast SEO Premium plugin. -->","yoast_head_json":{"title":"Contacto | Tilda","description":"Ponte en contacto con el equipo de Tilda y haznos llegar tus pensamientos, comentarios, sugerencias en cuanto a sabores y todo lo que quieras.","robots":{"index":"index","follow":"follow","max-snippet":"max-snippet:-1","max-image-preview":"max-image-preview:large","max-video-preview":"max-video-preview:-1"},"canonical":"https:\/\/www.tilda.com\/es-es\/sobre-nosotros\/contacto\/","og_locale":"es_ES","og_type":"article","og_title":"Contacto","og_description":"Ponte en contacto con el equipo de Tilda y haznos llegar tus pensamientos, comentarios, sugerencias en cuanto a sabores y todo lo que quieras.","og_url":"https:\/\/www.tilda.com\/es-es\/sobre-nosotros\/contacto\/","og_site_name":"Tilda - Spain","article_modified_time":"2023-11-02T15:54:12+00:00","twitter_card":"summary_large_image","schema":{"@context":"https:\/\/schema.org","@graph":[{"@type":"WebPage","@id":"https:\/\/www.tilda.com\/es-es\/sobre-nosotros\/contacto\/","url":"https:\/\/www.tilda.com\/es-es\/sobre-nosotros\/contacto\/","name":"Contacto | Tilda","isPartOf":{"@id":"https:\/\/www.tilda.com\/es-es\/#website"},"datePublished":"2021-01-20T08:58:40+00:00","dateModified":"2023-11-02T15:54:12+00:00","description":"Ponte en contacto con el equipo de Tilda y haznos llegar tus pensamientos, comentarios, sugerencias en cuanto a sabores y todo lo que quieras.","breadcrumb":{"@id":"https:\/\/www.tilda.com\/es-es\/sobre-nosotros\/contacto\/#breadcrumb"},"inLanguage":"es","potentialAction":[{"@type":"ReadAction","target":["https:\/\/www.tilda.com\/es-es\/sobre-nosotros\/contacto\/"]}]},{"@type":"BreadcrumbList","@id":"https:\/\/www.tilda.com\/es-es\/sobre-nosotros\/contacto\/#breadcrumb","itemListElement":[{"@type":"ListItem","position":1,"name":"Home","item":"https:\/\/www.tilda.com\/es-es\/"},{"@type":"ListItem","position":2,"name":"SOBRE NOSOTROS","item":"https:\/\/www.tilda.com\/es-es\/sobre-nosotros\/"},{"@type":"ListItem","position":3,"name":"Contacto"}]},{"@type":"WebSite","@id":"https:\/\/www.tilda.com\/es-es\/#website","url":"https:\/\/www.tilda.com\/es-es\/","name":"Tilda - Spain","description":"All things Basmati","potentialAction":[{"@type":"SearchAction","target":{"@type":"EntryPoint","urlTemplate":"https:\/\/www.tilda.com\/es-es\/?s={search_term_string}"},"query-input":{"@type":"PropertyValueSpecification","valueRequired":true,"valueName":"search_term_string"}}],"inLanguage":"es"}]}},"_links":{"self":[{"href":"https:\/\/www.tilda.com\/es-es\/wp-json\/wp\/v2\/pages\/47","targetHints":{"allow":["GET"]}}],"collection":[{"href":"https:\/\/www.tilda.com\/es-es\/wp-json\/wp\/v2\/pages"}],"about":[{"href":"https:\/\/www.tilda.com\/es-es\/wp-json\/wp\/v2\/types\/page"}],"author":[{"embeddable":true,"href":"https:\/\/www.tilda.com\/es-es\/wp-json\/wp\/v2\/users\/1"}],"replies":[{"embeddable":true,"href":"https:\/\/www.tilda.com\/es-es\/wp-json\/wp\/v2\/comments?post=47"}],"version-history":[{"count":0,"href":"https:\/\/www.tilda.com\/es-es\/wp-json\/wp\/v2\/pages\/47\/revisions"}],"up":[{"embeddable":true,"href":"https:\/\/www.tilda.com\/es-es\/wp-json\/wp\/v2\/pages\/21"}],"wp:attachment":[{"href":"https:\/\/www.tilda.com\/es-es\/wp-json\/wp\/v2\/media?parent=47"}],"curies":[{"name":"wp","href":"https:\/\/api.w.org\/{rel}","templated":true}]}}