{"id":1159,"date":"2021-03-09T17:27:45","date_gmt":"2021-03-09T17:27:45","guid":{"rendered":"https:\/\/www.tilda.com\/?page_id=1159"},"modified":"2022-10-20T12:33:18","modified_gmt":"2022-10-20T12:33:18","slug":"responsabilidad-social-corporativa","status":"publish","type":"page","link":"https:\/\/www.tilda.com\/es-es\/sobre-nosotros\/responsabilidad-social-corporativa\/","title":{"rendered":"Responsabilidad social corporativa"},"content":{"rendered":"\n<section class=\"content-section content-section--no-pad parallax\">\n                <style>\n\t.parallax__image{\n\t\tbackground-image: url(https:\/\/www.tilda.com\/es-es\/wp-content\/uploads\/sites\/29\/2021\/03\/Z2O6455-Edit-1.jpg);\n\t\tbackground-size: cover;\n\t\tbackground-repeat: no-repeat;\n\n\t\t@media(min-width: 1440px) {\n\t\t\taspect-ratio: var(--aspect-ratio);\n\t\t}\n\t}\n<\/style>    <div class=\"parallax__image\"><\/div>\n    <div class=\"parallax__breadcrumb yoast-breadcrumb\">\n        <div class=\"container\">\n            <ol><li><a href=\"https:\/\/www.tilda.com\/es-es\/\">Home<\/a><\/li><\/ol>\n        <\/div>\n    <\/div>\n    <div class=\"container container--small u-text-center parallax__content1\">\n        \n                    <h1 class=\"u-text-center\"><span class=\"title title__rice title__rice--left-2 title__rice--right-3\"><span>Responsabilidad<\/span> <span>social<\/span> <span class=\"title--outline\">corporativa<\/span><\/span><\/h1>\n                \n        <p class=\"parallax__big-text\"><\/p>\n    <\/div>\n    <div class=\"container container--small u-text-center parallax__content2\">\n                    <p class=\"h6\">Nuestro enfoque hacia la<\/p>\n                <h2 class=\"u-text-center\"><span class=\"title title__rice title__rice--left-2 title__rice--right-3\"><span>sostenibilidad<\/span><\/span><\/h2>\n        <p class=\"parallax__big-text\">Tenemos el compromiso de proteger la sostenibilidad del cultivo de arroz basmati a largo plazo. <\/p>\n    <\/div>\n<\/section>\n\n<section class=\"content-section content-section--top-mask content-section-- u-contrast-text--\">\n    <div class=\"free-content free-content--big-text container container--small\">\n                    <div class=\"free-content__content user-content\">\n                <p style=\"text-align: center;\">Siempre hemos sabido que la calidad reside en contar con el mejor arroz<br \/>y el abastecimiento \u00e9tico y el control de la calidad son el eje central de todo lo que<br \/>hacemos. Tenemos la ambici\u00f3n de convertirnos en uno de los productores de arroz m\u00e1s<br \/>inspiradores y responsables del mundo.<\/p>\n<p><\/p>\n<p style=\"text-align: center;\">Seleccionamos a mano cereales de calidad superior para asegurarnos de que todos los paquetes de Tilda contienen solo el mejor arroz y<br \/>los mejores ingredientes. No producimos para ninguna<br \/>otra marca: si en el paquete pone \u00abTilda\u00bb, el paquete contiene productos Tilda.<\/p>\n\n            <\/div>\n            <\/div>\n<\/section>\n\n        \n    <section class=\"content-section content-section--navy\">\n        <div class=\"quote quote--in-section container container--medium\">\n            <div class=\"container container--small u-text-center\">\n                <p class=\"quote__content\">Reconocemos que todas nuestras actividades tienen impacto en el medio ambiente y examinamos cuidadosamente todos los pasos que damos para limitarlo con una huella m\u00e1s peque\u00f1a.  Podemos esforzarnos m\u00e1s y, sin duda, lo haremos.<\/p>\n                                    <p class=\"quote__source\">Jonathan Calland &#8211; Director de sostenibilidad y relaciones externas<\/p>\n                            <\/div>\n        <\/div>\n    <\/section>\n\n\n            \n<section class=\"content-section cta cta--image content-section--image cta--image-1671 cta--image-overlay content-section--no-pad\">\n    <div class=\"cta__wrapper\">\n                    <style>\n\t.cta--image-1671{\n\t\tbackground-image: url(https:\/\/www.tilda.com\/es-es\/wp-content\/uploads\/sites\/29\/2021\/03\/Z2O9595-Edit-e1615983757386.jpg);\n\t\tbackground-size: cover;\n\t\tbackground-repeat: no-repeat;\n\n\t\t@media(min-width: 1440px) {\n\t\t\taspect-ratio: var(--aspect-ratio);\n\t\t}\n\t}\n<\/style>                <div class=\"container u-text-center\">\n                            <p class=\"h6\">C\u00f3mo gestionamos el<\/p>\n            \n                                                <h2 class=\"content-section__title cta__title title title--white title__rice title__rice--left-2 title__rice--right-3\">\n                        <span>reciclaje<\/span> <span>y<\/span> <span>embalaje<\/span>\n                    <\/h2>\n                            \n                            <p class=\"content-section__subtitle cta__text\">En Tilda seleccionamos los embalajes que utilizamos con el objetivo de garantizar que el producto que llega a los consumidores est\u00e1 en las condiciones m\u00e1s seguras posibles.<\/p>\n            \n                    <\/div>\n    <\/div>\n<\/section>\n\n<section class=\"content-section content-section--top-mask content-section-- u-contrast-text--\">\n    <div class=\"free-content free-content--big-text container container--small\">\n                    <div class=\"free-content__content user-content\">\n                <p><strong>Recientemente hemos lanzado una nueva gama de mezclas de arroz seco en envases de 375\u00a0g que son 100\u00a0% reciclables. Para los tama\u00f1os m\u00e1s grandes, utilizamos una pel\u00edcula protectora mucho m\u00e1s resistente que, debido a las tecnolog\u00edas limitadas de las administraciones locales, normalmente no se recicla. Una de las ventajas de este tipo de pel\u00edculas es que reduce significativamente el riesgo de deterioro y desperdicio de alimentos.<\/strong><\/p>\n<p>Nuestras bolsitas en concreto est\u00e1n formadas por varias capas de material y actualmente no se pueden reciclar en el Reino Unido. La parte laminada de la bolsita que est\u00e1 en contacto con los alimentos no puede estar compuesta por materiales reciclados, pero estamos analizando la posibilidad de que las otras capas s\u00ed lo est\u00e9n.<\/p>\n<p>Nos sumamos al programa Green Dot, un consolidado programa europeo que es obligatorio en varios de los pa\u00edses de Europa en los que se venden productos Tilda. Este s\u00edmbolo significa que por cada tipo de embalaje se ha contribuido con una suma econ\u00f3mica a una organizaci\u00f3n nacional encargada de la recuperaci\u00f3n y el reciclaje de embalajes. Nuestros productos se venden en toda Europa, donde este s\u00edmbolo es obligatorio para demostrar que cumplimos con la normativa local sobre residuos de embalajes. Hace poco empezamos a utilizar embalajes sin el logotipo Green Dot en el Reino Unido \u00fanicamente para evitar posibles confusiones sobre la reciclabilidad de algunos de los embalajes en el Reino Unido.<\/p>\n<p>Colaboramos con nuestros proveedores de embalajes para garantizar que todos nuestros embalajes ser\u00e1n reciclables en los pa\u00edses en los que los vendemos.<\/p>\n<hr \/>\n<p><strong>Control \u00e9tico de proveedores<\/strong><\/p>\n<p>Tilda es miembro de Sedex Global: un organismo independiente sin \u00e1nimo de lucro que controla el comportamiento \u00e9tico y la transparencia de nuestra cadena de suministro y se ocupa de las normativas laborales, la salud y la seguridad y la \u00e9tica empresarial y medioambiental.<\/p>\n<h2>100%<\/h2>\n<p>comportamiento \u00e9tico y transparencia en 2020<\/p>\n\n            <\/div>\n            <\/div>\n<\/section>\n\n            \n<section class=\"content-section cta cta--image content-section--image cta--image-1676 cta--image-overlay content-section--no-pad\">\n    <div class=\"cta__wrapper\">\n                    <style>\n\t.cta--image-1676{\n\t\tbackground-image: url(https:\/\/www.tilda.com\/es-es\/wp-content\/uploads\/sites\/29\/2021\/03\/Z2O6564-Edit-copy.jpg);\n\t\tbackground-size: cover;\n\t\tbackground-repeat: no-repeat;\n\n\t\t@media(min-width: 1440px) {\n\t\t\taspect-ratio: var(--aspect-ratio);\n\t\t}\n\t}\n<\/style>                <div class=\"container u-text-center\">\n                            <p class=\"h6\">Nuestras aportaciones a las<\/p>\n            \n                                                <h2 class=\"content-section__title cta__title title title--white title__rice title__rice--left-2 title__rice--right-3\">\n                        <span>comunidades<\/span> <span>y<\/span> <span>causas<\/span> <span>ben\u00e9ficas<\/span>\n                    <\/h2>\n                            \n                            <p class=\"content-section__subtitle cta__text\">Nos comprometemos a respaldar las causas ben\u00e9ficas y a las comunidades de todo el mundo. A continuaci\u00f3n encontrar\u00e1s informaci\u00f3n acerca de algunas de las causas que respaldamos y el excelente trabajo que realizan. <\/p>\n            \n                    <\/div>\n    <\/div>\n<\/section>\n\n<section class=\"content-section content-section--white\">\n    <div class=\"container container--small\">\n            <\/div>\n<\/section>","protected":false},"excerpt":{"rendered":"","protected":false},"author":1,"featured_media":0,"parent":21,"menu_order":0,"comment_status":"closed","ping_status":"closed","template":"","meta":{"_acf_changed":false,"editor_notices":[],"footnotes":""},"class_list":["post-1159","page","type-page","status-publish","hentry"],"acf":[],"yoast_head":"<!-- This site is optimized with the Yoast SEO Premium plugin v27.1 (Yoast SEO v27.3) - https:\/\/yoast.com\/product\/yoast-seo-premium-wordpress\/ -->\n<title>Responsabilidad social corporativa | Tilda<\/title>\n<meta name=\"description\" content=\"En Tilda nos comprometemos a mejorar continuamente y a conseguir una cadena de suministro sostenible. M\u00e1s informaci\u00f3n aqu\u00ed.\" \/>\n<meta name=\"robots\" content=\"index, follow, max-snippet:-1, max-image-preview:large, max-video-preview:-1\" \/>\n<link rel=\"canonical\" href=\"https:\/\/www.tilda.com\/es-es\/sobre-nosotros\/responsabilidad-social-corporativa\/\" \/>\n<meta property=\"og:locale\" content=\"es_ES\" \/>\n<meta property=\"og:type\" content=\"article\" \/>\n<meta property=\"og:title\" content=\"Responsabilidad social corporativa\" \/>\n<meta property=\"og:description\" content=\"En Tilda nos comprometemos a mejorar continuamente y a conseguir una cadena de suministro sostenible. M\u00e1s informaci\u00f3n aqu\u00ed.\" \/>\n<meta property=\"og:url\" content=\"https:\/\/www.tilda.com\/es-es\/sobre-nosotros\/responsabilidad-social-corporativa\/\" \/>\n<meta property=\"og:site_name\" content=\"Tilda - Spain\" \/>\n<meta property=\"article:modified_time\" content=\"2022-10-20T12:33:18+00:00\" \/>\n<meta name=\"twitter:card\" content=\"summary_large_image\" \/>\n<script type=\"application\/ld+json\" class=\"yoast-schema-graph\">{\"@context\":\"https:\\\/\\\/schema.org\",\"@graph\":[{\"@type\":\"WebPage\",\"@id\":\"https:\\\/\\\/www.tilda.com\\\/es-es\\\/sobre-nosotros\\\/responsabilidad-social-corporativa\\\/\",\"url\":\"https:\\\/\\\/www.tilda.com\\\/es-es\\\/sobre-nosotros\\\/responsabilidad-social-corporativa\\\/\",\"name\":\"Responsabilidad social corporativa | Tilda\",\"isPartOf\":{\"@id\":\"https:\\\/\\\/www.tilda.com\\\/es-es\\\/#website\"},\"datePublished\":\"2021-03-09T17:27:45+00:00\",\"dateModified\":\"2022-10-20T12:33:18+00:00\",\"description\":\"En Tilda nos comprometemos a mejorar continuamente y a conseguir una cadena de suministro sostenible. M\u00e1s informaci\u00f3n aqu\u00ed.\",\"breadcrumb\":{\"@id\":\"https:\\\/\\\/www.tilda.com\\\/es-es\\\/sobre-nosotros\\\/responsabilidad-social-corporativa\\\/#breadcrumb\"},\"inLanguage\":\"es\",\"potentialAction\":[{\"@type\":\"ReadAction\",\"target\":[\"https:\\\/\\\/www.tilda.com\\\/es-es\\\/sobre-nosotros\\\/responsabilidad-social-corporativa\\\/\"]}]},{\"@type\":\"BreadcrumbList\",\"@id\":\"https:\\\/\\\/www.tilda.com\\\/es-es\\\/sobre-nosotros\\\/responsabilidad-social-corporativa\\\/#breadcrumb\",\"itemListElement\":[{\"@type\":\"ListItem\",\"position\":1,\"name\":\"Home\",\"item\":\"https:\\\/\\\/www.tilda.com\\\/es-es\\\/\"},{\"@type\":\"ListItem\",\"position\":2,\"name\":\"SOBRE NOSOTROS\",\"item\":\"https:\\\/\\\/www.tilda.com\\\/es-es\\\/sobre-nosotros\\\/\"},{\"@type\":\"ListItem\",\"position\":3,\"name\":\"Responsabilidad social corporativa\"}]},{\"@type\":\"WebSite\",\"@id\":\"https:\\\/\\\/www.tilda.com\\\/es-es\\\/#website\",\"url\":\"https:\\\/\\\/www.tilda.com\\\/es-es\\\/\",\"name\":\"Tilda - Spain\",\"description\":\"All things Basmati\",\"potentialAction\":[{\"@type\":\"SearchAction\",\"target\":{\"@type\":\"EntryPoint\",\"urlTemplate\":\"https:\\\/\\\/www.tilda.com\\\/es-es\\\/?s={search_term_string}\"},\"query-input\":{\"@type\":\"PropertyValueSpecification\",\"valueRequired\":true,\"valueName\":\"search_term_string\"}}],\"inLanguage\":\"es\"}]}<\/script>\n<!-- \/ Yoast SEO Premium plugin. -->","yoast_head_json":{"title":"Responsabilidad social corporativa | Tilda","description":"En Tilda nos comprometemos a mejorar continuamente y a conseguir una cadena de suministro sostenible. M\u00e1s informaci\u00f3n aqu\u00ed.","robots":{"index":"index","follow":"follow","max-snippet":"max-snippet:-1","max-image-preview":"max-image-preview:large","max-video-preview":"max-video-preview:-1"},"canonical":"https:\/\/www.tilda.com\/es-es\/sobre-nosotros\/responsabilidad-social-corporativa\/","og_locale":"es_ES","og_type":"article","og_title":"Responsabilidad social corporativa","og_description":"En Tilda nos comprometemos a mejorar continuamente y a conseguir una cadena de suministro sostenible. M\u00e1s informaci\u00f3n aqu\u00ed.","og_url":"https:\/\/www.tilda.com\/es-es\/sobre-nosotros\/responsabilidad-social-corporativa\/","og_site_name":"Tilda - Spain","article_modified_time":"2022-10-20T12:33:18+00:00","twitter_card":"summary_large_image","schema":{"@context":"https:\/\/schema.org","@graph":[{"@type":"WebPage","@id":"https:\/\/www.tilda.com\/es-es\/sobre-nosotros\/responsabilidad-social-corporativa\/","url":"https:\/\/www.tilda.com\/es-es\/sobre-nosotros\/responsabilidad-social-corporativa\/","name":"Responsabilidad social corporativa | Tilda","isPartOf":{"@id":"https:\/\/www.tilda.com\/es-es\/#website"},"datePublished":"2021-03-09T17:27:45+00:00","dateModified":"2022-10-20T12:33:18+00:00","description":"En Tilda nos comprometemos a mejorar continuamente y a conseguir una cadena de suministro sostenible. M\u00e1s informaci\u00f3n aqu\u00ed.","breadcrumb":{"@id":"https:\/\/www.tilda.com\/es-es\/sobre-nosotros\/responsabilidad-social-corporativa\/#breadcrumb"},"inLanguage":"es","potentialAction":[{"@type":"ReadAction","target":["https:\/\/www.tilda.com\/es-es\/sobre-nosotros\/responsabilidad-social-corporativa\/"]}]},{"@type":"BreadcrumbList","@id":"https:\/\/www.tilda.com\/es-es\/sobre-nosotros\/responsabilidad-social-corporativa\/#breadcrumb","itemListElement":[{"@type":"ListItem","position":1,"name":"Home","item":"https:\/\/www.tilda.com\/es-es\/"},{"@type":"ListItem","position":2,"name":"SOBRE NOSOTROS","item":"https:\/\/www.tilda.com\/es-es\/sobre-nosotros\/"},{"@type":"ListItem","position":3,"name":"Responsabilidad social corporativa"}]},{"@type":"WebSite","@id":"https:\/\/www.tilda.com\/es-es\/#website","url":"https:\/\/www.tilda.com\/es-es\/","name":"Tilda - Spain","description":"All things Basmati","potentialAction":[{"@type":"SearchAction","target":{"@type":"EntryPoint","urlTemplate":"https:\/\/www.tilda.com\/es-es\/?s={search_term_string}"},"query-input":{"@type":"PropertyValueSpecification","valueRequired":true,"valueName":"search_term_string"}}],"inLanguage":"es"}]}},"_links":{"self":[{"href":"https:\/\/www.tilda.com\/es-es\/wp-json\/wp\/v2\/pages\/1159","targetHints":{"allow":["GET"]}}],"collection":[{"href":"https:\/\/www.tilda.com\/es-es\/wp-json\/wp\/v2\/pages"}],"about":[{"href":"https:\/\/www.tilda.com\/es-es\/wp-json\/wp\/v2\/types\/page"}],"author":[{"embeddable":true,"href":"https:\/\/www.tilda.com\/es-es\/wp-json\/wp\/v2\/users\/1"}],"replies":[{"embeddable":true,"href":"https:\/\/www.tilda.com\/es-es\/wp-json\/wp\/v2\/comments?post=1159"}],"version-history":[{"count":0,"href":"https:\/\/www.tilda.com\/es-es\/wp-json\/wp\/v2\/pages\/1159\/revisions"}],"up":[{"embeddable":true,"href":"https:\/\/www.tilda.com\/es-es\/wp-json\/wp\/v2\/pages\/21"}],"wp:attachment":[{"href":"https:\/\/www.tilda.com\/es-es\/wp-json\/wp\/v2\/media?parent=1159"}],"curies":[{"name":"wp","href":"https:\/\/api.w.org\/{rel}","templated":true}]}}