{"id":21,"date":"2021-01-13T09:12:19","date_gmt":"2021-01-13T09:12:19","guid":{"rendered":"https:\/\/tilda.test\/?page_id=21"},"modified":"2021-11-19T12:13:03","modified_gmt":"2021-11-19T12:13:03","slug":"ueber-uns","status":"publish","type":"page","link":"https:\/\/www.tilda.com\/de-de\/ueber-uns\/","title":{"rendered":"\u00dcber uns"},"content":{"rendered":"\n<section class=\"content-section content-section--no-pad parallax\">\n                <style>\n\t.parallax__image{\n\t\tbackground-image: url(https:\/\/www.tilda.com\/de-de\/wp-content\/uploads\/sites\/20\/2021\/03\/Tilda_1.1.2.jpg);\n\t\tbackground-size: cover;\n\t\tbackground-repeat: no-repeat;\n\n\t\t@media(min-width: 1440px) {\n\t\t\taspect-ratio: var(--aspect-ratio);\n\t\t}\n\t}\n<\/style>    <div class=\"parallax__image\"><\/div>\n    <div class=\"parallax__breadcrumb yoast-breadcrumb\">\n        <div class=\"container\">\n            <ol><li><a href=\"https:\/\/www.tilda.com\/de-de\/\">Startseite<\/a><\/li><\/ol>\n        <\/div>\n    <\/div>\n    <div class=\"container container--small u-text-center parallax__content1\">\n        \n                    <h1 class=\"u-text-center\"><span class=\"title title__rice title__rice--left-2 title__rice--right-3\"><span>\u00dcber<\/span> <span>Tilda<\/span><\/span><\/h1>\n                \n        <p class=\"parallax__big-text\">Wir von Tilda haben es uns zur Aufgabe gemacht, das Leben mit vielf\u00e4ltigen Aromen und Geschmacksnoten bunter zu machen. F\u00fcr den perfekten Reis ist uns kein Aufwand zu viel. Reis steht bei uns im Mittelpunkt\u00a0\u2013 wir machen nichts anderes und f\u00fcr niemand anderen.<\/p>\n    <\/div>\n    <div class=\"container container--small u-text-center parallax__content2\">\n                <h2 class=\"u-text-center\"><span class=\"title title__rice title__rice--left-2 title__rice--right-3\"><span>Immer<\/span> <span>neugierig<\/span><\/span><\/h2>\n        <p class=\"parallax__big-text\">Geschmack hat f\u00fcr uns oberste Priorit\u00e4t. Das ist der Grund, warum wir immer wieder neue Geschmacksrichtungen ausprobieren und fremde Kulturen kennenlernen m\u00f6chten. Dabei achten wir bei jedem einzelnen Korn auf h\u00f6chste Qualit\u00e4t. Neugierig und zuversichtlich, so lernen wir, was wir den Menschen und dem Planeten Gutes tun k\u00f6nnen\u00a0\u2013 vom Reisfeld bis auf den Teller.<\/p>\n    <\/div>\n<\/section>\n\n\n<section class=\"content-section content-section--no-pad content-section--pink content-section--fans\" id=\"\">\n                \\\n\n    <div class=\"image-with-cta image-with-cta--centered-text\">\n        <div class=\"image-with-cta__content\">\n            <div class=\"image-with-cta__container\">\n                                    <h2 class=\"title title__rice title__rice--left-2 title__rice--right-3\">\n                        <span>Unsere<\/span> <span>Geschichte<\/span>\n                    <\/h2>\n                \n                                    <p>Tilda gibt es seit 50\u00a0Jahren. Was wir in dieser Zeit erlebt haben, erfahren Sie hier.<\/p>\n\n                \n                                    <a href=\"\/de-de\/ueber-uns\/geschichte\/\" class=\"button\" target=\"_self\">Unsere Geschichte<\/a>\n                            <\/div>\n        <\/div>\n\n                                                        \n            <div class=\"image-with-cta__image image-with-cta__image-1087\">\n                <style>\n\t.image-with-cta__image-1087{\n\t\tbackground-image: url(https:\/\/www.tilda.com\/de-de\/wp-content\/uploads\/sites\/20\/2021\/03\/MG_6109-Edit.jpg);\n\t\tbackground-size: cover;\n\t\tbackground-repeat: no-repeat;\n\n\t\t@media(min-width: 1440px) {\n\t\t\taspect-ratio: var(--aspect-ratio);\n\t\t}\n\t}\n<\/style>            <\/div>\n            <\/div>\n<\/section>\n\n\n<section class=\"content-section content-section--turquoise\">\n    <div class=\"container container--medium\">\n                    <h2 class=\"content-section__title u-text-center title title__rice title__rice--left-2 title__rice--right-3\"><span>Unsere<\/span> <span>Werte<\/span><\/h2>\n                            <p class=\"content-section__subtitle u-text-center\">Voller Zuversicht und Neugier st\u00fcrzen wir uns ins Leben und auf neue Rezepte. Dabei m\u00f6chten wir andere gern mitrei\u00dfen. Wir lehnen uns nicht einfach zur\u00fcck\u00a0\u2013 mit Messer, Gabel und H\u00e4nden genie\u00dfen wir, was wir zum Leben und zur Kultur beitragen k\u00f6nnen. Der gemeinsame Genuss der unterschiedlichsten kulinarischen Traditionen, so unsere feste \u00dcberzeugung, bereitet den Weg f\u00fcr eine offenere Gesellschaft. Nat\u00fcrlich ist uns bewusst, dass wir hier von Reis sprechen\u00a0\u2013 aber vielleicht k\u00f6nnen wir unser Qu\u00e4ntchen beitragen.<\/p>\n        \n        <div class=\"slider-blocks-wrapper\">\n                                                                                                                                                                                            \n                    <div class=\"slider-blocks slider-blocks__image-427 slider-blocks__image-overlay\" data-behaviour=\"slider-blocks\">\n                                                    <style>\n\t.slider-blocks__image-427{\n\t\tbackground-image: url(https:\/\/www.tilda.com\/de-de\/wp-content\/uploads\/sites\/20\/2021\/01\/recipe2.jpg);\n\t\tbackground-size: cover;\n\t\tbackground-repeat: no-repeat;\n\n\t\t@media(min-width: 1440px) {\n\t\t\taspect-ratio: var(--aspect-ratio);\n\t\t}\n\t}\n<\/style>                        \n                        <div class=\"slider-blocks__box\">\n                            <div>\n                                                                    <h3 class=\"slider-blocks__title u-text-uppercase h4\">Ern\u00e4hrung<\/h3>\n                                                                                                    <p class=\"slider-blocks__subtitle u-text-uppercase\">Nur das Beste ist gut genug<\/p>\n                                                                                                    <div class=\"slider-blocks__content\">\n                                        Die Getreideart Reis hat einen ausgezeichneten Ruf. Reis ist glutenfrei und fettarm, enth\u00e4lt die essenziellen Aminos\u00e4uren und Fols\u00e4ure, ist \u00e4u\u00dferst natriumarm und frei von Cholesterin.<br><br>Au\u00dferdem hat Reis einen niedrigen bis mittleren glyk\u00e4mischen Index (GI), das hei\u00dft, Energie wird langsamer, aber daf\u00fcr best\u00e4ndiger freigesetzt, sodass die Blutzuckerwerte nicht so stark schwanken und das S\u00e4ttigungsgef\u00fchl l\u00e4nger anh\u00e4lt. Neben Basmati, unserem Hauptprodukt, bieten wir auch noch andere hochwertige Sorten an: Pilaw-, Jasmin-, Wildreis und einiges mehr.\n                                    <\/div>\n                                                            <\/div>\n                                                            <div class=\"slider-blocks__button\" data-behaviour=\"slider-blocks-button\"><\/div>\n                                                    <\/div>\n                    <\/div>\n                                                                                                                                                                                \n                    <div class=\"slider-blocks slider-blocks__image-2513 slider-blocks__image-overlay\" data-behaviour=\"slider-blocks\">\n                                                    <style>\n\t.slider-blocks__image-2513{\n\t\tbackground-image: url(https:\/\/www.tilda.com\/de-de\/wp-content\/uploads\/sites\/20\/2021\/03\/GettyImages-1222221865-scaled.jpg);\n\t\tbackground-size: cover;\n\t\tbackground-repeat: no-repeat;\n\n\t\t@media(min-width: 1440px) {\n\t\t\taspect-ratio: var(--aspect-ratio);\n\t\t}\n\t}\n<\/style>                        \n                        <div class=\"slider-blocks__box\">\n                            <div>\n                                                                    <h3 class=\"slider-blocks__title u-text-uppercase h4\">Unser Standard<\/h3>\n                                                                                                    <p class=\"slider-blocks__subtitle u-text-uppercase\">Reinheit und Geschmack<\/p>\n                                                                                                    <div class=\"slider-blocks__content\">\n                                        Wir sorgen daf\u00fcr, dass nur die besten K\u00f6rner abgef\u00fcllt werden und auf Ihren Tisch kommen. Unsere mehr als 50\u00a0Jahre an Erfahrung und Know-how helfen uns dabei. Zum Beispiel f\u00fchren wir bei jeder Basmati-Charge einen DNA-Test durch, um die Reinheit des Produkts zu gew\u00e4hrleisten. Nachdem der Basmati unter der Sonne getrocknet ist, kommt er in die Reism\u00fchle. Dort werden gebrochene K\u00f6rner, die St\u00e4rke freisetzen und den Reis klebrig werden lassen, aussortiert. \n                                    <\/div>\n                                                            <\/div>\n                                                            <div class=\"slider-blocks__button\" data-behaviour=\"slider-blocks-button\"><\/div>\n                                                    <\/div>\n                    <\/div>\n                                    <\/div>\n    <\/div>\n<\/section>\n\n\n<section class=\"content-section cta\">\n    <div class=\"cta__wrapper\">\n                <div class=\"container u-text-center\">\n            \n                                                <h2 class=\"content-section__title title title--white\"><span>Kontakt<\/span><\/h2>\n                            \n                            <p class=\"content-section__subtitle cta__text\">Wir m\u00f6chten wissen, was unsere Kunden von unseren Produkten halten. Wenn Sie uns also R\u00fcckmeldung geben, eine neue Geschmacksrichtung vorschlagen oder ein Problem zur Sprache bringen m\u00f6chten, kontaktieren Sie uns. Wir antworten Ihnen schnellstm\u00f6glich.<\/p>\n            \n                            <a href=\"\/de-de\/ueber-uns\/kontakt\/\" class=\"button\" target=\"_self\">Kontakt<\/a>\n                    <\/div>\n    <\/div>\n<\/section>\n\n\n<section class=\"content-section content-section--no-pad content-section--blue content-section--diamonds-2\" id=\"\">\n                \\\n\n    <div class=\"image-with-cta image-with-cta--flipped image-with-cta--centered-text\">\n        <div class=\"image-with-cta__content\">\n            <div class=\"image-with-cta__container\">\n                                    <h2 class=\"title title__rice title__rice--left-2 title__rice--right-3\">\n                        <span>SOZIALE<\/span> <span>VERANTWORTUNG<\/span> <span>DES<\/span> <span>UNTERNEHMENS<\/span>\n                    <\/h2>\n                \n                                    <p>Wir setzen alles daran, m\u00f6glichst umwelt- und sozialvertr\u00e4glich sowie wirtschaftlich nachhaltig in den Gemeinschaften zu agieren, mit denen wir zusammenarbeiten.<\/p>\n\n                \n                                    <a href=\"\/de-de\/ueber-uns\/soziale-verantwortung-des-unternehmens\/\" class=\"button\" target=\"_self\">SOZIALE VERANTWORTUNG DES UNTERNEHMENS<\/a>\n                            <\/div>\n        <\/div>\n\n                                                        \n            <div class=\"image-with-cta__image image-with-cta__image-1094\">\n                <style>\n\t.image-with-cta__image-1094{\n\t\tbackground-image: url(https:\/\/www.tilda.com\/de-de\/wp-content\/uploads\/sites\/20\/2021\/03\/Z2O6455-Edit.jpg);\n\t\tbackground-size: cover;\n\t\tbackground-repeat: no-repeat;\n\n\t\t@media(min-width: 1440px) {\n\t\t\taspect-ratio: var(--aspect-ratio);\n\t\t}\n\t}\n<\/style>            <\/div>\n            <\/div>\n<\/section>\n\n\n<section class=\"content-section cta\">\n    <div class=\"cta__wrapper\">\n                <div class=\"container u-text-center\">\n            \n                                                <h2 class=\"content-section__title title title--white\"><span>H\u00e4ufig<\/span> <span>gestellte<\/span> <span>Fragen<\/span> <span>(FAQ)<\/span><\/h2>\n                            \n                            <p class=\"content-section__subtitle cta__text\">Haben Sie Fragen zu unseren Produkten, Reis im Allgemeinen, Rezepten oder der Marke? Nachstehend finden Sie Antworten auf h\u00e4ufig gestellte Fragen unserer Kunden. <\/p>\n            \n                            <a href=\"\/de-de\/faqs\/\" class=\"button\" target=\"_self\">H\u00e4ufig gestellte Fragen (FAQ)<\/a>\n                    <\/div>\n    <\/div>\n<\/section>","protected":false},"excerpt":{"rendered":"","protected":false},"author":1,"featured_media":0,"parent":0,"menu_order":0,"comment_status":"closed","ping_status":"closed","template":"","meta":{"_acf_changed":false,"editor_notices":[],"footnotes":""},"class_list":["post-21","page","type-page","status-publish","hentry"],"acf":[],"yoast_head":"<!-- This site is optimized with the Yoast SEO Premium plugin v27.1 (Yoast SEO v27.3) - https:\/\/yoast.com\/product\/yoast-seo-premium-wordpress\/ -->\n<title>\u00dcber uns | Tilda<\/title>\n<meta name=\"robots\" content=\"index, follow, max-snippet:-1, max-image-preview:large, max-video-preview:-1\" \/>\n<link rel=\"canonical\" href=\"https:\/\/www.tilda.com\/de-de\/ueber-uns\/\" \/>\n<meta property=\"og:locale\" content=\"de_DE\" \/>\n<meta property=\"og:type\" content=\"article\" \/>\n<meta property=\"og:title\" content=\"\u00dcber uns\" \/>\n<meta property=\"og:url\" content=\"https:\/\/www.tilda.com\/de-de\/ueber-uns\/\" \/>\n<meta property=\"og:site_name\" content=\"Tilda Rice Deutschland\" \/>\n<meta property=\"article:modified_time\" content=\"2021-11-19T12:13:03+00:00\" \/>\n<meta name=\"twitter:card\" content=\"summary_large_image\" \/>\n<script type=\"application\/ld+json\" class=\"yoast-schema-graph\">{\"@context\":\"https:\\\/\\\/schema.org\",\"@graph\":[{\"@type\":\"WebPage\",\"@id\":\"https:\\\/\\\/www.tilda.com\\\/de-de\\\/ueber-uns\\\/\",\"url\":\"https:\\\/\\\/www.tilda.com\\\/de-de\\\/ueber-uns\\\/\",\"name\":\"\u00dcber uns | Tilda\",\"isPartOf\":{\"@id\":\"https:\\\/\\\/www.tilda.com\\\/de-de\\\/#website\"},\"datePublished\":\"2021-01-13T09:12:19+00:00\",\"dateModified\":\"2021-11-19T12:13:03+00:00\",\"breadcrumb\":{\"@id\":\"https:\\\/\\\/www.tilda.com\\\/de-de\\\/ueber-uns\\\/#breadcrumb\"},\"inLanguage\":\"de\",\"potentialAction\":[{\"@type\":\"ReadAction\",\"target\":[\"https:\\\/\\\/www.tilda.com\\\/de-de\\\/ueber-uns\\\/\"]}]},{\"@type\":\"BreadcrumbList\",\"@id\":\"https:\\\/\\\/www.tilda.com\\\/de-de\\\/ueber-uns\\\/#breadcrumb\",\"itemListElement\":[{\"@type\":\"ListItem\",\"position\":1,\"name\":\"Startseite\",\"item\":\"https:\\\/\\\/www.tilda.com\\\/de-de\\\/\"},{\"@type\":\"ListItem\",\"position\":2,\"name\":\"\u00dcber uns\"}]},{\"@type\":\"WebSite\",\"@id\":\"https:\\\/\\\/www.tilda.com\\\/de-de\\\/#website\",\"url\":\"https:\\\/\\\/www.tilda.com\\\/de-de\\\/\",\"name\":\"Tilda Rice Deutschland\",\"description\":\"All things Basmati\",\"potentialAction\":[{\"@type\":\"SearchAction\",\"target\":{\"@type\":\"EntryPoint\",\"urlTemplate\":\"https:\\\/\\\/www.tilda.com\\\/de-de\\\/?s={search_term_string}\"},\"query-input\":{\"@type\":\"PropertyValueSpecification\",\"valueRequired\":true,\"valueName\":\"search_term_string\"}}],\"inLanguage\":\"de\"}]}<\/script>\n<!-- \/ Yoast SEO Premium plugin. -->","yoast_head_json":{"title":"\u00dcber uns | Tilda","robots":{"index":"index","follow":"follow","max-snippet":"max-snippet:-1","max-image-preview":"max-image-preview:large","max-video-preview":"max-video-preview:-1"},"canonical":"https:\/\/www.tilda.com\/de-de\/ueber-uns\/","og_locale":"de_DE","og_type":"article","og_title":"\u00dcber uns","og_url":"https:\/\/www.tilda.com\/de-de\/ueber-uns\/","og_site_name":"Tilda Rice Deutschland","article_modified_time":"2021-11-19T12:13:03+00:00","twitter_card":"summary_large_image","schema":{"@context":"https:\/\/schema.org","@graph":[{"@type":"WebPage","@id":"https:\/\/www.tilda.com\/de-de\/ueber-uns\/","url":"https:\/\/www.tilda.com\/de-de\/ueber-uns\/","name":"\u00dcber uns | Tilda","isPartOf":{"@id":"https:\/\/www.tilda.com\/de-de\/#website"},"datePublished":"2021-01-13T09:12:19+00:00","dateModified":"2021-11-19T12:13:03+00:00","breadcrumb":{"@id":"https:\/\/www.tilda.com\/de-de\/ueber-uns\/#breadcrumb"},"inLanguage":"de","potentialAction":[{"@type":"ReadAction","target":["https:\/\/www.tilda.com\/de-de\/ueber-uns\/"]}]},{"@type":"BreadcrumbList","@id":"https:\/\/www.tilda.com\/de-de\/ueber-uns\/#breadcrumb","itemListElement":[{"@type":"ListItem","position":1,"name":"Startseite","item":"https:\/\/www.tilda.com\/de-de\/"},{"@type":"ListItem","position":2,"name":"\u00dcber uns"}]},{"@type":"WebSite","@id":"https:\/\/www.tilda.com\/de-de\/#website","url":"https:\/\/www.tilda.com\/de-de\/","name":"Tilda Rice Deutschland","description":"All things Basmati","potentialAction":[{"@type":"SearchAction","target":{"@type":"EntryPoint","urlTemplate":"https:\/\/www.tilda.com\/de-de\/?s={search_term_string}"},"query-input":{"@type":"PropertyValueSpecification","valueRequired":true,"valueName":"search_term_string"}}],"inLanguage":"de"}]}},"_links":{"self":[{"href":"https:\/\/www.tilda.com\/de-de\/wp-json\/wp\/v2\/pages\/21","targetHints":{"allow":["GET"]}}],"collection":[{"href":"https:\/\/www.tilda.com\/de-de\/wp-json\/wp\/v2\/pages"}],"about":[{"href":"https:\/\/www.tilda.com\/de-de\/wp-json\/wp\/v2\/types\/page"}],"author":[{"embeddable":true,"href":"https:\/\/www.tilda.com\/de-de\/wp-json\/wp\/v2\/users\/1"}],"replies":[{"embeddable":true,"href":"https:\/\/www.tilda.com\/de-de\/wp-json\/wp\/v2\/comments?post=21"}],"version-history":[{"count":0,"href":"https:\/\/www.tilda.com\/de-de\/wp-json\/wp\/v2\/pages\/21\/revisions"}],"wp:attachment":[{"href":"https:\/\/www.tilda.com\/de-de\/wp-json\/wp\/v2\/media?parent=21"}],"curies":[{"name":"wp","href":"https:\/\/api.w.org\/{rel}","templated":true}]}}