{"id":1159,"date":"2021-03-09T17:27:45","date_gmt":"2021-03-09T17:27:45","guid":{"rendered":"https:\/\/www.tilda.com\/?page_id=1159"},"modified":"2021-11-19T12:30:01","modified_gmt":"2021-11-19T12:30:01","slug":"soziale-verantwortung-des-unternehmens","status":"publish","type":"page","link":"https:\/\/www.tilda.com\/de-de\/ueber-uns\/soziale-verantwortung-des-unternehmens\/","title":{"rendered":"Soziale Verantwortung des Unternehmens"},"content":{"rendered":"\n<section class=\"content-section content-section--no-pad parallax\">\n                <style>\n\t.parallax__image{\n\t\tbackground-image: url(https:\/\/www.tilda.com\/de-de\/wp-content\/uploads\/sites\/20\/2021\/03\/Z2O6455-Edit-1.jpg);\n\t\tbackground-size: cover;\n\t\tbackground-repeat: no-repeat;\n\n\t\t@media(min-width: 1440px) {\n\t\t\taspect-ratio: var(--aspect-ratio);\n\t\t}\n\t}\n<\/style>    <div class=\"parallax__image parallax__image--overlay\"><\/div>\n    <div class=\"parallax__breadcrumb yoast-breadcrumb\">\n        <div class=\"container\">\n            <ol><li><a href=\"https:\/\/www.tilda.com\/de-de\/\">Startseite<\/a><\/li><\/ol>\n        <\/div>\n    <\/div>\n    <div class=\"container container--small u-text-center parallax__content1\">\n        \n                    <h1 class=\"u-text-center\"><span class=\"title title__rice title__rice--left-2 title__rice--right-3\"><span>Soziale<\/span> <span>Verantwortung<\/span> <span>des<\/span> <span>Unternehmens<\/span><\/span><\/h1>\n                \n        <p class=\"parallax__big-text\"><\/p>\n    <\/div>\n    <div class=\"container container--small u-text-center parallax__content2\">\n                    <p class=\"h6\">Unser Weg hin zu mehr<\/p>\n                <h2 class=\"u-text-center\"><span class=\"title title__rice title__rice--left-2 title__rice--right-3\"><span>Nachhaltigkeit<\/span><\/span><\/h2>\n        <p class=\"parallax__big-text\">Uns ist es wichtig, den Basmati-Reisanbau langfristig nachhaltig zu gestalten. <\/p>\n    <\/div>\n<\/section>\n\n<section class=\"content-section content-section--top-mask content-section-- u-contrast-text--\">\n    <div class=\"free-content free-content--big-text container container--small\">\n                    <div class=\"free-content__content user-content\">\n                <p style=\"text-align: center;\">Seit jeher ist uns bewusst, dass wir nur mit hochwertigem Reis Top-Qualit\u00e4t<br \/>gew\u00e4hrleisten k\u00f6nnen, und es ist uns ein wichtiges Anliegen, Reis zu fairen Bedingungen von den Bauern einzukaufen.<br \/>Bei der Qualit\u00e4t gehen wir keine Kompromisse ein, deshalb ist die Qualit\u00e4tssicherung ein zentraler Bestandteil unserer Arbeit. Wir m\u00f6chten mit unserem Verantwortungsbewusstsein als<br \/>Reisproduzent weltweit Schule machen.<\/p>\n<p><\/p>\n<p style=\"text-align: center;\">Nur die besten, von Hand verlesenen Reisk\u00f6rner und hochwertige Zutaten<br \/>schaffen es in unsere Tilda-Packungen. Da wir nicht f\u00fcr Dritte produzieren,<br \/>ist nur dann Tilda in der Packung, wenn Tilda draufsteht!<\/p>\n\n            <\/div>\n            <\/div>\n<\/section>\n\n        \n    <section class=\"content-section content-section--navy\">\n        <div class=\"quote quote--in-section container container--medium\">\n            <div class=\"container container--small u-text-center\">\n                <p class=\"quote__content\">Da jede unserer Aktivit\u00e4ten Auswirkungen auf die Umwelt hat, versuchen wir bei jedem Schritt, unseren Fu\u00dfabdruck zu verringern.  Wir sind noch lange nicht am Ende unserer M\u00f6glichkeiten und werden unsere Klimabilanz weiter verbessern.<\/p>\n                                    <p class=\"quote__source\">Jonathan Calland\u00a0\u2013 Head of Sustainability\u00a0&#038; External Affairs<\/p>\n                            <\/div>\n        <\/div>\n    <\/section>\n\n\n            \n<section class=\"content-section cta cta--image content-section--image cta--image-1671 cta--image-overlay content-section--no-pad\">\n    <div class=\"cta__wrapper\">\n                    <style>\n\t.cta--image-1671{\n\t\tbackground-image: url(https:\/\/www.tilda.com\/de-de\/wp-content\/uploads\/sites\/20\/2021\/03\/Z2O9595-Edit-e1615983757386.jpg);\n\t\tbackground-size: cover;\n\t\tbackground-repeat: no-repeat;\n\n\t\t@media(min-width: 1440px) {\n\t\t\taspect-ratio: var(--aspect-ratio);\n\t\t}\n\t}\n<\/style>                <div class=\"container u-text-center\">\n                            <p class=\"h6\">Unsere Strategie f\u00fcr<\/p>\n            \n                                                <h2 class=\"content-section__title cta__title title title--white title__rice title__rice--left-2 title__rice--right-3\">\n                        <span>Recycling<\/span> <span>und<\/span> <span>Verpackungen<\/span>\n                    <\/h2>\n                            \n                            <p class=\"content-section__subtitle cta__text\">Wir bei Tilda nutzen Verpackungen, die den Inhalt auf dem Weg zum Kunden optimal sch\u00fctzen.<\/p>\n            \n                    <\/div>\n    <\/div>\n<\/section>\n\n<section class=\"content-section content-section--top-mask content-section-- u-contrast-text--\">\n    <div class=\"free-content free-content--big-text container container--small\">\n                    <div class=\"free-content__content user-content\">\n                <p><strong>Seit Kurzem vertreiben wir eine neue Reihe an Trockenreismischungen in 375-g-Kartons, die zu 100\u00a0% recycelbar sind. Gr\u00f6\u00dfere Mengen verpacken wir in widerstandsf\u00e4higer Schutzfolie, die von lokalen Entsorgern in der Regel nicht recycelt werden kann, weil ihnen die entsprechende Technologie fehlt. Diese Folienart hat unter anderem den Vorteil, Lebensmittel deutlich besser vor dem Verderben zu sch\u00fctzen und somit Verschwendung zu vermeiden.<\/strong><\/p>\n<p>Die von uns verwendeten Beutel bestehen aus mehreren Materialschichten, die zumindest im Tilda-Ursprungsland Gro\u00dfbritannien noch nicht in gro\u00dfem Umfang recycelbar sind. Es ist nicht m\u00f6glich, den laminierten Teil des Beutels, der mit dem Lebensmittel in Kontakt kommt, aus recyceltem Material herzustellen. F\u00fcr die anderen Verpackungsschichten pr\u00fcfen wir allerdings entsprechende M\u00f6glichkeiten.<\/p>\n<p>Wir nehmen am System \u201eGr\u00fcner Punkt\u201c teil, einer langj\u00e4hrigen europ\u00e4ischen M\u00fclltrennungsinitiative. Sie ist in mehreren L\u00e4ndern vorgeschrieben, in denen Tilda-Produkte verkauft werden. Der gr\u00fcne Punkt symbolisiert, dass sich der Hersteller vorab f\u00fcr jede seiner Verpackungsarten an der Finanzierung der Verpackungssammlung und -verwertung beteiligt hat. Beim Verkauf unserer Produkte in Europa dient das Symbol als Beweis, das wir die vor Ort geltenden Gesetze zum Verpackungsm\u00fcll einhalten. Aktuell entwickeln wir Verpackungen ohne gr\u00fcnen Punkt f\u00fcr den britischen Markt, um etwaige Unklarheiten zur Wiederverwertbarkeit bestimmter Verpackungsarten im Vereinigten K\u00f6nigreich aus dem Weg zu r\u00e4umen.<\/p>\n<p>Gemeinsam mit unseren Verpackungspartnern arbeiten wir daran, all unsere Verpackungen in den Verkaufsl\u00e4ndern recycelbar zu machen.<\/p>\n<hr \/>\n<p><strong>Auf ethischen Grunds\u00e4tzen basierende Lieferanten\u00fcberpr\u00fcfung<\/strong><\/p>\n<p>Tilda ist Mitglied bei Sedex Global, einer unabh\u00e4ngigen, gemeinn\u00fctzigen Organisation zur \u00dcberpr\u00fcfung des ethischen Gesch\u00e4ftsgebarens und der Transparenzbem\u00fchungen in unserer Lieferkette. Begutachtet wird die Einhaltung von Vorschriften des Arbeitsrechts und Gesundheitsschutzes sowie von Umweltstandards und ethischen Gesch\u00e4ftsgrunds\u00e4tzen.<\/p>\n<h2>100\u00a0%<\/h2>\n<p>ethisch korrekt und transparent im Jahr 2020<\/p>\n\n            <\/div>\n            <\/div>\n<\/section>\n\n            \n<section class=\"content-section cta cta--image content-section--image cta--image-1676 cta--image-overlay content-section--no-pad\">\n    <div class=\"cta__wrapper\">\n                    <style>\n\t.cta--image-1676{\n\t\tbackground-image: url(https:\/\/www.tilda.com\/de-de\/wp-content\/uploads\/sites\/20\/2021\/03\/Z2O6564-Edit-copy.jpg);\n\t\tbackground-size: cover;\n\t\tbackground-repeat: no-repeat;\n\n\t\t@media(min-width: 1440px) {\n\t\t\taspect-ratio: var(--aspect-ratio);\n\t\t}\n\t}\n<\/style>                <div class=\"container u-text-center\">\n                            <p class=\"h6\">Unser Beitrag zu<\/p>\n            \n                                                <h2 class=\"content-section__title cta__title title title--white title__rice title__rice--left-2 title__rice--right-3\">\n                        <span>gemeinschaftlichen<\/span> <span>und<\/span> <span>guten<\/span> <span>Zwecken<\/span>\n                    <\/h2>\n                            \n                            <p class=\"content-section__subtitle cta__text\">Wir unterst\u00fctzen gute Zwecke und globale gemeinschaftliche Initiativen. Es folgt ein \u00dcberblick mit einigen gemeinn\u00fctzigen Projekten, an denen wir uns beteiligen. <\/p>\n            \n                    <\/div>\n    <\/div>\n<\/section>","protected":false},"excerpt":{"rendered":"","protected":false},"author":1,"featured_media":0,"parent":21,"menu_order":0,"comment_status":"closed","ping_status":"closed","template":"","meta":{"_acf_changed":false,"editor_notices":[],"footnotes":""},"class_list":["post-1159","page","type-page","status-publish","hentry"],"acf":[],"yoast_head":"<!-- This site is optimized with the Yoast SEO Premium plugin v27.1 (Yoast SEO v27.3) - https:\/\/yoast.com\/product\/yoast-seo-premium-wordpress\/ -->\n<title>Soziale Verantwortung des Unternehmens | Tilda<\/title>\n<meta name=\"description\" content=\"Bei Tilda ist jeder bem\u00fcht, kontinuierlich Verbesserungen umzusetzen und eine nachhaltige Lieferkette aufzubauen. Mehr dazu erfahren Sie hier.\" \/>\n<meta name=\"robots\" content=\"index, follow, max-snippet:-1, max-image-preview:large, max-video-preview:-1\" \/>\n<link rel=\"canonical\" href=\"https:\/\/www.tilda.com\/de-de\/ueber-uns\/soziale-verantwortung-des-unternehmens\/\" \/>\n<meta property=\"og:locale\" content=\"de_DE\" \/>\n<meta property=\"og:type\" content=\"article\" \/>\n<meta property=\"og:title\" content=\"Soziale Verantwortung des Unternehmens\" \/>\n<meta property=\"og:description\" content=\"Bei Tilda ist jeder bem\u00fcht, kontinuierlich Verbesserungen umzusetzen und eine nachhaltige Lieferkette aufzubauen. Mehr dazu erfahren Sie hier.\" \/>\n<meta property=\"og:url\" content=\"https:\/\/www.tilda.com\/de-de\/ueber-uns\/soziale-verantwortung-des-unternehmens\/\" \/>\n<meta property=\"og:site_name\" content=\"Tilda Rice Deutschland\" \/>\n<meta property=\"article:modified_time\" content=\"2021-11-19T12:30:01+00:00\" \/>\n<meta name=\"twitter:card\" content=\"summary_large_image\" \/>\n<script type=\"application\/ld+json\" class=\"yoast-schema-graph\">{\"@context\":\"https:\\\/\\\/schema.org\",\"@graph\":[{\"@type\":\"WebPage\",\"@id\":\"https:\\\/\\\/www.tilda.com\\\/de-de\\\/ueber-uns\\\/soziale-verantwortung-des-unternehmens\\\/\",\"url\":\"https:\\\/\\\/www.tilda.com\\\/de-de\\\/ueber-uns\\\/soziale-verantwortung-des-unternehmens\\\/\",\"name\":\"Soziale Verantwortung des Unternehmens | Tilda\",\"isPartOf\":{\"@id\":\"https:\\\/\\\/www.tilda.com\\\/de-de\\\/#website\"},\"datePublished\":\"2021-03-09T17:27:45+00:00\",\"dateModified\":\"2021-11-19T12:30:01+00:00\",\"description\":\"Bei Tilda ist jeder bem\u00fcht, kontinuierlich Verbesserungen umzusetzen und eine nachhaltige Lieferkette aufzubauen. Mehr dazu erfahren Sie hier.\",\"breadcrumb\":{\"@id\":\"https:\\\/\\\/www.tilda.com\\\/de-de\\\/ueber-uns\\\/soziale-verantwortung-des-unternehmens\\\/#breadcrumb\"},\"inLanguage\":\"de\",\"potentialAction\":[{\"@type\":\"ReadAction\",\"target\":[\"https:\\\/\\\/www.tilda.com\\\/de-de\\\/ueber-uns\\\/soziale-verantwortung-des-unternehmens\\\/\"]}]},{\"@type\":\"BreadcrumbList\",\"@id\":\"https:\\\/\\\/www.tilda.com\\\/de-de\\\/ueber-uns\\\/soziale-verantwortung-des-unternehmens\\\/#breadcrumb\",\"itemListElement\":[{\"@type\":\"ListItem\",\"position\":1,\"name\":\"Startseite\",\"item\":\"https:\\\/\\\/www.tilda.com\\\/de-de\\\/\"},{\"@type\":\"ListItem\",\"position\":2,\"name\":\"\u00dcber uns\",\"item\":\"https:\\\/\\\/www.tilda.com\\\/de-de\\\/ueber-uns\\\/\"},{\"@type\":\"ListItem\",\"position\":3,\"name\":\"Soziale Verantwortung des Unternehmens\"}]},{\"@type\":\"WebSite\",\"@id\":\"https:\\\/\\\/www.tilda.com\\\/de-de\\\/#website\",\"url\":\"https:\\\/\\\/www.tilda.com\\\/de-de\\\/\",\"name\":\"Tilda Rice Deutschland\",\"description\":\"All things Basmati\",\"potentialAction\":[{\"@type\":\"SearchAction\",\"target\":{\"@type\":\"EntryPoint\",\"urlTemplate\":\"https:\\\/\\\/www.tilda.com\\\/de-de\\\/?s={search_term_string}\"},\"query-input\":{\"@type\":\"PropertyValueSpecification\",\"valueRequired\":true,\"valueName\":\"search_term_string\"}}],\"inLanguage\":\"de\"}]}<\/script>\n<!-- \/ Yoast SEO Premium plugin. -->","yoast_head_json":{"title":"Soziale Verantwortung des Unternehmens | Tilda","description":"Bei Tilda ist jeder bem\u00fcht, kontinuierlich Verbesserungen umzusetzen und eine nachhaltige Lieferkette aufzubauen. Mehr dazu erfahren Sie hier.","robots":{"index":"index","follow":"follow","max-snippet":"max-snippet:-1","max-image-preview":"max-image-preview:large","max-video-preview":"max-video-preview:-1"},"canonical":"https:\/\/www.tilda.com\/de-de\/ueber-uns\/soziale-verantwortung-des-unternehmens\/","og_locale":"de_DE","og_type":"article","og_title":"Soziale Verantwortung des Unternehmens","og_description":"Bei Tilda ist jeder bem\u00fcht, kontinuierlich Verbesserungen umzusetzen und eine nachhaltige Lieferkette aufzubauen. Mehr dazu erfahren Sie hier.","og_url":"https:\/\/www.tilda.com\/de-de\/ueber-uns\/soziale-verantwortung-des-unternehmens\/","og_site_name":"Tilda Rice Deutschland","article_modified_time":"2021-11-19T12:30:01+00:00","twitter_card":"summary_large_image","schema":{"@context":"https:\/\/schema.org","@graph":[{"@type":"WebPage","@id":"https:\/\/www.tilda.com\/de-de\/ueber-uns\/soziale-verantwortung-des-unternehmens\/","url":"https:\/\/www.tilda.com\/de-de\/ueber-uns\/soziale-verantwortung-des-unternehmens\/","name":"Soziale Verantwortung des Unternehmens | Tilda","isPartOf":{"@id":"https:\/\/www.tilda.com\/de-de\/#website"},"datePublished":"2021-03-09T17:27:45+00:00","dateModified":"2021-11-19T12:30:01+00:00","description":"Bei Tilda ist jeder bem\u00fcht, kontinuierlich Verbesserungen umzusetzen und eine nachhaltige Lieferkette aufzubauen. Mehr dazu erfahren Sie hier.","breadcrumb":{"@id":"https:\/\/www.tilda.com\/de-de\/ueber-uns\/soziale-verantwortung-des-unternehmens\/#breadcrumb"},"inLanguage":"de","potentialAction":[{"@type":"ReadAction","target":["https:\/\/www.tilda.com\/de-de\/ueber-uns\/soziale-verantwortung-des-unternehmens\/"]}]},{"@type":"BreadcrumbList","@id":"https:\/\/www.tilda.com\/de-de\/ueber-uns\/soziale-verantwortung-des-unternehmens\/#breadcrumb","itemListElement":[{"@type":"ListItem","position":1,"name":"Startseite","item":"https:\/\/www.tilda.com\/de-de\/"},{"@type":"ListItem","position":2,"name":"\u00dcber uns","item":"https:\/\/www.tilda.com\/de-de\/ueber-uns\/"},{"@type":"ListItem","position":3,"name":"Soziale Verantwortung des Unternehmens"}]},{"@type":"WebSite","@id":"https:\/\/www.tilda.com\/de-de\/#website","url":"https:\/\/www.tilda.com\/de-de\/","name":"Tilda Rice Deutschland","description":"All things Basmati","potentialAction":[{"@type":"SearchAction","target":{"@type":"EntryPoint","urlTemplate":"https:\/\/www.tilda.com\/de-de\/?s={search_term_string}"},"query-input":{"@type":"PropertyValueSpecification","valueRequired":true,"valueName":"search_term_string"}}],"inLanguage":"de"}]}},"_links":{"self":[{"href":"https:\/\/www.tilda.com\/de-de\/wp-json\/wp\/v2\/pages\/1159","targetHints":{"allow":["GET"]}}],"collection":[{"href":"https:\/\/www.tilda.com\/de-de\/wp-json\/wp\/v2\/pages"}],"about":[{"href":"https:\/\/www.tilda.com\/de-de\/wp-json\/wp\/v2\/types\/page"}],"author":[{"embeddable":true,"href":"https:\/\/www.tilda.com\/de-de\/wp-json\/wp\/v2\/users\/1"}],"replies":[{"embeddable":true,"href":"https:\/\/www.tilda.com\/de-de\/wp-json\/wp\/v2\/comments?post=1159"}],"version-history":[{"count":0,"href":"https:\/\/www.tilda.com\/de-de\/wp-json\/wp\/v2\/pages\/1159\/revisions"}],"up":[{"embeddable":true,"href":"https:\/\/www.tilda.com\/de-de\/wp-json\/wp\/v2\/pages\/21"}],"wp:attachment":[{"href":"https:\/\/www.tilda.com\/de-de\/wp-json\/wp\/v2\/media?parent=1159"}],"curies":[{"name":"wp","href":"https:\/\/api.w.org\/{rel}","templated":true}]}}