{"id":21,"date":"2021-01-13T09:12:19","date_gmt":"2021-01-13T09:12:19","guid":{"rendered":"https:\/\/tilda.test\/?page_id=21"},"modified":"2022-05-16T07:58:50","modified_gmt":"2022-05-16T07:58:50","slug":"chi-siamo","status":"publish","type":"page","link":"http:\/\/www.tilda.com\/it-it\/chi-siamo\/","title":{"rendered":"Chi siamo"},"content":{"rendered":"\n<section class=\"content-section content-section--no-pad parallax\">\n                <style>\n\t.parallax__image{\n\t\tbackground-image: url(http:\/\/www.tilda.com\/it-it\/wp-content\/uploads\/sites\/26\/2021\/03\/Tilda_1.1.2.jpg);\n\t\tbackground-size: cover;\n\t\tbackground-repeat: no-repeat;\n\n\t\t@media(min-width: 1440px) {\n\t\t\taspect-ratio: var(--aspect-ratio);\n\t\t}\n\t}\n<\/style>    <div class=\"parallax__image\"><\/div>\n    <div class=\"parallax__breadcrumb yoast-breadcrumb\">\n        <div class=\"container\">\n            <ol><li><a href=\"https:\/\/www.tilda.com\/it-it\/\">Pagina Iniziale<\/a><\/li><\/ol>\n        <\/div>\n    <\/div>\n    <div class=\"container container--small u-text-center parallax__content1\">\n        \n                    <h1 class=\"u-text-center\"><span class=\"title title__rice title__rice--left-2 title__rice--right-3\"><span>Informazioni<\/span> <span>su<\/span> <span>Tilda<\/span><\/span><\/h1>\n                \n        <p class=\"parallax__big-text\">La missione di Tilda \u00e8 permettere a tutti di assaporare la vita istante dopo istante. Mettiamo tutto il nostro amore e la nostra energia per produrre il riso perfetto. Ci dedichiamo solo a questo e non produciamo per altri: il riso \u00e8 la nostra unica passione.<\/p>\n    <\/div>\n    <div class=\"container container--small u-text-center parallax__content2\">\n                <h2 class=\"u-text-center\"><span class=\"title title__rice title__rice--left-2 title__rice--right-3\"><span>Parola<\/span> <span>chiave:<\/span> <span>curiosit\u00e0<\/span><\/span><\/h2>\n        <p class=\"parallax__big-text\">Il gusto \u00e8 la nostra stella polare. \u00c8 ci\u00f2 che ci spinge a prenderci meticolosamente cura di ogni singolo chicco, a sperimentare nuovi sapori e a confrontarci con culture sempre diverse. Guardiamo inoltre alla vita con enorme curiosit\u00e0 e ottimismo. Per questo motivo, abbiamo a cuore il nostro impatto sulle persone e sul pianeta, dalla risaia alla tavola.<\/p>\n    <\/div>\n<\/section>\n\n\n<section class=\"content-section content-section--no-pad content-section--pink content-section--fans\" id=\"\">\n                \\\n\n    <div class=\"image-with-cta image-with-cta--centered-text\">\n        <div class=\"image-with-cta__content\">\n            <div class=\"image-with-cta__container\">\n                                    <h2 class=\"title title__rice title__rice--left-2 title__rice--right-3\">\n                        <span>La<\/span> <span>nostra<\/span> <span>storia<\/span>\n                    <\/h2>\n                \n                                    <p>Scopri di pi\u00f9 sui cinquant&#8217;anni di storia di Tilda e sulle tappe del nostro percorso.<\/p>\n\n                \n                                    <a href=\"\/it-it\/chi-siamo\/la-nostra-storia\/\" class=\"button\" target=\"_self\">La nostra storia<\/a>\n                            <\/div>\n        <\/div>\n\n                                                        \n            <div class=\"image-with-cta__image image-with-cta__image-1087\">\n                <style>\n\t.image-with-cta__image-1087{\n\t\tbackground-image: url(http:\/\/www.tilda.com\/it-it\/wp-content\/uploads\/sites\/26\/2021\/03\/MG_6109-Edit.jpg);\n\t\tbackground-size: cover;\n\t\tbackground-repeat: no-repeat;\n\n\t\t@media(min-width: 1440px) {\n\t\t\taspect-ratio: var(--aspect-ratio);\n\t\t}\n\t}\n<\/style>            <\/div>\n            <\/div>\n<\/section>\n\n\n<section class=\"content-section content-section--turquoise\">\n    <div class=\"container container--medium\">\n                    <h2 class=\"content-section__title u-text-center title title__rice title__rice--left-2 title__rice--right-3\"><span>I<\/span> <span>nostri<\/span> <span>valori<\/span><\/h2>\n                            <p class=\"content-section__subtitle u-text-center\">Guardiamo alla vita e al cibo con ottimismo e curiosit\u00e0. Amiamo ispirare e affascinare chi ci circonda. L&#8217;inerzia non fa per noi: ci piace mettere le mani in pasta e avere un ruolo attivo nella cultura. Siamo convinti che esplorare nuove culture attraverso la passione comune per il cibo contribuir\u00e0 a creare una societ\u00e0 pi\u00f9 inclusiva, ma sempre tenendo a mente che il riso \u00e8 al centro della nostra attivit\u00e0.<\/p>\n        \n        <div class=\"slider-blocks-wrapper\">\n                                                                                                                                                                                            \n                    <div class=\"slider-blocks slider-blocks__image-427 slider-blocks__image-overlay\" data-behaviour=\"slider-blocks\">\n                                                    <style>\n\t.slider-blocks__image-427{\n\t\tbackground-image: url(http:\/\/www.tilda.com\/it-it\/wp-content\/uploads\/sites\/26\/2021\/01\/recipe2.jpg);\n\t\tbackground-size: cover;\n\t\tbackground-repeat: no-repeat;\n\n\t\t@media(min-width: 1440px) {\n\t\t\taspect-ratio: var(--aspect-ratio);\n\t\t}\n\t}\n<\/style>                        \n                        <div class=\"slider-blocks__box\">\n                            <div>\n                                                                    <h3 class=\"slider-blocks__title u-text-uppercase h4\">Nutrizione<\/h3>\n                                                                                                    <p class=\"slider-blocks__subtitle u-text-uppercase\">Selezioniamo solo i migliori chicchi<\/p>\n                                                                                                    <div class=\"slider-blocks__content\">\n                                        Il riso \u00e8 considerato un super cereale. \u00c8 privo di glutine e povero di grassi; contiene amminoacidi essenziali e acido folico, ma poco sodio e zero colesterolo.<br><br>Ha inoltre un indice glicemico medio-basso, perci\u00f2 viene digerito e metabolizzato molto pi\u00f9 lentamente, cedendo energia in modo costante e bilanciato e prolungando il senso di saziet\u00e0. Tilda non \u00e8 solo riso Basmati. Produciamo unicamente chicchi della migliore qualit\u00e0 delle variet\u00e0 pi\u00f9 diverse: Pilau, Jasmine, Wild Rice e molto altro.\n                                    <\/div>\n                                                            <\/div>\n                                                            <div class=\"slider-blocks__button\" data-behaviour=\"slider-blocks-button\"><\/div>\n                                                    <\/div>\n                    <\/div>\n                                                                                                                                                                                \n                    <div class=\"slider-blocks slider-blocks__image-2513 slider-blocks__image-overlay\" data-behaviour=\"slider-blocks\">\n                                                    <style>\n\t.slider-blocks__image-2513{\n\t\tbackground-image: url(http:\/\/www.tilda.com\/it-it\/wp-content\/uploads\/sites\/26\/2021\/03\/GettyImages-1222221865-scaled.jpg);\n\t\tbackground-size: cover;\n\t\tbackground-repeat: no-repeat;\n\n\t\t@media(min-width: 1440px) {\n\t\t\taspect-ratio: var(--aspect-ratio);\n\t\t}\n\t}\n<\/style>                        \n                        <div class=\"slider-blocks__box\">\n                            <div>\n                                                                    <h3 class=\"slider-blocks__title u-text-uppercase h4\">Standard<\/h3>\n                                                                                                    <p class=\"slider-blocks__subtitle u-text-uppercase\">Genuinit\u00e0 e sapore<\/p>\n                                                                                                    <div class=\"slider-blocks__content\">\n                                        Selezioniamo i chicchi per assicurarci che solo i migliori raggiungano la tua tavola. Con oltre mezzo secolo di competenze ed esperienza, esaminiamo ogni lotto di Basmati per garantirne la purezza. Essicchiamo il riso Basmati naturalmente al sole e, durante il processo di lavorazione, scartiamo i chicchi spezzati che rilascerebbero amido, rendendo il riso colloso. \n                                    <\/div>\n                                                            <\/div>\n                                                            <div class=\"slider-blocks__button\" data-behaviour=\"slider-blocks-button\"><\/div>\n                                                    <\/div>\n                    <\/div>\n                                    <\/div>\n    <\/div>\n<\/section>\n\n\n<section class=\"content-section cta\">\n    <div class=\"cta__wrapper\">\n                <div class=\"container u-text-center\">\n            \n                                                <h2 class=\"content-section__title title title--white\"><span>Contattaci<\/span><\/h2>\n                            \n                            <p class=\"content-section__subtitle cta__text\">Le opinioni dei clienti sui nostri prodotti sono sempre ben accette. Se vuoi condividere le tue idee su nuovi deliziosi sapori, inviarci un feedback o segnalare un problema, contattaci e saremo lieti di risponderti al pi\u00f9 presto.<\/p>\n            \n                            <a href=\"\/it-it\/chi-siamo\/contattaci\/\" class=\"button\" target=\"_self\">Contattaci<\/a>\n                    <\/div>\n    <\/div>\n<\/section>\n\n\n<section class=\"content-section content-section--no-pad content-section--blue content-section--diamonds-2\" id=\"\">\n                \\\n\n    <div class=\"image-with-cta image-with-cta--flipped image-with-cta--centered-text\">\n        <div class=\"image-with-cta__content\">\n            <div class=\"image-with-cta__container\">\n                                    <h2 class=\"title title__rice title__rice--left-2 title__rice--right-3\">\n                        <span>RESPONSABILIT\u00c0<\/span> <span>SOCIALE<\/span> <span>D&#8217;IMPRESA<\/span>\n                    <\/h2>\n                \n                                    <p>Ci impegniamo a fondo per ridurre il nostro impatto sull&#8217;ambiente e portare al massimo i vantaggi sociali ed economici per tutte le comunit\u00e0 con cui collaboriamo.<\/p>\n\n                \n                                    <a href=\"\/it-it\/chi-siamo\/responsabilita-sociale-dimpresa\/\" class=\"button\" target=\"_self\">RESPONSABILIT\u00c0 SOCIALE D&#8217;IMPRESA<\/a>\n                            <\/div>\n        <\/div>\n\n                                                        \n            <div class=\"image-with-cta__image image-with-cta__image-1094\">\n                <style>\n\t.image-with-cta__image-1094{\n\t\tbackground-image: url(http:\/\/www.tilda.com\/it-it\/wp-content\/uploads\/sites\/26\/2021\/03\/Z2O6455-Edit.jpg);\n\t\tbackground-size: cover;\n\t\tbackground-repeat: no-repeat;\n\n\t\t@media(min-width: 1440px) {\n\t\t\taspect-ratio: var(--aspect-ratio);\n\t\t}\n\t}\n<\/style>            <\/div>\n            <\/div>\n<\/section>\n\n\n<section class=\"content-section cta\">\n    <div class=\"cta__wrapper\">\n                <div class=\"container u-text-center\">\n            \n                                                <h2 class=\"content-section__title title title--white\"><span>Domande<\/span> <span>frequenti<\/span><\/h2>\n                            \n                            <p class=\"content-section__subtitle cta__text\">Hai domande sui prodotti, sul riso, sulle ricette o sul brand Tilda? Di seguito trovi le risposte alle domande che riceviamo pi\u00f9 spesso dai nostri clienti. <\/p>\n            \n                            <a href=\"\/it-it\/domande-frequenti\/\" class=\"button\" target=\"_self\">Domande frequenti<\/a>\n                    <\/div>\n    <\/div>\n<\/section>","protected":false},"excerpt":{"rendered":"","protected":false},"author":1,"featured_media":0,"parent":0,"menu_order":0,"comment_status":"closed","ping_status":"closed","template":"","meta":{"_acf_changed":false,"editor_notices":[],"footnotes":""},"class_list":["post-21","page","type-page","status-publish","hentry"],"acf":[],"yoast_head":"<!-- This site is optimized with the Yoast SEO Premium plugin v27.1 (Yoast SEO v27.3) - https:\/\/yoast.com\/product\/yoast-seo-premium-wordpress\/ -->\n<title>Chi siamo | Tilda<\/title>\n<meta name=\"robots\" content=\"index, follow, max-snippet:-1, max-image-preview:large, max-video-preview:-1\" \/>\n<link rel=\"canonical\" href=\"https:\/\/www.tilda.com\/it-it\/chi-siamo\/\" \/>\n<meta property=\"og:locale\" content=\"it_IT\" \/>\n<meta property=\"og:type\" content=\"article\" \/>\n<meta property=\"og:title\" content=\"Chi siamo\" \/>\n<meta property=\"og:url\" content=\"https:\/\/www.tilda.com\/it-it\/chi-siamo\/\" \/>\n<meta property=\"og:site_name\" content=\"Tilda Rice Italia\" \/>\n<meta property=\"article:modified_time\" content=\"2022-05-16T07:58:50+00:00\" \/>\n<meta name=\"twitter:card\" content=\"summary_large_image\" \/>\n<script type=\"application\/ld+json\" class=\"yoast-schema-graph\">{\"@context\":\"https:\\\/\\\/schema.org\",\"@graph\":[{\"@type\":\"WebPage\",\"@id\":\"https:\\\/\\\/www.tilda.com\\\/it-it\\\/chi-siamo\\\/\",\"url\":\"https:\\\/\\\/www.tilda.com\\\/it-it\\\/chi-siamo\\\/\",\"name\":\"Chi siamo | Tilda\",\"isPartOf\":{\"@id\":\"https:\\\/\\\/www.tilda.com\\\/it-it\\\/#website\"},\"datePublished\":\"2021-01-13T09:12:19+00:00\",\"dateModified\":\"2022-05-16T07:58:50+00:00\",\"breadcrumb\":{\"@id\":\"https:\\\/\\\/www.tilda.com\\\/it-it\\\/chi-siamo\\\/#breadcrumb\"},\"inLanguage\":\"it-IT\",\"potentialAction\":[{\"@type\":\"ReadAction\",\"target\":[\"https:\\\/\\\/www.tilda.com\\\/it-it\\\/chi-siamo\\\/\"]}]},{\"@type\":\"BreadcrumbList\",\"@id\":\"https:\\\/\\\/www.tilda.com\\\/it-it\\\/chi-siamo\\\/#breadcrumb\",\"itemListElement\":[{\"@type\":\"ListItem\",\"position\":1,\"name\":\"Pagina Iniziale\",\"item\":\"https:\\\/\\\/www.tilda.com\\\/it-it\\\/\"},{\"@type\":\"ListItem\",\"position\":2,\"name\":\"Chi siamo\"}]},{\"@type\":\"WebSite\",\"@id\":\"https:\\\/\\\/www.tilda.com\\\/it-it\\\/#website\",\"url\":\"https:\\\/\\\/www.tilda.com\\\/it-it\\\/\",\"name\":\"Tilda Rice Italia\",\"description\":\"\",\"potentialAction\":[{\"@type\":\"SearchAction\",\"target\":{\"@type\":\"EntryPoint\",\"urlTemplate\":\"https:\\\/\\\/www.tilda.com\\\/it-it\\\/?s={search_term_string}\"},\"query-input\":{\"@type\":\"PropertyValueSpecification\",\"valueRequired\":true,\"valueName\":\"search_term_string\"}}],\"inLanguage\":\"it-IT\"}]}<\/script>\n<!-- \/ Yoast SEO Premium plugin. -->","yoast_head_json":{"title":"Chi siamo | Tilda","robots":{"index":"index","follow":"follow","max-snippet":"max-snippet:-1","max-image-preview":"max-image-preview:large","max-video-preview":"max-video-preview:-1"},"canonical":"https:\/\/www.tilda.com\/it-it\/chi-siamo\/","og_locale":"it_IT","og_type":"article","og_title":"Chi siamo","og_url":"https:\/\/www.tilda.com\/it-it\/chi-siamo\/","og_site_name":"Tilda Rice Italia","article_modified_time":"2022-05-16T07:58:50+00:00","twitter_card":"summary_large_image","schema":{"@context":"https:\/\/schema.org","@graph":[{"@type":"WebPage","@id":"https:\/\/www.tilda.com\/it-it\/chi-siamo\/","url":"https:\/\/www.tilda.com\/it-it\/chi-siamo\/","name":"Chi siamo | Tilda","isPartOf":{"@id":"https:\/\/www.tilda.com\/it-it\/#website"},"datePublished":"2021-01-13T09:12:19+00:00","dateModified":"2022-05-16T07:58:50+00:00","breadcrumb":{"@id":"https:\/\/www.tilda.com\/it-it\/chi-siamo\/#breadcrumb"},"inLanguage":"it-IT","potentialAction":[{"@type":"ReadAction","target":["https:\/\/www.tilda.com\/it-it\/chi-siamo\/"]}]},{"@type":"BreadcrumbList","@id":"https:\/\/www.tilda.com\/it-it\/chi-siamo\/#breadcrumb","itemListElement":[{"@type":"ListItem","position":1,"name":"Pagina Iniziale","item":"https:\/\/www.tilda.com\/it-it\/"},{"@type":"ListItem","position":2,"name":"Chi siamo"}]},{"@type":"WebSite","@id":"https:\/\/www.tilda.com\/it-it\/#website","url":"https:\/\/www.tilda.com\/it-it\/","name":"Tilda Rice Italia","description":"","potentialAction":[{"@type":"SearchAction","target":{"@type":"EntryPoint","urlTemplate":"https:\/\/www.tilda.com\/it-it\/?s={search_term_string}"},"query-input":{"@type":"PropertyValueSpecification","valueRequired":true,"valueName":"search_term_string"}}],"inLanguage":"it-IT"}]}},"_links":{"self":[{"href":"http:\/\/www.tilda.com\/it-it\/wp-json\/wp\/v2\/pages\/21","targetHints":{"allow":["GET"]}}],"collection":[{"href":"http:\/\/www.tilda.com\/it-it\/wp-json\/wp\/v2\/pages"}],"about":[{"href":"http:\/\/www.tilda.com\/it-it\/wp-json\/wp\/v2\/types\/page"}],"author":[{"embeddable":true,"href":"http:\/\/www.tilda.com\/it-it\/wp-json\/wp\/v2\/users\/1"}],"replies":[{"embeddable":true,"href":"http:\/\/www.tilda.com\/it-it\/wp-json\/wp\/v2\/comments?post=21"}],"version-history":[{"count":0,"href":"http:\/\/www.tilda.com\/it-it\/wp-json\/wp\/v2\/pages\/21\/revisions"}],"wp:attachment":[{"href":"http:\/\/www.tilda.com\/it-it\/wp-json\/wp\/v2\/media?parent=21"}],"curies":[{"name":"wp","href":"https:\/\/api.w.org\/{rel}","templated":true}]}}