{"id":1254,"date":"2021-03-10T12:56:33","date_gmt":"2021-03-10T12:56:33","guid":{"rendered":"https:\/\/www.tilda.com\/?page_id=1254"},"modified":"2022-05-16T08:03:14","modified_gmt":"2022-05-16T08:03:14","slug":"la-nostra-storia","status":"publish","type":"page","link":"http:\/\/www.tilda.com\/it-it\/chi-siamo\/la-nostra-storia\/","title":{"rendered":"La nostra storia"},"content":{"rendered":"<section class=\"content-section content-section--top-mask\">\n    <div class=\"container\">\n        <div class=\"history\">\n                            <div class=\"history__row animated fadeInUp\">\n                    <div class=\"history__content\">\n                        <h2 class=\"fadeInUp__2 history__year title title__rice title__rice--right-3\"><span>1970<\/span><\/h2>\n                        <p class=\"fadeInUp__3 history__text\">\u00c8 l&#039;anno della fondazione di Tilda. Nel corso degli anni &#039;70, arrivano in Gran Bretagna comunit\u00e0 provenienti da tutto il mondo, desiderose di ritrovare i sapori autentici della loro terra. \u00c8 cos\u00ec che Tilda porta nel mondo occidentale il miglior riso Basmati aromatico. Siamo stati il primo brand a farlo e ne saremo sempre incredibilmente orgogliosi.<\/p>\n                    <\/div>\n                    <div class=\"history__image fadeInUp__1\">\n                        <img decoding=\"async\" alt=\"1970-new\"  src=\"http:\/\/www.tilda.com\/it-it\/wp-content\/uploads\/sites\/26\/2021\/03\/1970-new.jpg\" width=\"\" height=\"\" loading=\"lazy\"\/>                    <\/div>\n                <\/div>\n                            <div class=\"history__row animated fadeInUp\">\n                    <div class=\"history__content\">\n                        <h2 class=\"fadeInUp__2 history__year title title__rice title__rice--right-3 title__rice--left-3\"><span>1980\u2019s<\/span><\/h2>\n                        <p class=\"fadeInUp__3 history__text\">Il curry diventa uno dei piatti nazionali preferiti e le persone desiderano preparare a casa propria piatti indiani originari, dal biryani al dahl e al korma, fino al vindaloo. Tilda coglie il crescente apprezzamento per il curry e il riso di qualit\u00e0 e consolida la propria posizione come brand leader di riso Basmati.<\/p>\n                    <\/div>\n                    <div class=\"history__image fadeInUp__1\">\n                        <img decoding=\"async\" alt=\"perfect-curry\"  src=\"http:\/\/www.tilda.com\/it-it\/wp-content\/uploads\/sites\/26\/2021\/03\/perfect-curry.jpg\" width=\"\" height=\"\" loading=\"lazy\"\/>                    <\/div>\n                <\/div>\n                            <div class=\"history__row animated fadeInUp\">\n                    <div class=\"history__content\">\n                        <h2 class=\"fadeInUp__2 history__year title title__rice title__rice--right-3\"><span>1988<\/span><\/h2>\n                        <p class=\"fadeInUp__3 history__text\">Ci trasferiamo a Rainham, all&#039;estuario del Tamigi appena fuori Londra, e costruiamo uno stabilimento all&#039;avanguardia per la lavorazione e il confezionamento del riso. Questa rimane la sede di Tilda Ltd, da cui forniamo la nostra ampia gamma di riso e cereali deliziosi.<\/p>\n                    <\/div>\n                    <div class=\"history__image fadeInUp__1\">\n                        <img decoding=\"async\" alt=\"rainham-latest\"  src=\"http:\/\/www.tilda.com\/it-it\/wp-content\/uploads\/sites\/26\/2021\/03\/rainham-latest.jpg\" width=\"\" height=\"\" loading=\"lazy\"\/>                    <\/div>\n                <\/div>\n                            <div class=\"history__row animated fadeInUp\">\n                    <div class=\"history__content\">\n                        <h2 class=\"fadeInUp__2 history__year title title__rice title__rice--right-3 title__rice--left-3\"><span>1990\u2019s<\/span><\/h2>\n                        <p class=\"fadeInUp__3 history__text\">Negli anni &#039;90 Tilda inizia a commercializzare con successo i propri prodotti in Medio Oriente e America del Nord. Oggi siamo orgogliosi che il nostro riso troneggi sulla tavola dei consumatori di oltre cinquanta Paesi in tutto il mondo.<\/p>\n                    <\/div>\n                    <div class=\"history__image fadeInUp__1\">\n                        <img decoding=\"async\" alt=\"rice-world\"  src=\"http:\/\/www.tilda.com\/it-it\/wp-content\/uploads\/sites\/26\/2021\/03\/rice-world.jpg\" width=\"\" height=\"\" loading=\"lazy\"\/>                    <\/div>\n                <\/div>\n                            <div class=\"history__row animated fadeInUp\">\n                    <div class=\"history__content\">\n                        <h2 class=\"fadeInUp__2 history__year title title__rice title__rice--right-3\"><span>2000&#8217;s<\/span><\/h2>\n                        <p class=\"fadeInUp__3 history__text\">La confezione fa la differenza Grazie al nostro impegno volto a fornire ai clienti pi\u00f9 fedeli prodotti di qualit\u00e0, siamo stati il primo brand a offrire confezioni facili da trasportare e dotate di zip per preservare la freschezza del riso.<\/p>\n                    <\/div>\n                    <div class=\"history__image fadeInUp__1\">\n                        <img decoding=\"async\" alt=\"2000-pack\"  src=\"http:\/\/www.tilda.com\/it-it\/wp-content\/uploads\/sites\/26\/2021\/03\/2000-pack.jpg\" width=\"\" height=\"\" loading=\"lazy\"\/>                    <\/div>\n                <\/div>\n                            <div class=\"history__row animated fadeInUp\">\n                    <div class=\"history__content\">\n                        <h2 class=\"fadeInUp__2 history__year title title__rice title__rice--right-3 title__rice--left-3\"><span>2004<\/span><\/h2>\n                        <p class=\"fadeInUp__3 history__text\">Cosa c&#039;\u00e8 di meglio di un buon piatto di riso Tilda? Gustoso riso Tilda ispirato a cucine di tutto il mondo e pronto in due minuti. Nel 2010 abbiamo aperto uno stabilimento a Rainham dedicato alla produzione delle nostre apprezzatissime gamme Steamed Rice, Super Grains e Kids.<\/p>\n                    <\/div>\n                    <div class=\"history__image fadeInUp__1\">\n                        <img decoding=\"async\" alt=\"range-2-new\"  src=\"http:\/\/www.tilda.com\/it-it\/wp-content\/uploads\/sites\/26\/2021\/03\/range-2-new.jpg\" width=\"\" height=\"\" loading=\"lazy\"\/>                    <\/div>\n                <\/div>\n                            <div class=\"history__row animated fadeInUp\">\n                    <div class=\"history__content\">\n                        <h2 class=\"fadeInUp__2 history__year title title__rice title__rice--right-3\"><span>2012<\/span><\/h2>\n                        <p class=\"fadeInUp__3 history__text\">Abbiamo avviato la collaborazione con il Programma alimentare mondiale delle Nazioni Unite: per ogni confezione di Tilda Pure Basmati Rice specificamente contrassegnata che viene venduta, finanziamo almeno un pasto nutritivo destinato a future mamme e neomamme. La lunga collaborazione di Tilda con il Programma alimentare mondiale ha portato finora a distribuire 5,8 MILIONI di pasti nutrienti per madri bisognose.<\/p>\n                    <\/div>\n                    <div class=\"history__image fadeInUp__1\">\n                        <img decoding=\"async\" alt=\"hmt\"  src=\"http:\/\/www.tilda.com\/it-it\/wp-content\/uploads\/sites\/26\/2021\/03\/hmt.jpg\" width=\"\" height=\"\" loading=\"lazy\"\/>                    <\/div>\n                <\/div>\n                            <div class=\"history__row animated fadeInUp\">\n                    <div class=\"history__content\">\n                        <h2 class=\"fadeInUp__2 history__year title title__rice title__rice--right-3 title__rice--left-3\"><span>2014<\/span><\/h2>\n                        <p class=\"fadeInUp__3 history__text\">Nel 2014 Tilda viene acquisita da Hain Celestial, un&#039;azienda leader di prodotti naturali e biologici.<\/p>\n                    <\/div>\n                    <div class=\"history__image fadeInUp__1\">\n                        <img decoding=\"async\" alt=\"hain\"  src=\"http:\/\/www.tilda.com\/it-it\/wp-content\/uploads\/sites\/26\/2021\/03\/hain.jpg\" width=\"\" height=\"\" loading=\"lazy\"\/>                    <\/div>\n                <\/div>\n                            <div class=\"history__row animated fadeInUp\">\n                    <div class=\"history__content\">\n                        <h2 class=\"fadeInUp__2 history__year title title__rice title__rice--right-3\"><span>2018<\/span><\/h2>\n                        <p class=\"fadeInUp__3 history__text\">Lanciamo la nostra nuova ed entusiasmante campagna Il consiglio dello chef, per celebrare un mondo ricco di gusto e le diverse culture alimentari. Continuiamo a ispirare i consumatori, affinch\u00e9 provino nuovi sapori e scoprano a ogni boccone qualcosa di nuovo di altre culture.<\/p>\n                    <\/div>\n                    <div class=\"history__image fadeInUp__1\">\n                        <img decoding=\"async\" alt=\"tildalicious\"  src=\"http:\/\/www.tilda.com\/it-it\/wp-content\/uploads\/sites\/26\/2021\/03\/tildalicious.jpg\" width=\"\" height=\"\" loading=\"lazy\"\/>                    <\/div>\n                <\/div>\n                            <div class=\"history__row animated fadeInUp\">\n                    <div class=\"history__content\">\n                        <h2 class=\"fadeInUp__2 history__year title title__rice title__rice--right-3 title__rice--left-3\"><span>2019<\/span><\/h2>\n                        <p class=\"fadeInUp__3 history__text\">Nel 2019 Tilda viene acquisita da EBRO Foods, leader mondiale nella produzione di riso.<\/p>\n                    <\/div>\n                    <div class=\"history__image fadeInUp__1\">\n                        <img decoding=\"async\" alt=\"ebro-ovngbidavo69x6lvwhnbdbpgv4whx5n9cloh0k1e0c\"  src=\"http:\/\/www.tilda.com\/it-it\/wp-content\/uploads\/sites\/26\/2021\/03\/ebro-ovngbidavo69x6lvwhnbdbpgv4whx5n9cloh0k1e0c.jpg\" width=\"\" height=\"\" loading=\"lazy\"\/>                    <\/div>\n                <\/div>\n                            <div class=\"history__row animated fadeInUp\">\n                    <div class=\"history__content\">\n                        <h2 class=\"fadeInUp__2 history__year title title__rice title__rice--right-3\"><span>2020<\/span><\/h2>\n                        <p class=\"fadeInUp__3 history__text\">50 straordinari anni di creativit\u00e0, condivisione e impegno per offrirti solo il riso pi\u00f9 pregiato. Da varie generazioni invogliamo i consumatori a preparare le pi\u00f9 straordinarie e deliziose creazioni a base di riso, che portano in tavola gioia ed entusiasmo. Il nostro percorso e impegno sono appena all&#039;inizio. Continueremo a ravvivare e ispirare i tuoi piatti alla scoperta di un mondo ricco di sapori.<\/p>\n                    <\/div>\n                    <div class=\"history__image fadeInUp__1\">\n                        <img decoding=\"async\" alt=\"50years\"  src=\"http:\/\/www.tilda.com\/it-it\/wp-content\/uploads\/sites\/26\/2021\/03\/50years.jpg\" width=\"\" height=\"\" loading=\"lazy\"\/>                    <\/div>\n                <\/div>\n                        <div class=\"history__divider\"><\/div>\n        <\/div>\n    <\/div>\n<\/section>","protected":false},"excerpt":{"rendered":"","protected":false},"author":1,"featured_media":0,"parent":21,"menu_order":0,"comment_status":"closed","ping_status":"closed","template":"","meta":{"_acf_changed":false,"editor_notices":[],"footnotes":""},"class_list":["post-1254","page","type-page","status-publish","hentry"],"acf":[],"yoast_head":"<!-- This site is optimized with the Yoast SEO Premium plugin v27.1 (Yoast SEO v27.1.1) - https:\/\/yoast.com\/product\/yoast-seo-premium-wordpress\/ -->\n<title>Cinquant&#039;anni di Tilda | La nostra storia | Tilda<\/title>\n<meta name=\"robots\" content=\"index, follow, max-snippet:-1, max-image-preview:large, max-video-preview:-1\" \/>\n<link rel=\"canonical\" href=\"https:\/\/www.tilda.com\/it-it\/chi-siamo\/la-nostra-storia\/\" \/>\n<meta property=\"og:locale\" content=\"it_IT\" \/>\n<meta property=\"og:type\" content=\"article\" \/>\n<meta property=\"og:title\" content=\"La nostra storia\" \/>\n<meta property=\"og:url\" content=\"https:\/\/www.tilda.com\/it-it\/chi-siamo\/la-nostra-storia\/\" \/>\n<meta property=\"og:site_name\" content=\"Tilda Rice Italia\" \/>\n<meta property=\"article:modified_time\" content=\"2022-05-16T08:03:14+00:00\" \/>\n<meta name=\"twitter:card\" content=\"summary_large_image\" \/>\n<script type=\"application\/ld+json\" class=\"yoast-schema-graph\">{\"@context\":\"https:\/\/schema.org\",\"@graph\":[{\"@type\":\"WebPage\",\"@id\":\"https:\/\/www.tilda.com\/it-it\/chi-siamo\/la-nostra-storia\/\",\"url\":\"https:\/\/www.tilda.com\/it-it\/chi-siamo\/la-nostra-storia\/\",\"name\":\"Cinquant'anni di Tilda | La nostra storia | Tilda\",\"isPartOf\":{\"@id\":\"http:\/\/www.tilda.com\/it-it\/#website\"},\"datePublished\":\"2021-03-10T12:56:33+00:00\",\"dateModified\":\"2022-05-16T08:03:14+00:00\",\"breadcrumb\":{\"@id\":\"https:\/\/www.tilda.com\/it-it\/chi-siamo\/la-nostra-storia\/#breadcrumb\"},\"inLanguage\":\"it-IT\",\"potentialAction\":[{\"@type\":\"ReadAction\",\"target\":[\"https:\/\/www.tilda.com\/it-it\/chi-siamo\/la-nostra-storia\/\"]}]},{\"@type\":\"BreadcrumbList\",\"@id\":\"https:\/\/www.tilda.com\/it-it\/chi-siamo\/la-nostra-storia\/#breadcrumb\",\"itemListElement\":[{\"@type\":\"ListItem\",\"position\":1,\"name\":\"Pagina Iniziale\",\"item\":\"http:\/\/www.tilda.com\/it-it\/\"},{\"@type\":\"ListItem\",\"position\":2,\"name\":\"Chi siamo\",\"item\":\"https:\/\/www.tilda.com\/it-it\/chi-siamo\/\"},{\"@type\":\"ListItem\",\"position\":3,\"name\":\"La nostra storia\"}]},{\"@type\":\"WebSite\",\"@id\":\"http:\/\/www.tilda.com\/it-it\/#website\",\"url\":\"http:\/\/www.tilda.com\/it-it\/\",\"name\":\"Tilda Rice Italia\",\"description\":\"\",\"potentialAction\":[{\"@type\":\"SearchAction\",\"target\":{\"@type\":\"EntryPoint\",\"urlTemplate\":\"http:\/\/www.tilda.com\/it-it\/?s={search_term_string}\"},\"query-input\":{\"@type\":\"PropertyValueSpecification\",\"valueRequired\":true,\"valueName\":\"search_term_string\"}}],\"inLanguage\":\"it-IT\"}]}<\/script>\n<!-- \/ Yoast SEO Premium plugin. -->","yoast_head_json":{"title":"Cinquant'anni di Tilda | La nostra storia | Tilda","robots":{"index":"index","follow":"follow","max-snippet":"max-snippet:-1","max-image-preview":"max-image-preview:large","max-video-preview":"max-video-preview:-1"},"canonical":"https:\/\/www.tilda.com\/it-it\/chi-siamo\/la-nostra-storia\/","og_locale":"it_IT","og_type":"article","og_title":"La nostra storia","og_url":"https:\/\/www.tilda.com\/it-it\/chi-siamo\/la-nostra-storia\/","og_site_name":"Tilda Rice Italia","article_modified_time":"2022-05-16T08:03:14+00:00","twitter_card":"summary_large_image","schema":{"@context":"https:\/\/schema.org","@graph":[{"@type":"WebPage","@id":"https:\/\/www.tilda.com\/it-it\/chi-siamo\/la-nostra-storia\/","url":"https:\/\/www.tilda.com\/it-it\/chi-siamo\/la-nostra-storia\/","name":"Cinquant'anni di Tilda | La nostra storia | Tilda","isPartOf":{"@id":"http:\/\/www.tilda.com\/it-it\/#website"},"datePublished":"2021-03-10T12:56:33+00:00","dateModified":"2022-05-16T08:03:14+00:00","breadcrumb":{"@id":"https:\/\/www.tilda.com\/it-it\/chi-siamo\/la-nostra-storia\/#breadcrumb"},"inLanguage":"it-IT","potentialAction":[{"@type":"ReadAction","target":["https:\/\/www.tilda.com\/it-it\/chi-siamo\/la-nostra-storia\/"]}]},{"@type":"BreadcrumbList","@id":"https:\/\/www.tilda.com\/it-it\/chi-siamo\/la-nostra-storia\/#breadcrumb","itemListElement":[{"@type":"ListItem","position":1,"name":"Pagina Iniziale","item":"http:\/\/www.tilda.com\/it-it\/"},{"@type":"ListItem","position":2,"name":"Chi siamo","item":"https:\/\/www.tilda.com\/it-it\/chi-siamo\/"},{"@type":"ListItem","position":3,"name":"La nostra storia"}]},{"@type":"WebSite","@id":"http:\/\/www.tilda.com\/it-it\/#website","url":"http:\/\/www.tilda.com\/it-it\/","name":"Tilda Rice Italia","description":"","potentialAction":[{"@type":"SearchAction","target":{"@type":"EntryPoint","urlTemplate":"http:\/\/www.tilda.com\/it-it\/?s={search_term_string}"},"query-input":{"@type":"PropertyValueSpecification","valueRequired":true,"valueName":"search_term_string"}}],"inLanguage":"it-IT"}]}},"_links":{"self":[{"href":"http:\/\/www.tilda.com\/it-it\/wp-json\/wp\/v2\/pages\/1254","targetHints":{"allow":["GET"]}}],"collection":[{"href":"http:\/\/www.tilda.com\/it-it\/wp-json\/wp\/v2\/pages"}],"about":[{"href":"http:\/\/www.tilda.com\/it-it\/wp-json\/wp\/v2\/types\/page"}],"author":[{"embeddable":true,"href":"http:\/\/www.tilda.com\/it-it\/wp-json\/wp\/v2\/users\/1"}],"replies":[{"embeddable":true,"href":"http:\/\/www.tilda.com\/it-it\/wp-json\/wp\/v2\/comments?post=1254"}],"version-history":[{"count":0,"href":"http:\/\/www.tilda.com\/it-it\/wp-json\/wp\/v2\/pages\/1254\/revisions"}],"up":[{"embeddable":true,"href":"http:\/\/www.tilda.com\/it-it\/wp-json\/wp\/v2\/pages\/21"}],"wp:attachment":[{"href":"http:\/\/www.tilda.com\/it-it\/wp-json\/wp\/v2\/media?parent=1254"}],"curies":[{"name":"wp","href":"https:\/\/api.w.org\/{rel}","templated":true}]}}